{"id":35442,"date":"2026-01-23T14:13:16","date_gmt":"2026-01-23T14:13:16","guid":{"rendered":"https:\/\/www.sistar.it\/?post_type=product&#038;p=35442"},"modified":"2026-01-26T10:17:39","modified_gmt":"2026-01-26T10:17:39","slug":"ceramast-abrasivo-ceramico-copy","status":"publish","type":"product","link":"https:\/\/www.sistar.it\/es\/prodotti\/ceramast-abrasivo-ceramico-copy\/","title":{"rendered":"CERAMAST &#8211; Abrasivo cer\u00e1mico (Copy)"},"content":{"rendered":"<p>Ceramast se fabrica con granos abrasivos cer\u00e1micos, lo que garantiza un rendimiento de corte siempre superior y una vida \u00fatil significativamente m\u00e1s larga que la media de los abrasivos convencionales. La amplia gama de granos disponibles permite al usuario seleccionar el disco ideal para cada fase del trabajo, desde el lijado pesado hasta el acabado preciso de zonas de enmascarado, garantizando resultados de alta calidad y m\u00e1xima eficacia. Ceramast puede utilizarse en muchos sectores, como automoci\u00f3n, n\u00e1utica, industria, etc., y es adecuado para el lijado en seco o en h\u00famedo.<\/p>\n<p><strong>Caracter\u00edsticas:<\/strong><\/p>\n<p>&#8211; Soporte: Film de poli\u00e9ster<\/p>\n<p>&#8211; Tipo de abrasivo: Aluminio cer\u00e1mico<\/p>\n<p>&#8211; Revestimiento: Abierto<\/p>\n<p>&#8211; Adherencia: Resina sobre resina<\/p>\n<p>&nbsp;<\/p>\n<p style=\"text-align: center;\"><span style=\"font-size: 14pt;\"><strong>CERAMAST &#8211; Abrasivo cer\u00e1mico violeta sobre pel\u00edcula de poli\u00e9ster en discos \u00d8 150 mm 15 agujeros GRIP\u00a0<\/strong><\/span><\/p>\n<div id=\"footable_parent_33973\"\n         class=\" footable_parent ninja_table_wrapper loading_ninja_table wp_table_data_press_parent bootstrap4 \">\n                <table data-ninja_table_instance=\"ninja_table_instance_0\" data-footable_id=\"33973\" data-filter-delay=\"1000\" aria-label=\"CERAMAST - Abrasivo ceramico( INGLESE )\"            id=\"footable_33973\"\n           data-unique_identifier=\"ninja_table_unique_id_748849541_33973\"\n           class=\" foo-table ninja_footable foo_table_33973 ninja_table_unique_id_748849541_33973 table  nt_type_ajax_table table-bordered table-hover table-sm vertical_centered  footable-paging-right ninja_table_search_disabled\">\n                <colgroup>\n                            <col class=\"ninja_column_0 \">\n                            <col class=\"ninja_column_1 \">\n                            <col class=\"ninja_column_2 \">\n                    <\/colgroup>\n            <\/table>\n                    <style type=\"text\/css\" id='ninja_table_custom_css_33973'>\n                        #footable_33973  {\n        font-family: sans-serif;\n        font-size: 14px;\n    }\n\n#footable_33973 td.ninja_column_0 { text-align: center; }#footable_33973 th.ninja_column_0 { text-align: center; }#footable_33973 td.ninja_column_1 { text-align: center; }#footable_33973 th.ninja_column_1 { text-align: center; }#footable_33973 td.ninja_column_2 { text-align: center; }#footable_33973 th.ninja_column_2 { text-align: center; }                <\/style>\n                \n    \n    \n<\/div>\n\n<p>&nbsp;<\/p>\n<p>&nbsp;<\/p>\n<div class=\"hidden\">172.0171<\/div>\n","protected":false},"excerpt":{"rendered":"<p>DISCOS ABRASIVOS CER\u00c1MICOS \u00d8 150 mm 15 agujeros GRIP<\/p>\n<p><img loading=\"lazy\" class=\"alignnone wp-image-33832\" src=\"https:\/\/www.sistar.it\/wp-content\/uploads\/2025\/01\/Logo-Ceramast.png\" alt=\"\" width=\"184\" height=\"67\" \/><\/p>\n","protected":false},"featured_media":34036,"template":"","meta":[],"product_cat":[452,288],"product_tag":[],"acf":[],"_links":{"self":[{"href":"https:\/\/www.sistar.it\/es\/wp-json\/wp\/v2\/product\/35442"}],"collection":[{"href":"https:\/\/www.sistar.it\/es\/wp-json\/wp\/v2\/product"}],"about":[{"href":"https:\/\/www.sistar.it\/es\/wp-json\/wp\/v2\/types\/product"}],"wp:featuredmedia":[{"embeddable":true,"href":"https:\/\/www.sistar.it\/es\/wp-json\/wp\/v2\/media\/34036"}],"wp:attachment":[{"href":"https:\/\/www.sistar.it\/es\/wp-json\/wp\/v2\/media?parent=35442"}],"wp:term":[{"taxonomy":"product_cat","embeddable":true,"href":"https:\/\/www.sistar.it\/es\/wp-json\/wp\/v2\/product_cat?post=35442"},{"taxonomy":"product_tag","embeddable":true,"href":"https:\/\/www.sistar.it\/es\/wp-json\/wp\/v2\/product_tag?post=35442"}],"curies":[{"name":"wp","href":"https:\/\/api.w.org\/{rel}","templated":true}]}}