{"id":35384,"date":"2025-11-24T16:19:05","date_gmt":"2025-11-24T16:19:05","guid":{"rendered":"https:\/\/www.sistar.it\/?post_type=product&#038;p=35384"},"modified":"2026-02-17T11:31:35","modified_gmt":"2026-02-17T11:31:35","slug":"pulidora-rotativa-2","status":"publish","type":"product","link":"https:\/\/www.sistar.it\/es\/prodotti\/pulidora-rotativa-2\/","title":{"rendered":"Pulidora rotativa 2.0"},"content":{"rendered":"<p>Pulidora rotativa dise\u00f1ada para garantizar un alto rendimiento, fiabilidad y comodidad de uso. Su dise\u00f1o ergon\u00f3mico y su peso reducido permiten un uso prolongado, reduciendo la fatiga del operario.<\/p>\n<p>Equipada con un motor sin escobillas de 1200 W, garantiza un funcionamiento fluido y silencioso, eliminando la necesidad de sustituir las escobillas de carb\u00f3n. Esta tecnolog\u00eda reduce el mantenimiento y aumenta la vida \u00fatil de la m\u00e1quina.<\/p>\n<p>Su estructura compacta y su mango ancho y texturizado garantizan estabilidad y control durante el uso. El sistema de arranque gradual (soft start) y el mantenimiento electr\u00f3nico de la velocidad constante permiten obtener resultados uniformes y profesionales.<\/p>\n<p>El ajuste de la velocidad se realiza mediante un mando f\u00e1cilmente accesible con retroalimentaci\u00f3n t\u00e1ctil. El bloqueo del gatillo est\u00e1 dise\u00f1ado para reducir la fatiga de los dedos en trabajos prolongados.<br \/>\nEl cable de alimentaci\u00f3n de 6 metros, equipado con un conector giratorio de 360\u00b0, ofrece una gran libertad de movimiento y una mayor resistencia al desgaste.<\/p>\n<p>Las tomas de aire laterales ampliadas optimizan la refrigeraci\u00f3n del motor, lo que contribuye a prolongar la vida \u00fatil de la m\u00e1quina.<\/p>\n<p>Incluido en el embalaje: 2 platos de 125 mm y 150 mm, manual de uso y accesorios.<\/p>\n<p><span style=\"font-size: 14pt;\"><strong>Caracter\u00edsticas:<\/strong><\/span><\/p>\n<ul>\n<li>Caracter\u00edsticas:<\/li>\n<li>RPM: 700-3200 rpm<\/li>\n<li>Di\u00e1metro: 125 \/ 150 mm<\/li>\n<li>Paso: M14<\/li>\n<li>Voltaje: 220 \u2013 240 V \/ 50 Hz<\/li>\n<li>Potencia: 1200 W<\/li>\n<li>Longitud del cable: 6,0 m (sin Schuko)<\/li>\n<li>Dimensiones: 490 mm<\/li>\n<li>Peso: 2 kg<\/li>\n<\/ul>\n<div id=\"footable_parent_24890\"\n         class=\" footable_parent ninja_table_wrapper loading_ninja_table wp_table_data_press_parent bootstrap4 colored_table\">\n                <table data-ninja_table_instance=\"ninja_table_instance_0\" data-footable_id=\"24890\" data-filter-delay=\"1000\" aria-label=\"LUCIDATRICE ROTATIVA POLISHER Riwax( INGLESE )\"            id=\"footable_24890\"\n           data-unique_identifier=\"ninja_table_unique_id_1724222058_24890\"\n           class=\" foo-table ninja_footable foo_table_24890 ninja_table_unique_id_1724222058_24890 table  white nt_type_ajax_table table-hover vertical_centered inverted footable-paging-right ninja_table_search_disabled\">\n                <colgroup>\n                            <col class=\"ninja_column_0 \">\n                            <col class=\"ninja_column_1 \">\n                    <\/colgroup>\n            <\/table>\n                    <style type=\"text\/css\" id='ninja_table_custom_css_24890'>\n                        #footable_24890  {\n        font-family: sans-serif;\n        font-size: 14px;\n    }\n\n#footable_24890 td.ninja_column_0 { text-align: center; }#footable_24890 th.ninja_column_0 { text-align: center; }#footable_24890 td.ninja_column_1 { text-align: center; }#footable_24890 th.ninja_column_1 { text-align: center; }                <\/style>\n                \n    \n    \n<\/div>\n\n<div class=\"hidden\">785.5715-2.0<\/div>\n","protected":false},"excerpt":{"rendered":"<p><img loading=\"lazy\" class=\"alignnone size-full wp-image-26200\" src=\"https:\/\/www.sistar.it\/wp-content\/uploads\/2024\/04\/logo-riwax-180pxl.jpg\" alt=\"\" width=\"180\" height=\"64\" \/><\/p>\n","protected":false},"featured_media":35389,"template":"","meta":[],"product_cat":[313,353,328,327],"product_tag":[336],"acf":[],"_links":{"self":[{"href":"https:\/\/www.sistar.it\/es\/wp-json\/wp\/v2\/product\/35384"}],"collection":[{"href":"https:\/\/www.sistar.it\/es\/wp-json\/wp\/v2\/product"}],"about":[{"href":"https:\/\/www.sistar.it\/es\/wp-json\/wp\/v2\/types\/product"}],"wp:featuredmedia":[{"embeddable":true,"href":"https:\/\/www.sistar.it\/es\/wp-json\/wp\/v2\/media\/35389"}],"wp:attachment":[{"href":"https:\/\/www.sistar.it\/es\/wp-json\/wp\/v2\/media?parent=35384"}],"wp:term":[{"taxonomy":"product_cat","embeddable":true,"href":"https:\/\/www.sistar.it\/es\/wp-json\/wp\/v2\/product_cat?post=35384"},{"taxonomy":"product_tag","embeddable":true,"href":"https:\/\/www.sistar.it\/es\/wp-json\/wp\/v2\/product_tag?post=35384"}],"curies":[{"name":"wp","href":"https:\/\/api.w.org\/{rel}","templated":true}]}}