{"id":35380,"date":"2025-11-21T08:08:29","date_gmt":"2025-11-21T08:08:29","guid":{"rendered":"https:\/\/www.sistar.it\/prodotti\/mini-polisher-cordless\/"},"modified":"2026-01-23T13:34:56","modified_gmt":"2026-01-23T13:34:56","slug":"mini-pulidora-inalambrica","status":"publish","type":"product","link":"https:\/\/www.sistar.it\/es\/prodotti\/mini-pulidora-inalambrica\/","title":{"rendered":"MINI PULIDORA INAL\u00c1MBRICA"},"content":{"rendered":"<p><strong>Mini pulidora inal\u00e1mbrica Riwax<\/strong> de alto rendimiento, dise\u00f1ada para garantizar un acabado profesional en las superficies de la carrocer\u00eda. Ligera y compacta, garantiza una gran precisi\u00f3n incluso en las zonas m\u00e1s dif\u00edciles de alcanzar.<\/p>\n<p>Equipada con un potente motor sin escobillas y cojinetes de precisi\u00f3n, garantiza un funcionamiento fluido y estable, mejorando la eficiencia y la durabilidad general de la herramienta. Gracias a los accesorios que la componen, es posible pasar del modo rotativo a los insertos rotorbitales de 8 mm y 12 mm en muy poco tiempo, lo que la hace extremadamente vers\u00e1til para las fases de corte, pulido y acabado.<\/p>\n<p><strong>La pulidora es compatible con almohadillas de 30 y 50 mm en modo rotativo y de 30, 50 y 75 mm con los insertos rotorbitales<\/strong>. La velocidad es regulable electr\u00f3nicamente en 4 niveles, f\u00e1cilmente controlables a trav\u00e9s de la pantalla LCD, lo que permite un control total en funci\u00f3n del tipo de intervenci\u00f3n.<\/p>\n<p>La Mini Polisher Cordless es un aliado indispensable para los profesionales y aficionados al detallado que buscan un alto rendimiento en un formato compacto y multifuncional.<\/p>\n<p><strong>Datos t\u00e9cnicos:<\/strong><\/p>\n<ul>\n<li>Motor: sin escobillas.<\/li>\n<li>Voltaje: 10,8\/12 V.<\/li>\n<li>Bater\u00eda: 2 bater\u00edas de iones de litio de 2,5 Ah 12 V incluidas<\/li>\n<li>Velocidad RPM: 2000-5800 RPM<\/li>\n<li>Regulaci\u00f3n de velocidad: variable (4 niveles), con incrementos progresivos gestionables a trav\u00e9s de la pantalla LCD<\/li>\n<li>Duraci\u00f3n de la bater\u00eda (carga completa): 30 minutos<\/li>\n<li>Tiempo de recarga: 45 minutos<\/li>\n<li>Dimensiones: 280 x 56 x 92 mm<\/li>\n<li>Peso: 1 kg<\/li>\n<li>Compatibilidad con platos: 30, 50, 75 mm (dependiendo del inserto utilizado) incluidos<\/li>\n<\/ul>\n<p>&nbsp;<\/p>\n<div id=\"footable_parent_35287\"\n         class=\" footable_parent ninja_table_wrapper loading_ninja_table wp_table_data_press_parent bootstrap4 colored_table\">\n                <table data-ninja_table_instance=\"ninja_table_instance_0\" data-footable_id=\"35287\" data-filter-delay=\"1000\" aria-label=\"MINI POLISHER CORDLESS RIWAX( INGLESE )\"            id=\"footable_35287\"\n           data-unique_identifier=\"ninja_table_unique_id_563871517_35287\"\n           class=\" foo-table ninja_footable foo_table_35287 ninja_table_unique_id_563871517_35287 table  white nt_type_ajax_table table-hover vertical_centered inverted footable-paging-right ninja_table_search_disabled\">\n                <colgroup>\n                            <col class=\"ninja_column_0 \">\n                            <col class=\"ninja_column_1 \">\n                            <col class=\"ninja_column_2 \">\n                            <col class=\"ninja_column_3 \">\n                    <\/colgroup>\n            <\/table>\n                    <style type=\"text\/css\" id='ninja_table_custom_css_35287'>\n                        #footable_35287  {\n        font-family: sans-serif;\n        font-size: 14px;\n    }\n\n#footable_35287 td.ninja_column_0 { text-align: center; }#footable_35287 th.ninja_column_0 { text-align: center; }#footable_35287 td.ninja_column_1 { text-align: center; }#footable_35287 th.ninja_column_1 { text-align: center; }#footable_35287 td.ninja_column_2 { text-align: center; }#footable_35287 th.ninja_column_2 { text-align: center; }#footable_35287 td.ninja_column_3 { text-align: center; }#footable_35287 th.ninja_column_3 { text-align: center; }                <\/style>\n                \n    \n    \n<\/div>\n\n<p>&nbsp;<\/p>\n<div class=\"hidden\">785.5730<\/div>\n","protected":false},"excerpt":{"rendered":"<p><img loading=\"lazy\" class=\"alignnone wp-image-29852\" src=\"https:\/\/www.sistar.it\/wp-content\/uploads\/2024\/06\/Riwax-Logo.jpg\" alt=\"\" width=\"187\" height=\"62\" \/><\/p>\n","protected":false},"featured_media":35371,"template":"","meta":[],"product_cat":[452,328,327],"product_tag":[],"acf":[],"_links":{"self":[{"href":"https:\/\/www.sistar.it\/es\/wp-json\/wp\/v2\/product\/35380"}],"collection":[{"href":"https:\/\/www.sistar.it\/es\/wp-json\/wp\/v2\/product"}],"about":[{"href":"https:\/\/www.sistar.it\/es\/wp-json\/wp\/v2\/types\/product"}],"wp:featuredmedia":[{"embeddable":true,"href":"https:\/\/www.sistar.it\/es\/wp-json\/wp\/v2\/media\/35371"}],"wp:attachment":[{"href":"https:\/\/www.sistar.it\/es\/wp-json\/wp\/v2\/media?parent=35380"}],"wp:term":[{"taxonomy":"product_cat","embeddable":true,"href":"https:\/\/www.sistar.it\/es\/wp-json\/wp\/v2\/product_cat?post=35380"},{"taxonomy":"product_tag","embeddable":true,"href":"https:\/\/www.sistar.it\/es\/wp-json\/wp\/v2\/product_tag?post=35380"}],"curies":[{"name":"wp","href":"https:\/\/api.w.org\/{rel}","templated":true}]}}