{"id":35340,"date":"2025-10-30T08:45:27","date_gmt":"2025-10-30T08:45:27","guid":{"rendered":"https:\/\/www.sistar.it\/prodotti\/mini-levigatrice-cordless-angolare\/"},"modified":"2025-11-05T14:43:07","modified_gmt":"2025-11-05T14:43:07","slug":"mini-lijadora-inalambrica-angular","status":"publish","type":"product","link":"https:\/\/www.sistar.it\/es\/prodotti\/mini-lijadora-inalambrica-angular\/","title":{"rendered":"MINI LIJADORA INAL\u00c1MBRICA \u00c1NGULAR"},"content":{"rendered":"<p>La mini lijadora angular inal\u00e1mbrica es la soluci\u00f3n ideal para corregir defectos de pintura, ya que garantiza un aumento de la productividad y un acabado de calidad profesional.<br \/>\nSu dise\u00f1o ergon\u00f3mico, junto con su reducido peso y la ausencia total de cables, garantiza la m\u00e1xima maniobrabilidad incluso en los espacios m\u00e1s dif\u00edciles de alcanzar.<br \/>\nGracias al control electr\u00f3nico de la velocidad, los botones \u00ab+\u00bb y \u00ab\u2013\u00bb situados en el cuerpo de la m\u00e1quina permiten ajustar con precisi\u00f3n la velocidad deseada, ofreciendo un control total en cada fase del trabajo. Se suministra con malet\u00edn, dos bater\u00edas y accesorios, para un uso inmediato y pr\u00e1ctico.<\/p>\n<p><strong>Datos t\u00e9cnicos:<\/strong><\/p>\n<ul>\n<li>Motor: sin escobillas, de larga duraci\u00f3n y bajo nivel de ruido.<\/li>\n<li>Panel de control: integrado en el cuerpo de la m\u00e1quina con regulaci\u00f3n de velocidad e indicador del estado de la bater\u00eda.<\/li>\n<li>Disco abrasivo m\u00e1x. (\u00d8): 35 mm.<\/li>\n<li>Plato (\u00d8): 30 mm (fijaci\u00f3n con cola).<\/li>\n<li>Tensi\u00f3n nominal: 12 V \/ 2,5 Ah.<\/li>\n<li>Clase de protecci\u00f3n: II.<\/li>\n<li>Peso: 0,5 kg.<\/li>\n<li>C\u00f3digo de recambio del plato: 171.0317.<\/li>\n<li>Oscilaci\u00f3n orbital (\u00d8): 3 mm.<\/li>\n<li>Revoluciones por minuto (RPM): 4000-8000.<\/li>\n<\/ul>\n<p>&nbsp;<\/p>\n<div id=\"footable_parent_35286\"\n         class=\" footable_parent ninja_table_wrapper loading_ninja_table wp_table_data_press_parent bootstrap4 colored_table\">\n                <table data-ninja_table_instance=\"ninja_table_instance_0\" data-footable_id=\"35286\" data-filter-delay=\"1000\" aria-label=\"MINI LEVIGATRICE CORDLESS ANGOLARE( INGLESE )\"            id=\"footable_35286\"\n           data-unique_identifier=\"ninja_table_unique_id_228128793_35286\"\n           class=\" foo-table ninja_footable foo_table_35286 ninja_table_unique_id_228128793_35286 table  white nt_type_ajax_table table-hover vertical_centered inverted footable-paging-right ninja_table_search_disabled\">\n                <colgroup>\n                            <col class=\"ninja_column_0 \">\n                            <col class=\"ninja_column_1 \">\n                            <col class=\"ninja_column_2 \">\n                            <col class=\"ninja_column_3 \">\n                    <\/colgroup>\n            <\/table>\n                    <style type=\"text\/css\" id='ninja_table_custom_css_35286'>\n                        #footable_35286  {\n        font-family: sans-serif;\n        font-size: 14px;\n    }\n\n#footable_35286 td.ninja_column_0 { text-align: center; }#footable_35286 th.ninja_column_0 { text-align: center; }#footable_35286 td.ninja_column_1 { text-align: center; }#footable_35286 th.ninja_column_1 { text-align: center; }#footable_35286 td.ninja_column_2 { text-align: center; }#footable_35286 th.ninja_column_2 { text-align: center; }#footable_35286 td.ninja_column_3 { text-align: center; }#footable_35286 th.ninja_column_3 { text-align: center; }                <\/style>\n                \n    \n    \n<\/div>\n\n<p>&nbsp;<\/p>\n<div class=\"hidden\">471.0300<\/div>\n","protected":false},"excerpt":{"rendered":"<p>La mini lijadora angular inal\u00e1mbrica es la soluci\u00f3n ideal para corregir defectos de pintura, ya que garantiza un aumento de la productividad y un acabado de calidad profesional. Su dise\u00f1o ergon\u00f3mico, junto con su reducido peso y la ausencia total de cables, garantiza la m\u00e1xima maniobrabilidad incluso en los espacios m\u00e1s dif\u00edciles de alcanzar. Gracias&#8230;<\/p>\n","protected":false},"featured_media":35279,"template":"","meta":[],"product_cat":[452,313,348],"product_tag":[],"acf":[],"_links":{"self":[{"href":"https:\/\/www.sistar.it\/es\/wp-json\/wp\/v2\/product\/35340"}],"collection":[{"href":"https:\/\/www.sistar.it\/es\/wp-json\/wp\/v2\/product"}],"about":[{"href":"https:\/\/www.sistar.it\/es\/wp-json\/wp\/v2\/types\/product"}],"wp:featuredmedia":[{"embeddable":true,"href":"https:\/\/www.sistar.it\/es\/wp-json\/wp\/v2\/media\/35279"}],"wp:attachment":[{"href":"https:\/\/www.sistar.it\/es\/wp-json\/wp\/v2\/media?parent=35340"}],"wp:term":[{"taxonomy":"product_cat","embeddable":true,"href":"https:\/\/www.sistar.it\/es\/wp-json\/wp\/v2\/product_cat?post=35340"},{"taxonomy":"product_tag","embeddable":true,"href":"https:\/\/www.sistar.it\/es\/wp-json\/wp\/v2\/product_tag?post=35340"}],"curies":[{"name":"wp","href":"https:\/\/api.w.org\/{rel}","templated":true}]}}