{"id":35250,"date":"2025-11-07T09:40:01","date_gmt":"2025-11-07T09:40:01","guid":{"rendered":"https:\/\/www.sistar.it\/?post_type=product&#038;p=35250"},"modified":"2025-11-07T09:40:01","modified_gmt":"2025-11-07T09:40:01","slug":"flx-pro-kit","status":"publish","type":"product","link":"https:\/\/www.sistar.it\/es\/prodotti\/flx-pro-kit\/","title":{"rendered":"FLX-PRO KIT"},"content":{"rendered":"<p>FLX-PRO pistola pulverizadora de alta transferencia para el repintado de autom\u00f3viles.<\/p>\n<p>Apta para la aplicaci\u00f3n de imprimaciones y barnices de \u00faltima generaci\u00f3n. Aguja y boquilla de acero inoxidable.<\/p>\n<p>&nbsp;<\/p>\n<p style=\"text-align: center;\"><strong>KIT FLX-PRO Pistola pulverizadora de alta transferencia &#8211; con man\u00f3metro<\/strong><\/p>\n<div id=\"footable_parent_35249\"\n         class=\" footable_parent ninja_table_wrapper loading_ninja_table wp_table_data_press_parent bootstrap4 colored_table\">\n                <table data-ninja_table_instance=\"ninja_table_instance_0\" data-footable_id=\"35249\" data-filter-delay=\"1000\" aria-label=\"FLX-PRO KIT( INGLESE )\"            id=\"footable_35249\"\n           data-unique_identifier=\"ninja_table_unique_id_790007781_35249\"\n           class=\" foo-table ninja_footable foo_table_35249 ninja_table_unique_id_790007781_35249 table  white nt_type_ajax_table table-hover vertical_centered inverted footable-paging-right ninja_table_search_disabled\">\n                <colgroup>\n                            <col class=\"ninja_column_0 \">\n                            <col class=\"ninja_column_1 \">\n                    <\/colgroup>\n            <\/table>\n                    <style type=\"text\/css\" id='ninja_table_custom_css_35249'>\n                        #footable_35249  {\n        font-family: sans-serif;\n        font-size: 14px;\n    }\n\n#footable_35249 td.ninja_column_0 { text-align: center; }#footable_35249 th.ninja_column_0 { text-align: center; }#footable_35249 td.ninja_column_1 { text-align: center; }#footable_35249 th.ninja_column_1 { text-align: center; }                <\/style>\n                \n    \n    \n<\/div>\n\n<div class=\"hidden\">830.01912.KIT, 830.01913.KIT<\/div>\n","protected":false},"excerpt":{"rendered":"<p><img loading=\"lazy\" class=\"alignnone wp-image-29873\" src=\"https:\/\/www.sistar.it\/wp-content\/uploads\/2024\/06\/Air-cat-Logo.jpg\" alt=\"\" width=\"203\" height=\"67\" \/><\/p>\n","protected":false},"featured_media":35246,"template":"","meta":[],"product_cat":[452,351],"product_tag":[],"acf":[],"_links":{"self":[{"href":"https:\/\/www.sistar.it\/es\/wp-json\/wp\/v2\/product\/35250"}],"collection":[{"href":"https:\/\/www.sistar.it\/es\/wp-json\/wp\/v2\/product"}],"about":[{"href":"https:\/\/www.sistar.it\/es\/wp-json\/wp\/v2\/types\/product"}],"wp:featuredmedia":[{"embeddable":true,"href":"https:\/\/www.sistar.it\/es\/wp-json\/wp\/v2\/media\/35246"}],"wp:attachment":[{"href":"https:\/\/www.sistar.it\/es\/wp-json\/wp\/v2\/media?parent=35250"}],"wp:term":[{"taxonomy":"product_cat","embeddable":true,"href":"https:\/\/www.sistar.it\/es\/wp-json\/wp\/v2\/product_cat?post=35250"},{"taxonomy":"product_tag","embeddable":true,"href":"https:\/\/www.sistar.it\/es\/wp-json\/wp\/v2\/product_tag?post=35250"}],"curies":[{"name":"wp","href":"https:\/\/api.w.org\/{rel}","templated":true}]}}