{"id":35126,"date":"2025-06-27T14:05:35","date_gmt":"2025-06-27T14:05:35","guid":{"rendered":"https:\/\/www.sistar.it\/prodotti\/micro-brush-2\/"},"modified":"2025-06-30T07:36:33","modified_gmt":"2025-06-30T07:36:33","slug":"micro-brush-2","status":"publish","type":"product","link":"https:\/\/www.sistar.it\/es\/prodotti\/micro-brush-2\/","title":{"rendered":"MICRO-BRUSH"},"content":{"rendered":"<p>Cepillos de retoque desechables.<\/p>\n<p>Con su pr\u00e1ctico soporte estar\u00e1n protegidos del polvo, manteni\u00e9ndolos siempre listos para su us.<\/p>\n<p><strong>Caracter\u00edsticas:<\/strong><\/p>\n<ul>\n<li>Los pinceles no sueltan pelusa, tienen una punta de fibra antigoteo con fibras no absorbentes.<\/li>\n<li>Las puntas se pueden doblar f\u00e1cilmente en cualquier \u00e1ngulo, lo que permite llegar a zonas peque\u00f1as y de dif\u00edcil acceso, garantizando una aplicaci\u00f3n precisa de la pintura.<\/li>\n<li>Desechables, no requieren limpieza.<\/li>\n<li>Longitud: 10 cm<\/li>\n<li>Material: PP y nylon<\/li>\n<\/ul>\n<p hidden=\"\">La tecnica consiste nell&#8217;applicare una piccola quantit\u00e0 di vernice sulla zona danneggiata, fino a creare uno strato dello stesso livello della vernice circostante.<br \/>\nSe il livello risultasse superiore alla vernice circostante, sarebbe necessario carteggiare l&#8217;area riparata per uniformarla e fonderla con il resto della superficie.<br \/>\nLe fibre del pennellino sono realizzate in materiale sintetico e non contengono peli di origine animale, in particolare setole di maiale.<\/p>\n<div id=\"footable_parent_34189\"\n         class=\" footable_parent ninja_table_wrapper loading_ninja_table wp_table_data_press_parent bootstrap4 \">\n                <table data-ninja_table_instance=\"ninja_table_instance_0\" data-footable_id=\"34189\" data-filter-delay=\"1000\" aria-label=\"Micro Brush NUOVI ( INGLESE )\"            id=\"footable_34189\"\n           data-unique_identifier=\"ninja_table_unique_id_1379521811_34189\"\n           class=\" foo-table ninja_footable foo_table_34189 ninja_table_unique_id_1379521811_34189 table  nt_type_ajax_table table-bordered table-hover table-sm vertical_centered  footable-paging-right ninja_table_search_disabled\">\n                <colgroup>\n                            <col class=\"ninja_column_0 \">\n                            <col class=\"ninja_column_1 \">\n                            <col class=\"ninja_column_2 \">\n                    <\/colgroup>\n            <\/table>\n                    <style type=\"text\/css\" id='ninja_table_custom_css_34189'>\n                        #footable_34189  {\n        font-family: sans-serif;\n        font-size: 14px;\n    }\n\n#footable_34189 td.ninja_column_0 { text-align: center; }#footable_34189 th.ninja_column_0 { text-align: center; }#footable_34189 td.ninja_column_1 { text-align: center; }#footable_34189 th.ninja_column_1 { text-align: center; }#footable_34189 td.ninja_column_2 { text-align: center; }#footable_34189 th.ninja_column_2 { text-align: center; }                <\/style>\n                \n    \n    \n<\/div>\n\n<div class=\"hidden\">136.0213,136.0214,136.0215<\/div>\n","protected":false},"excerpt":{"rendered":"<p>Cepillos de retoque desechables. Con su pr\u00e1ctico soporte estar\u00e1n protegidos del polvo, manteni\u00e9ndolos siempre listos para su us. Caracter\u00edsticas: Los pinceles no sueltan pelusa, tienen una punta de fibra antigoteo con fibras no absorbentes. Las puntas se pueden doblar f\u00e1cilmente en cualquier \u00e1ngulo, lo que permite llegar a zonas peque\u00f1as y de dif\u00edcil acceso, garantizando&#8230;<\/p>\n","protected":false},"featured_media":35123,"template":"","meta":[],"product_cat":[318,317],"product_tag":[],"acf":[],"_links":{"self":[{"href":"https:\/\/www.sistar.it\/es\/wp-json\/wp\/v2\/product\/35126"}],"collection":[{"href":"https:\/\/www.sistar.it\/es\/wp-json\/wp\/v2\/product"}],"about":[{"href":"https:\/\/www.sistar.it\/es\/wp-json\/wp\/v2\/types\/product"}],"wp:featuredmedia":[{"embeddable":true,"href":"https:\/\/www.sistar.it\/es\/wp-json\/wp\/v2\/media\/35123"}],"wp:attachment":[{"href":"https:\/\/www.sistar.it\/es\/wp-json\/wp\/v2\/media?parent=35126"}],"wp:term":[{"taxonomy":"product_cat","embeddable":true,"href":"https:\/\/www.sistar.it\/es\/wp-json\/wp\/v2\/product_cat?post=35126"},{"taxonomy":"product_tag","embeddable":true,"href":"https:\/\/www.sistar.it\/es\/wp-json\/wp\/v2\/product_tag?post=35126"}],"curies":[{"name":"wp","href":"https:\/\/api.w.org\/{rel}","templated":true}]}}