{"id":35082,"date":"2025-05-30T09:05:37","date_gmt":"2025-05-30T09:05:37","guid":{"rendered":"https:\/\/www.sistar.it\/?post_type=product&#038;p=35082"},"modified":"2025-05-30T09:05:37","modified_gmt":"2025-05-30T09:05:37","slug":"lampara-de-trabajo-hibrida-con-doble-cabezal-extraible-y-tripode","status":"publish","type":"product","link":"https:\/\/www.sistar.it\/es\/prodotti\/lampara-de-trabajo-hibrida-con-doble-cabezal-extraible-y-tripode\/","title":{"rendered":"L\u00e1mpara de trabajo h\u00edbrida con doble cabezal extra\u00edble y tr\u00edpode"},"content":{"rendered":"<p>&nbsp;<\/p>\n<p>L\u00c1MPARA DE TRABAJO H\u00cdBRIDA CON DOBLE CABEZAL MAGN\u00c9TICO EXTRA\u00cdBLE Y TR\u00cdPODE 500-5000 L\u00daMENES, 4000\/7000 K<\/p>\n<p><strong>Caracter\u00edsticas:<\/strong><\/p>\n<p>\u2022 Luminosidad: 500\/1500\/5000 Lumen<br \/>\n\u2022 Tipo de LED: SMD<br \/>\n\u2022 Bater\u00eda Li-ion 7,3 V 8 Ah que proporciona 2,5 &#8211; 10 horas de luz constante<br \/>\n\u2022 IP54<br \/>\n\u2022 IK07<br \/>\n\u2022 Temperatura de color: 4000 o 7000 K<br \/>\n\u2022 Dimensiones: 120x120x910 mm<br \/>\n\u2022 Altura m\u00e1xima 1920 mm<br \/>\n\u2022 Peso: 4,5 kg<br \/>\n\u2022 Resistente a los hidrocarburos y a los rayos UV<br \/>\n\u2022 Uso h\u00edbrido<br \/>\n\u2022 Temperatura de funcionamiento: -20 ~ 50\u00b0C<br \/>\n\u2022 Tiempo de carga: 6 horas<br \/>\n\u2022 Im\u00e1n: 98 N (4 imanes)<br \/>\n\u2022 Longitud del cable: 5 m<br \/>\n\u2022 Bater\u00eda: 7,3 V 8 Ah Li-ion<\/p>\n<p>&nbsp;<\/p>\n<div id=\"footable_parent_35081\"\n         class=\" footable_parent ninja_table_wrapper loading_ninja_table wp_table_data_press_parent bootstrap4 colored_table\">\n                <table data-ninja_table_instance=\"ninja_table_instance_0\" data-footable_id=\"35081\" data-filter-delay=\"1000\" aria-label=\"Lampada da lavoro Hybrid con testa doppia rimovibile e treppiede( INGLESE )\"            id=\"footable_35081\"\n           data-unique_identifier=\"ninja_table_unique_id_718310680_35081\"\n           class=\" foo-table ninja_footable foo_table_35081 ninja_table_unique_id_718310680_35081 table  white nt_type_ajax_table table-hover vertical_centered inverted footable-paging-right ninja_table_search_disabled\">\n                <colgroup>\n                            <col class=\"ninja_column_0 \">\n                            <col class=\"ninja_column_1 \">\n                    <\/colgroup>\n            <\/table>\n                    <style type=\"text\/css\" id='ninja_table_custom_css_35081'>\n                        #footable_35081  {\n        font-family: sans-serif;\n        font-size: 14px;\n    }\n\n#footable_35081 td.ninja_column_0 { text-align: center; }#footable_35081 th.ninja_column_0 { text-align: center; }#footable_35081 td.ninja_column_1 { text-align: center; }#footable_35081 th.ninja_column_1 { text-align: center; }                <\/style>\n                \n    \n    \n<\/div>\n\n<div class=\"hidden\">475.100.2195<\/div>\n","protected":false},"excerpt":{"rendered":"<p>&nbsp; L\u00c1MPARA DE TRABAJO H\u00cdBRIDA CON DOBLE CABEZAL MAGN\u00c9TICO EXTRA\u00cdBLE Y TR\u00cdPODE 500-5000 L\u00daMENES, 4000\/7000 K Caracter\u00edsticas: \u2022 Luminosidad: 500\/1500\/5000 Lumen \u2022 Tipo de LED: SMD \u2022 Bater\u00eda Li-ion 7,3 V 8 Ah que proporciona 2,5 &#8211; 10 horas de luz constante \u2022 IP54 \u2022 IK07 \u2022 Temperatura de color: 4000 o 7000 K \u2022&#8230;<\/p>\n","protected":false},"featured_media":35019,"template":"","meta":[],"product_cat":[313,342],"product_tag":[],"acf":[],"_links":{"self":[{"href":"https:\/\/www.sistar.it\/es\/wp-json\/wp\/v2\/product\/35082"}],"collection":[{"href":"https:\/\/www.sistar.it\/es\/wp-json\/wp\/v2\/product"}],"about":[{"href":"https:\/\/www.sistar.it\/es\/wp-json\/wp\/v2\/types\/product"}],"wp:featuredmedia":[{"embeddable":true,"href":"https:\/\/www.sistar.it\/es\/wp-json\/wp\/v2\/media\/35019"}],"wp:attachment":[{"href":"https:\/\/www.sistar.it\/es\/wp-json\/wp\/v2\/media?parent=35082"}],"wp:term":[{"taxonomy":"product_cat","embeddable":true,"href":"https:\/\/www.sistar.it\/es\/wp-json\/wp\/v2\/product_cat?post=35082"},{"taxonomy":"product_tag","embeddable":true,"href":"https:\/\/www.sistar.it\/es\/wp-json\/wp\/v2\/product_tag?post=35082"}],"curies":[{"name":"wp","href":"https:\/\/api.w.org\/{rel}","templated":true}]}}