{"id":35079,"date":"2025-05-30T09:06:24","date_gmt":"2025-05-30T09:06:24","guid":{"rendered":"https:\/\/www.sistar.it\/?post_type=product&#038;p=35079"},"modified":"2025-05-30T09:06:25","modified_gmt":"2025-05-30T09:06:25","slug":"lampara-de-trabajo-hibrida-con-doble-cabezal-y-tripode","status":"publish","type":"product","link":"https:\/\/www.sistar.it\/es\/prodotti\/lampara-de-trabajo-hibrida-con-doble-cabezal-y-tripode\/","title":{"rendered":"L\u00e1mpara de trabajo h\u00edbrida con doble cabezal y tr\u00edpode"},"content":{"rendered":"<p>&nbsp;<\/p>\n<p>L\u00c1MPARA DE TRABAJO H\u00cdBRIDA CON DOBLE CABEZAL Y TR\u00cdPODE 500-5000 L\u00daMENES, 4000\/7000 K<\/p>\n<p><strong>Caracter\u00edsticas:<\/strong><\/p>\n<p>\u2022 Intensidad luminosa: 500\/1500\/5000 Lumen<br \/>\n\u2022 Tipo de LED: SMD<br \/>\n\u2022 Bater\u00eda Li-lon 7,3 V 4 Ah proporciona 1 &#8211; 5 horas de iluminaci\u00f3n constante<br \/>\n\u2022 IP44<br \/>\n\u2022 IK07<br \/>\n\u2022 Temperatura de color: 4000 o 7000 K<br \/>\n\u2022 Dimensiones: 120x120x890 mm<br \/>\n\u2022 Altura m\u00e1xima 1920 mm<br \/>\n\u2022 Peso: 4,5 kg<br \/>\n\u2022 Resistente a los hidrocarburos y a los rayos UV<br \/>\n\u2022 Uso h\u00edbrido<br \/>\n\u2022 Temperatura de funcionamiento: -20 ~ 50\u00b0C<br \/>\n\u2022 Tiempo de carga: 4 horas<br \/>\n\u2022 Longitud del cable: 5 m<br \/>\n\u2022 Bater\u00eda: 7,3 V 4 Ah Li-lon<\/p>\n<p>&nbsp;<\/p>\n<div id=\"footable_parent_35078\"\n         class=\" footable_parent ninja_table_wrapper loading_ninja_table wp_table_data_press_parent bootstrap4 colored_table\">\n                <table data-ninja_table_instance=\"ninja_table_instance_0\" data-footable_id=\"35078\" data-filter-delay=\"1000\" aria-label=\"Lampada da lavoro ibrida con doppia testa e treppiede( INGLESE )\"            id=\"footable_35078\"\n           data-unique_identifier=\"ninja_table_unique_id_1137395693_35078\"\n           class=\" foo-table ninja_footable foo_table_35078 ninja_table_unique_id_1137395693_35078 table  white nt_type_ajax_table table-hover vertical_centered inverted footable-paging-right ninja_table_search_disabled\">\n                <colgroup>\n                            <col class=\"ninja_column_0 \">\n                            <col class=\"ninja_column_1 \">\n                    <\/colgroup>\n            <\/table>\n                    <style type=\"text\/css\" id='ninja_table_custom_css_35078'>\n                        #footable_35078  {\n        font-family: sans-serif;\n        font-size: 14px;\n    }\n\n#footable_35078 td.ninja_column_0 { text-align: center; }#footable_35078 th.ninja_column_0 { text-align: center; }#footable_35078 td.ninja_column_1 { text-align: center; }#footable_35078 th.ninja_column_1 { text-align: center; }                <\/style>\n                \n    \n    \n<\/div>\n\n<div class=\"hidden\">475.100.2185<\/div>\n","protected":false},"excerpt":{"rendered":"<p>&nbsp; L\u00c1MPARA DE TRABAJO H\u00cdBRIDA CON DOBLE CABEZAL Y TR\u00cdPODE 500-5000 L\u00daMENES, 4000\/7000 K Caracter\u00edsticas: \u2022 Intensidad luminosa: 500\/1500\/5000 Lumen \u2022 Tipo de LED: SMD \u2022 Bater\u00eda Li-lon 7,3 V 4 Ah proporciona 1 &#8211; 5 horas de iluminaci\u00f3n constante \u2022 IP44 \u2022 IK07 \u2022 Temperatura de color: 4000 o 7000 K \u2022 Dimensiones: 120x120x890&#8230;<\/p>\n","protected":false},"featured_media":35010,"template":"","meta":[],"product_cat":[313,342],"product_tag":[],"acf":[],"_links":{"self":[{"href":"https:\/\/www.sistar.it\/es\/wp-json\/wp\/v2\/product\/35079"}],"collection":[{"href":"https:\/\/www.sistar.it\/es\/wp-json\/wp\/v2\/product"}],"about":[{"href":"https:\/\/www.sistar.it\/es\/wp-json\/wp\/v2\/types\/product"}],"wp:featuredmedia":[{"embeddable":true,"href":"https:\/\/www.sistar.it\/es\/wp-json\/wp\/v2\/media\/35010"}],"wp:attachment":[{"href":"https:\/\/www.sistar.it\/es\/wp-json\/wp\/v2\/media?parent=35079"}],"wp:term":[{"taxonomy":"product_cat","embeddable":true,"href":"https:\/\/www.sistar.it\/es\/wp-json\/wp\/v2\/product_cat?post=35079"},{"taxonomy":"product_tag","embeddable":true,"href":"https:\/\/www.sistar.it\/es\/wp-json\/wp\/v2\/product_tag?post=35079"}],"curies":[{"name":"wp","href":"https:\/\/api.w.org\/{rel}","templated":true}]}}