{"id":35076,"date":"2025-05-30T09:04:30","date_gmt":"2025-05-30T09:04:30","guid":{"rendered":"https:\/\/www.sistar.it\/?post_type=product&#038;p=35076"},"modified":"2025-05-30T09:04:31","modified_gmt":"2025-05-30T09:04:31","slug":"powerhand-lighting-conjunto-de-multiples-sistemas-de-iluminacion","status":"publish","type":"product","link":"https:\/\/www.sistar.it\/es\/prodotti\/powerhand-lighting-conjunto-de-multiples-sistemas-de-iluminacion\/","title":{"rendered":"Powerhand Lighting Conjunto de m\u00faltiples sistemas de iluminaci\u00f3n"},"content":{"rendered":"<p>&nbsp;<\/p>\n<p>SET 3 LINTERNAS RECARGABLES, DESMONTABLES Y MAGN\u00c9TICAS 700 L\u00daMENES CADA UNA, 5700 K CADA UNA<\/p>\n<p><strong>Caracter\u00edsticas:<\/strong><\/p>\n<ul>\n<li>3 linternas de bolsillo + base de carga<\/li>\n<li>3x 700 l\u00famenes<\/li>\n<li>5700K cada una<\/li>\n<li>3,7 V 2600 mAh (por l\u00e1mpara)<\/li>\n<li>2-20 horas de autonom\u00eda<\/li>\n<li>L\u00e1mpara y base equipadas con potentes imanes<\/li>\n<li>Dimensiones de la l\u00e1mpara: 90x65x40 mm<\/li>\n<li>Dimensiones de la base: 251x125x76 mm<\/li>\n<li>IP65<\/li>\n<li>IK07<\/li>\n<\/ul>\n<div class=\"hidden\">475.100.3193<\/div>\n<div><\/div>\n<div><\/div>\n<div><div id=\"footable_parent_35075\"\n         class=\" footable_parent ninja_table_wrapper loading_ninja_table wp_table_data_press_parent bootstrap4 colored_table\">\n                <table data-ninja_table_instance=\"ninja_table_instance_0\" data-footable_id=\"35075\" data-filter-delay=\"1000\" aria-label=\"Powerhand Lighting Set di sistemi di illuminazione multipli( INGLESE )\"            id=\"footable_35075\"\n           data-unique_identifier=\"ninja_table_unique_id_481970983_35075\"\n           class=\" foo-table ninja_footable foo_table_35075 ninja_table_unique_id_481970983_35075 table  white nt_type_ajax_table table-hover vertical_centered inverted footable-paging-right ninja_table_search_disabled\">\n                <colgroup>\n                            <col class=\"ninja_column_0 \">\n                            <col class=\"ninja_column_1 \">\n                    <\/colgroup>\n            <\/table>\n                    <style type=\"text\/css\" id='ninja_table_custom_css_35075'>\n                        #footable_35075  {\n        font-family: sans-serif;\n        font-size: 14px;\n    }\n\n#footable_35075 td.ninja_column_0 { text-align: center; }#footable_35075 th.ninja_column_0 { text-align: center; }#footable_35075 td.ninja_column_1 { text-align: center; }#footable_35075 th.ninja_column_1 { text-align: center; }                <\/style>\n                \n    \n    \n<\/div>\n<\/div>\n","protected":false},"excerpt":{"rendered":"<p>&nbsp; SET 3 LINTERNAS RECARGABLES, DESMONTABLES Y MAGN\u00c9TICAS 700 L\u00daMENES CADA UNA, 5700 K CADA UNA Caracter\u00edsticas: 3 linternas de bolsillo + base de carga 3x 700 l\u00famenes 5700K cada una 3,7 V 2600 mAh (por l\u00e1mpara) 2-20 horas de autonom\u00eda L\u00e1mpara y base equipadas con potentes imanes Dimensiones de la l\u00e1mpara: 90x65x40 mm Dimensiones&#8230;<\/p>\n","protected":false},"featured_media":35005,"template":"","meta":[],"product_cat":[313,342],"product_tag":[],"acf":[],"_links":{"self":[{"href":"https:\/\/www.sistar.it\/es\/wp-json\/wp\/v2\/product\/35076"}],"collection":[{"href":"https:\/\/www.sistar.it\/es\/wp-json\/wp\/v2\/product"}],"about":[{"href":"https:\/\/www.sistar.it\/es\/wp-json\/wp\/v2\/types\/product"}],"wp:featuredmedia":[{"embeddable":true,"href":"https:\/\/www.sistar.it\/es\/wp-json\/wp\/v2\/media\/35005"}],"wp:attachment":[{"href":"https:\/\/www.sistar.it\/es\/wp-json\/wp\/v2\/media?parent=35076"}],"wp:term":[{"taxonomy":"product_cat","embeddable":true,"href":"https:\/\/www.sistar.it\/es\/wp-json\/wp\/v2\/product_cat?post=35076"},{"taxonomy":"product_tag","embeddable":true,"href":"https:\/\/www.sistar.it\/es\/wp-json\/wp\/v2\/product_tag?post=35076"}],"curies":[{"name":"wp","href":"https:\/\/api.w.org\/{rel}","templated":true}]}}