{"id":34627,"date":"2025-05-12T14:24:17","date_gmt":"2025-05-12T14:24:17","guid":{"rendered":"https:\/\/www.sistar.it\/prodotti\/spot-tech\/"},"modified":"2025-05-12T14:29:23","modified_gmt":"2025-05-12T14:29:23","slug":"spot-tech","status":"publish","type":"product","link":"https:\/\/www.sistar.it\/es\/prodotti\/spot-tech\/","title":{"rendered":"SPOT-TECH"},"content":{"rendered":"<p>Mono de trabajo fabricado en 100% poli\u00e9ster, c\u00f3modo y transpirable, no suelta fibras y es lavable.<\/p>\n<p>Capucha con el\u00e1stico y velcro. Cremallera protegida de doble cremallera. Mu\u00f1ecas, tobillos y caderas el\u00e1sticos. Dos bolsillos.<\/p>\n<p>Indicado para pintura de carrocer\u00eda y protecci\u00f3n contra el overspray<\/p>\n<p><span style=\"font-size: 14pt;\"><strong>DPI Cat. I<\/strong>:<\/span>\u00a0 <img loading=\"lazy\" class=\"alignnone wp-image-33772\" src=\"https:\/\/www.sistar.it\/wp-content\/uploads\/2013\/06\/CE-LOGO.jpg\" alt=\"\" width=\"30\" height=\"22\" \/> UE 2016\/425, EN1149-1:2006, DIN EN ISO 13688:2022<\/p>\n<div id=\"footable_parent_34626\"\n         class=\" footable_parent ninja_table_wrapper loading_ninja_table wp_table_data_press_parent bootstrap4 \">\n                <table data-ninja_table_instance=\"ninja_table_instance_0\" data-footable_id=\"34626\" data-filter-delay=\"1000\" aria-label=\"TUTA SPOT-TECH( INGLESE )\"            id=\"footable_34626\"\n           data-unique_identifier=\"ninja_table_unique_id_1470057772_34626\"\n           class=\" foo-table ninja_footable foo_table_34626 ninja_table_unique_id_1470057772_34626 table  nt_type_ajax_table table-hover vertical_centered  footable-paging-center ninja_table_search_disabled\">\n                <colgroup>\n                            <col class=\"ninja_column_0 \">\n                            <col class=\"ninja_column_1 \">\n                            <col class=\"ninja_column_2 \">\n                    <\/colgroup>\n            <\/table>\n                    <style type=\"text\/css\" id='ninja_table_custom_css_34626'>\n                        #footable_34626  {\n        font-family: sans-serif;\n        font-size: 14px;\n    }\n\n#footable_34626 td.ninja_column_0 { text-align: center; }#footable_34626 th.ninja_column_0 { text-align: center; }#footable_34626 td.ninja_column_1 { text-align: center; }#footable_34626 th.ninja_column_1 { text-align: center; }#footable_34626 td.ninja_column_2 { text-align: center; }#footable_34626 th.ninja_column_2 { text-align: center; }                <\/style>\n                \n    \n    \n<\/div>\n\n<p>&nbsp;<\/p>\n<div class=\"hidden\">610.1116.M, 610.1116.L,610.1116.XL, 610.1116.XXL<\/div>\n<p>&nbsp;<\/p>\n","protected":false},"excerpt":{"rendered":"<p>Mono de trabajo fabricado en 100% poli\u00e9ster, c\u00f3modo y transpirable, no suelta fibras y es lavable. Capucha con el\u00e1stico y velcro. Cremallera protegida de doble cremallera. Mu\u00f1ecas, tobillos y caderas el\u00e1sticos. Dos bolsillos. Indicado para pintura de carrocer\u00eda y protecci\u00f3n contra el overspray DPI Cat. I:\u00a0 UE 2016\/425, EN1149-1:2006, DIN EN ISO 13688:2022 &nbsp; 610.1116.M,&#8230;<\/p>\n","protected":false},"featured_media":33820,"template":"","meta":[],"product_cat":[359],"product_tag":[],"acf":[],"_links":{"self":[{"href":"https:\/\/www.sistar.it\/es\/wp-json\/wp\/v2\/product\/34627"}],"collection":[{"href":"https:\/\/www.sistar.it\/es\/wp-json\/wp\/v2\/product"}],"about":[{"href":"https:\/\/www.sistar.it\/es\/wp-json\/wp\/v2\/types\/product"}],"wp:featuredmedia":[{"embeddable":true,"href":"https:\/\/www.sistar.it\/es\/wp-json\/wp\/v2\/media\/33820"}],"wp:attachment":[{"href":"https:\/\/www.sistar.it\/es\/wp-json\/wp\/v2\/media?parent=34627"}],"wp:term":[{"taxonomy":"product_cat","embeddable":true,"href":"https:\/\/www.sistar.it\/es\/wp-json\/wp\/v2\/product_cat?post=34627"},{"taxonomy":"product_tag","embeddable":true,"href":"https:\/\/www.sistar.it\/es\/wp-json\/wp\/v2\/product_tag?post=34627"}],"curies":[{"name":"wp","href":"https:\/\/api.w.org\/{rel}","templated":true}]}}