{"id":34553,"date":"2025-05-15T15:00:29","date_gmt":"2025-05-15T15:00:29","guid":{"rendered":"https:\/\/www.sistar.it\/?post_type=product&#038;p=34553"},"modified":"2025-05-15T15:00:29","modified_gmt":"2025-05-15T15:00:29","slug":"lijadora-rotorbital-2","status":"publish","type":"product","link":"https:\/\/www.sistar.it\/es\/prodotti\/lijadora-rotorbital-2\/","title":{"rendered":"Lijadora rotorbital"},"content":{"rendered":"<div>\n<p>Lijadora neum\u00e1tica orbital aleatoria manual de nivel b\u00e1sico con aspiraci\u00f3n forzada y control de velocidad.<\/p>\n<\/div>\n<p><strong>Caracter\u00edsticas:<\/strong><\/p>\n<ul>\n<li>Di\u00e1metro: \u00d8 150 mm 6 orificios<\/li>\n<li>Revoluciones por minutos: 10500 \u00b1 10% RPM<\/li>\n<li>Consumo de aire: 354 l\/m (12,5 cfm)<\/li>\n<li>Conexi\u00f3n de aire: 1\/4&#8243;<\/li>\n<li>Presi\u00f3n: 90 PSI<\/li>\n<li>Paso: 5\/16&#8243;<\/li>\n<li>Tama\u00f1o: 230 mm<\/li>\n<li>Peso: 800 g<\/li>\n<\/ul>\n<div><div id=\"footable_parent_34135\"\n         class=\" footable_parent ninja_table_wrapper loading_ninja_table wp_table_data_press_parent bootstrap4 colored_table\">\n                <table data-ninja_table_instance=\"ninja_table_instance_0\" data-footable_id=\"34135\" data-filter-delay=\"1000\" aria-label=\"AIRCAT LEVIGATRICE PALMARE ROTORBITALE( INGLESE )\"            id=\"footable_34135\"\n           data-unique_identifier=\"ninja_table_unique_id_1406095214_34135\"\n           class=\" foo-table ninja_footable foo_table_34135 ninja_table_unique_id_1406095214_34135 table  white nt_type_ajax_table table-hover vertical_centered inverted footable-paging-right ninja_table_search_disabled\">\n                <colgroup>\n                            <col class=\"ninja_column_0 \">\n                            <col class=\"ninja_column_1 \">\n                    <\/colgroup>\n            <\/table>\n                    <style type=\"text\/css\" id='ninja_table_custom_css_34135'>\n                        #footable_34135  {\n        font-family: sans-serif;\n        font-size: 14px;\n    }\n\n#footable_34135 td.ninja_column_0 { text-align: center; }#footable_34135 th.ninja_column_0 { text-align: center; }#footable_34135 td.ninja_column_1 { text-align: center; }#footable_34135 th.ninja_column_1 { text-align: center; }                <\/style>\n                \n    \n    \n<\/div>\n<\/div>\n<div><\/div>\n<div class=\"hidden\">830.40500, 830.40502<\/div>\n","protected":false},"excerpt":{"rendered":"<p><img loading=\"lazy\" class=\"alignnone size-full wp-image-29873\" src=\"https:\/\/www.sistar.it\/wp-content\/uploads\/2024\/06\/Air-cat-Logo.jpg\" alt=\"\" width=\"236\" height=\"78\" \/><\/p>\n","protected":false},"featured_media":34028,"template":"","meta":[],"product_cat":[313,348],"product_tag":[],"acf":[],"_links":{"self":[{"href":"https:\/\/www.sistar.it\/es\/wp-json\/wp\/v2\/product\/34553"}],"collection":[{"href":"https:\/\/www.sistar.it\/es\/wp-json\/wp\/v2\/product"}],"about":[{"href":"https:\/\/www.sistar.it\/es\/wp-json\/wp\/v2\/types\/product"}],"wp:featuredmedia":[{"embeddable":true,"href":"https:\/\/www.sistar.it\/es\/wp-json\/wp\/v2\/media\/34028"}],"wp:attachment":[{"href":"https:\/\/www.sistar.it\/es\/wp-json\/wp\/v2\/media?parent=34553"}],"wp:term":[{"taxonomy":"product_cat","embeddable":true,"href":"https:\/\/www.sistar.it\/es\/wp-json\/wp\/v2\/product_cat?post=34553"},{"taxonomy":"product_tag","embeddable":true,"href":"https:\/\/www.sistar.it\/es\/wp-json\/wp\/v2\/product_tag?post=34553"}],"curies":[{"name":"wp","href":"https:\/\/api.w.org\/{rel}","templated":true}]}}