{"id":34551,"date":"2025-05-16T09:57:13","date_gmt":"2025-05-16T09:57:13","guid":{"rendered":"https:\/\/www.sistar.it\/?post_type=product&#038;p=34551"},"modified":"2025-05-16T09:57:14","modified_gmt":"2025-05-16T09:57:14","slug":"kit-de-pistola-de-proteccion-neumatica","status":"publish","type":"product","link":"https:\/\/www.sistar.it\/es\/prodotti\/kit-de-pistola-de-proteccion-neumatica\/","title":{"rendered":"Kit de pistola de protecci\u00f3n neum\u00e1tica"},"content":{"rendered":"<p>Un kit compuesto por una pistola pulverizadora neum\u00e1tica de boquilla fija con un tubo de recogida y dos aplicadores universales desechables con mangueras.<br \/>\nLos aplicadores desechables ahorran tiempo de limpieza, evitan trabajar con boquillas obstruidas y permiten disponer siempre de un aplicador limpio.<\/p>\n<p>El aplicador puede recuperarse limpi\u00e1ndolo con un poco de disolvente. Tambi\u00e9n est\u00e1 disponible un kit de boquillas de recambio c\u00f3digo 468.0071.<\/p>\n<div id=\"footable_parent_34550\"\n         class=\" footable_parent ninja_table_wrapper loading_ninja_table wp_table_data_press_parent bootstrap4 colored_table\">\n                <table data-ninja_table_instance=\"ninja_table_instance_0\" data-footable_id=\"34550\" data-filter-delay=\"1000\" aria-label=\"KIT PISTOLA PNEUMATICA PER PROTETTIVI CON 2 UGELLI INTERCAMBIABILI( INGLESE )\"            id=\"footable_34550\"\n           data-unique_identifier=\"ninja_table_unique_id_74897762_34550\"\n           class=\" foo-table ninja_footable foo_table_34550 ninja_table_unique_id_74897762_34550 table  white nt_type_ajax_table table-hover vertical_centered inverted footable-paging-right ninja_table_search_disabled\">\n                <colgroup>\n                            <col class=\"ninja_column_0 \">\n                            <col class=\"ninja_column_1 \">\n                            <col class=\"ninja_column_2 \">\n                            <col class=\"ninja_column_3 \">\n                            <col class=\"ninja_column_4 \">\n                            <col class=\"ninja_column_5 \">\n                    <\/colgroup>\n            <\/table>\n                    <style type=\"text\/css\" id='ninja_table_custom_css_34550'>\n                        #footable_34550  {\n        font-family: sans-serif;\n        font-size: 14px;\n    }\n\n#footable_34550 td.ninja_column_0 { text-align: center; }#footable_34550 th.ninja_column_0 { text-align: center; }#footable_34550 td.ninja_column_1 { text-align: center; }#footable_34550 th.ninja_column_1 { text-align: center; }#footable_34550 td.ninja_column_2 { text-align: center; }#footable_34550 th.ninja_column_2 { text-align: center; }#footable_34550 td.ninja_column_3 { text-align: center; }#footable_34550 th.ninja_column_3 { text-align: center; }#footable_34550 td.ninja_column_4 { text-align: center; }#footable_34550 th.ninja_column_4 { text-align: center; }#footable_34550 td.ninja_column_5 { text-align: center; }#footable_34550 th.ninja_column_5 { text-align: center; }                <\/style>\n                \n    \n    \n<\/div>\n\n<p>&nbsp;<\/p>\n<div class=\"hidden\">468.0070, 468.0071<\/div>\n","protected":false},"excerpt":{"rendered":"<p>Un kit compuesto por una pistola pulverizadora neum\u00e1tica de boquilla fija con un tubo de recogida y dos aplicadores universales desechables con mangueras. Los aplicadores desechables ahorran tiempo de limpieza, evitan trabajar con boquillas obstruidas y permiten disponer siempre de un aplicador limpio. El aplicador puede recuperarse limpi\u00e1ndolo con un poco de disolvente. Tambi\u00e9n est\u00e1&#8230;<\/p>\n","protected":false},"featured_media":34361,"template":"","meta":[],"product_cat":[313,344],"product_tag":[],"acf":[],"_links":{"self":[{"href":"https:\/\/www.sistar.it\/es\/wp-json\/wp\/v2\/product\/34551"}],"collection":[{"href":"https:\/\/www.sistar.it\/es\/wp-json\/wp\/v2\/product"}],"about":[{"href":"https:\/\/www.sistar.it\/es\/wp-json\/wp\/v2\/types\/product"}],"wp:featuredmedia":[{"embeddable":true,"href":"https:\/\/www.sistar.it\/es\/wp-json\/wp\/v2\/media\/34361"}],"wp:attachment":[{"href":"https:\/\/www.sistar.it\/es\/wp-json\/wp\/v2\/media?parent=34551"}],"wp:term":[{"taxonomy":"product_cat","embeddable":true,"href":"https:\/\/www.sistar.it\/es\/wp-json\/wp\/v2\/product_cat?post=34551"},{"taxonomy":"product_tag","embeddable":true,"href":"https:\/\/www.sistar.it\/es\/wp-json\/wp\/v2\/product_tag?post=34551"}],"curies":[{"name":"wp","href":"https:\/\/api.w.org\/{rel}","templated":true}]}}