{"id":34548,"date":"2025-05-16T10:06:57","date_gmt":"2025-05-16T10:06:57","guid":{"rendered":"https:\/\/www.sistar.it\/?post_type=product&#038;p=34548"},"modified":"2025-05-16T10:06:58","modified_gmt":"2025-05-16T10:06:58","slug":"pistola-de-secado-al-aire","status":"publish","type":"product","link":"https:\/\/www.sistar.it\/es\/prodotti\/pistola-de-secado-al-aire\/","title":{"rendered":"Pistola de secado al aire"},"content":{"rendered":"<p>Pistola de secado para pinturas al agua.<br \/>\nLa conexi\u00f3n de aire est\u00e1 equipada con un filtro para evitar la contaminaci\u00f3n. Puede utilizarse para secar superficies peque\u00f1as como puertas, parachoques y aletas.<\/p>\n<p><strong>Caracter\u00edsticas:<\/strong><\/p>\n<ul>\n<li>Presi\u00f3n: 5 bar<\/li>\n<li>Aumento del caudal de aire de 10:1<\/li>\n<li>Presi\u00f3n m\u00e1xima: 12 bar<\/li>\n<li>Consumo de aire: 7-11 cfm \/ 198 &#8211; 311 l\/min<\/li>\n<li>Entrada de aire: 1\/4&#8243;<\/li>\n<\/ul>\n<div id=\"footable_parent_34547\"\n         class=\" footable_parent ninja_table_wrapper loading_ninja_table wp_table_data_press_parent bootstrap4 colored_table\">\n                <table data-ninja_table_instance=\"ninja_table_instance_0\" data-footable_id=\"34547\" data-filter-delay=\"1000\" aria-label=\"PISTOLA DI ESSICCAZIONE AD ARIA AIRCAT( INGLESE )\"            id=\"footable_34547\"\n           data-unique_identifier=\"ninja_table_unique_id_1947445428_34547\"\n           class=\" foo-table ninja_footable foo_table_34547 ninja_table_unique_id_1947445428_34547 table  white nt_type_ajax_table table-hover vertical_centered inverted footable-paging-right ninja_table_search_disabled\">\n                <colgroup>\n                            <col class=\"ninja_column_0 \">\n                            <col class=\"ninja_column_1 \">\n                    <\/colgroup>\n            <\/table>\n                    <style type=\"text\/css\" id='ninja_table_custom_css_34547'>\n                        #footable_34547  {\n        font-family: sans-serif;\n        font-size: 14px;\n    }\n\n#footable_34547 td.ninja_column_0 { text-align: center; }#footable_34547 th.ninja_column_0 { text-align: center; }#footable_34547 td.ninja_column_1 { text-align: center; }#footable_34547 th.ninja_column_1 { text-align: center; }                <\/style>\n                \n    \n    \n<\/div>\n\n<p>&nbsp;<\/p>\n<p>&nbsp;<\/p>\n<p>830.06025<\/p>\n","protected":false},"excerpt":{"rendered":"<p><img loading=\"lazy\" class=\"alignnone size-full wp-image-29873\" src=\"https:\/\/www.sistar.it\/wp-content\/uploads\/2024\/06\/Air-cat-Logo.jpg\" alt=\"\" width=\"236\" height=\"78\" \/><\/p>\n","protected":false},"featured_media":34250,"template":"","meta":[],"product_cat":[313,342],"product_tag":[],"acf":[],"_links":{"self":[{"href":"https:\/\/www.sistar.it\/es\/wp-json\/wp\/v2\/product\/34548"}],"collection":[{"href":"https:\/\/www.sistar.it\/es\/wp-json\/wp\/v2\/product"}],"about":[{"href":"https:\/\/www.sistar.it\/es\/wp-json\/wp\/v2\/types\/product"}],"wp:featuredmedia":[{"embeddable":true,"href":"https:\/\/www.sistar.it\/es\/wp-json\/wp\/v2\/media\/34250"}],"wp:attachment":[{"href":"https:\/\/www.sistar.it\/es\/wp-json\/wp\/v2\/media?parent=34548"}],"wp:term":[{"taxonomy":"product_cat","embeddable":true,"href":"https:\/\/www.sistar.it\/es\/wp-json\/wp\/v2\/product_cat?post=34548"},{"taxonomy":"product_tag","embeddable":true,"href":"https:\/\/www.sistar.it\/es\/wp-json\/wp\/v2\/product_tag?post=34548"}],"curies":[{"name":"wp","href":"https:\/\/api.w.org\/{rel}","templated":true}]}}