{"id":34527,"date":"2025-05-16T09:58:07","date_gmt":"2025-05-16T09:58:07","guid":{"rendered":"https:\/\/www.sistar.it\/?post_type=product&#038;p=34527"},"modified":"2025-12-10T09:10:41","modified_gmt":"2025-12-10T09:10:41","slug":"deposito-de-pintura","status":"publish","type":"product","link":"https:\/\/www.sistar.it\/es\/prodotti\/deposito-de-pintura\/","title":{"rendered":"Dep\u00f3sito de pintura"},"content":{"rendered":"<p>Dep\u00f3sito de pintura de 2 l completo con mangueras de aire y fluido de 2 m. Este tanque est\u00e1 equipado con un regulador de presi\u00f3n de fluido para ajustes precisos.<\/p>\n<p>Se puede utilizar para una gama muy amplia de aplicaciones.<\/p>\n<p><strong>Caracter\u00edsticas:<\/strong><\/p>\n<ul>\n<li>Dep\u00f3sito de presi\u00f3n de 2L, con manguera de aire y de fluido, man\u00f3metro<\/li>\n<li>Entrada de aire: 1\/4&#8243;<\/li>\n<li>Entrada de fluido: 1\/4&#8243;<\/li>\n<li>2 mangueras de 2 metros cada una<\/li>\n<li>Presi\u00f3n nominal de aire: 22-43 psi \/ 1,51 &#8211; 2,96 bar<\/li>\n<li>Presi\u00f3n m\u00e1xima de aire: 50 psi \/ 3,45 bar<\/li>\n<\/ul>\n<p>&nbsp;<\/p>\n<div id=\"footable_parent_34526\"\n         class=\" footable_parent ninja_table_wrapper loading_ninja_table wp_table_data_press_parent bootstrap4 colored_table\">\n                <table data-ninja_table_instance=\"ninja_table_instance_0\" data-footable_id=\"34526\" data-filter-delay=\"1000\" aria-label=\"SERBATOIO SOTTO PRESSIONE( INGLESE )\"            id=\"footable_34526\"\n           data-unique_identifier=\"ninja_table_unique_id_341241709_34526\"\n           class=\" foo-table ninja_footable foo_table_34526 ninja_table_unique_id_341241709_34526 table  white nt_type_ajax_table table-hover vertical_centered inverted footable-paging-right ninja_table_search_disabled\">\n                <colgroup>\n                            <col class=\"ninja_column_0 \">\n                            <col class=\"ninja_column_1 \">\n                            <col class=\"ninja_column_2 \">\n                            <col class=\"ninja_column_3 \">\n                    <\/colgroup>\n            <\/table>\n                    <style type=\"text\/css\" id='ninja_table_custom_css_34526'>\n                        #footable_34526  {\n        font-family: sans-serif;\n        font-size: 14px;\n    }\n\n#footable_34526 td.ninja_column_0 { text-align: center; }#footable_34526 th.ninja_column_0 { text-align: center; }#footable_34526 td.ninja_column_1 { text-align: center; }#footable_34526 th.ninja_column_1 { text-align: center; }#footable_34526 td.ninja_column_2 { text-align: center; }#footable_34526 th.ninja_column_2 { text-align: center; }#footable_34526 td.ninja_column_3 { text-align: center; }#footable_34526 th.ninja_column_3 { text-align: center; }                <\/style>\n                \n    \n    \n<\/div>\n\n<p>&nbsp;<\/p>\n<div class=\"hidden\">830.51302<\/div>\n","protected":false},"excerpt":{"rendered":"<p><img loading=\"lazy\" class=\"alignnone size-full wp-image-29873\" src=\"https:\/\/www.sistar.it\/wp-content\/uploads\/2024\/06\/Air-cat-Logo.jpg\" alt=\"\" width=\"236\" height=\"78\" \/><\/p>\n","protected":false},"featured_media":35583,"template":"","meta":[],"product_cat":[313,351],"product_tag":[],"acf":[],"_links":{"self":[{"href":"https:\/\/www.sistar.it\/es\/wp-json\/wp\/v2\/product\/34527"}],"collection":[{"href":"https:\/\/www.sistar.it\/es\/wp-json\/wp\/v2\/product"}],"about":[{"href":"https:\/\/www.sistar.it\/es\/wp-json\/wp\/v2\/types\/product"}],"wp:featuredmedia":[{"embeddable":true,"href":"https:\/\/www.sistar.it\/es\/wp-json\/wp\/v2\/media\/35583"}],"wp:attachment":[{"href":"https:\/\/www.sistar.it\/es\/wp-json\/wp\/v2\/media?parent=34527"}],"wp:term":[{"taxonomy":"product_cat","embeddable":true,"href":"https:\/\/www.sistar.it\/es\/wp-json\/wp\/v2\/product_cat?post=34527"},{"taxonomy":"product_tag","embeddable":true,"href":"https:\/\/www.sistar.it\/es\/wp-json\/wp\/v2\/product_tag?post=34527"}],"curies":[{"name":"wp","href":"https:\/\/api.w.org\/{rel}","templated":true}]}}