{"id":34502,"date":"2025-04-30T07:31:08","date_gmt":"2025-04-30T07:31:08","guid":{"rendered":"https:\/\/www.sistar.it\/prodotti\/azella-75\/"},"modified":"2025-04-30T09:39:42","modified_gmt":"2025-04-30T09:39:42","slug":"azella-75","status":"publish","type":"product","link":"https:\/\/www.sistar.it\/es\/prodotti\/azella-75\/","title":{"rendered":"AZELLA 75"},"content":{"rendered":"<p>Esponja h\u00fameda de celulosa pura, 100% biodegradable. Ofrece una resistencia excepcional y una gran capacidad de absorci\u00f3n de hasta 20 veces su peso en seco.<\/p>\n<p>Para obtener los mejores resultados, debe aclararse antes y despu\u00e9s de cada uso, manteniendo as\u00ed su rendimiento \u00f3ptimo durante mucho tiempo.<\/p>\n<p>Spontex Azella 75 es completamente biodegradable, una opci\u00f3n sostenible que puede compostarse despu\u00e9s de su aclarado.<\/p>\n<p><strong>Caracter\u00edsticas:<\/strong><\/p>\n<ul>\n<li>Dimensiones en seco: 146 x 96 x 60 mm<\/li>\n<li>Impregnado con un agente plastificante para su almacenamiento en h\u00famedo<\/li>\n<li>Absorbe 20 veces su peso en seco<\/li>\n<li>Resistencia a la tracci\u00f3n: 0,8 daN\/cm\u00b2<\/li>\n<\/ul>\n<p>&nbsp;<\/p>\n<div id=\"footable_parent_34121\"\n         class=\" footable_parent ninja_table_wrapper loading_ninja_table wp_table_data_press_parent bootstrap4 colored_table\">\n                <table data-ninja_table_instance=\"ninja_table_instance_0\" data-footable_id=\"34121\" data-filter-delay=\"1000\" aria-label=\"AZELLA 75( INGLESE )\"            id=\"footable_34121\"\n           data-unique_identifier=\"ninja_table_unique_id_1245698687_34121\"\n           class=\" foo-table ninja_footable foo_table_34121 ninja_table_unique_id_1245698687_34121 table  white nt_type_ajax_table table-hover vertical_centered inverted footable-paging-right ninja_table_search_disabled\">\n                <colgroup>\n                            <col class=\"ninja_column_0 \">\n                            <col class=\"ninja_column_1 \">\n                            <col class=\"ninja_column_2 \">\n                    <\/colgroup>\n            <\/table>\n                    <style type=\"text\/css\" id='ninja_table_custom_css_34121'>\n                        #footable_34121  {\n        font-family: sans-serif;\n        font-size: 14px;\n    }\n\n#footable_34121 td.ninja_column_0 { text-align: center; }#footable_34121 th.ninja_column_0 { text-align: center; }#footable_34121 td.ninja_column_1 { text-align: center; }#footable_34121 th.ninja_column_1 { text-align: center; }#footable_34121 td.ninja_column_2 { text-align: center; }#footable_34121 th.ninja_column_2 { text-align: center; }                <\/style>\n                \n    \n    \n<\/div>\n\n<div class=\"hidden\">155.0075.CF<\/div>\n","protected":false},"excerpt":{"rendered":"<p><img loading=\"lazy\" class=\"alignnone wp-image-34118\" src=\"https:\/\/www.sistar.it\/wp-content\/uploads\/2025\/03\/Spontex-PROFESSIONAL-Logo.jpg\" alt=\"\" width=\"181\" height=\"74\" \/><\/p>\n","protected":false},"featured_media":34116,"template":"","meta":[],"product_cat":[330],"product_tag":[],"acf":[],"_links":{"self":[{"href":"https:\/\/www.sistar.it\/es\/wp-json\/wp\/v2\/product\/34502"}],"collection":[{"href":"https:\/\/www.sistar.it\/es\/wp-json\/wp\/v2\/product"}],"about":[{"href":"https:\/\/www.sistar.it\/es\/wp-json\/wp\/v2\/types\/product"}],"wp:featuredmedia":[{"embeddable":true,"href":"https:\/\/www.sistar.it\/es\/wp-json\/wp\/v2\/media\/34116"}],"wp:attachment":[{"href":"https:\/\/www.sistar.it\/es\/wp-json\/wp\/v2\/media?parent=34502"}],"wp:term":[{"taxonomy":"product_cat","embeddable":true,"href":"https:\/\/www.sistar.it\/es\/wp-json\/wp\/v2\/product_cat?post=34502"},{"taxonomy":"product_tag","embeddable":true,"href":"https:\/\/www.sistar.it\/es\/wp-json\/wp\/v2\/product_tag?post=34502"}],"curies":[{"name":"wp","href":"https:\/\/api.w.org\/{rel}","templated":true}]}}