{"id":34102,"date":"2025-03-05T13:45:49","date_gmt":"2025-03-05T13:45:49","guid":{"rendered":"https:\/\/www.sistar.it\/?post_type=product&#038;p=34102"},"modified":"2025-05-15T08:11:23","modified_gmt":"2025-05-15T08:11:23","slug":"rollo-de-microfibra-arrancable-75-panos","status":"publish","type":"product","link":"https:\/\/www.sistar.it\/es\/prodotti\/rollo-de-microfibra-arrancable-75-panos\/","title":{"rendered":"Rollo de microfibra arrancable &#8211; 75 pa\u00f1os"},"content":{"rendered":"<p>Los pa\u00f1os de microfibra precortados en rollo de 75 pa\u00f1os son una soluci\u00f3n vers\u00e1til y pr\u00e1ctica para la limpieza de cualquier superficie. Perfectos para su uso en talleres, carrocer\u00edas, lavaderos de coches, centros de detallado, etc. Fabricados con material de alta calidad y sin costuras, son capaces de eliminar el polvo, la suciedad y las manchas sin rayar ni da\u00f1ar las superficies, lo que hace que cualquier tipo de limpieza sea sencilla y c\u00f3moda.<\/p>\n<p><strong>Caracter\u00edsticas:<\/strong><\/p>\n<ul>\n<li>Embalaje: rollo de 75 pa\u00f1os arrancables<\/li>\n<li>Color: azul claro<\/li>\n<li>Peso de cada pa\u00f1o: 18 gr<\/li>\n<li>Tama\u00f1o de cada pa\u00f1o: 30&#215;30 cm<\/li>\n<li>Gramaje de cada pa\u00f1o: 200 gsm<\/li>\n<\/ul>\n<div id=\"footable_parent_34101\"\n         class=\" footable_parent ninja_table_wrapper loading_ninja_table wp_table_data_press_parent bootstrap4 colored_table\">\n                <table data-ninja_table_instance=\"ninja_table_instance_0\" data-footable_id=\"34101\" data-filter-delay=\"1000\" aria-label=\"PANNO IN ROTOLO 75 strappi RIWAX( INGLESE )\"            id=\"footable_34101\"\n           data-unique_identifier=\"ninja_table_unique_id_775514283_34101\"\n           class=\" foo-table ninja_footable foo_table_34101 ninja_table_unique_id_775514283_34101 table  white nt_type_ajax_table table-hover vertical_centered inverted footable-paging-right ninja_table_search_disabled\">\n                <colgroup>\n                            <col class=\"ninja_column_0 \">\n                            <col class=\"ninja_column_1 \">\n                            <col class=\"ninja_column_2 \">\n                            <col class=\"ninja_column_3 \">\n                            <col class=\"ninja_column_4 \">\n                    <\/colgroup>\n            <\/table>\n                    <style type=\"text\/css\" id='ninja_table_custom_css_34101'>\n                        #footable_34101  {\n        font-family: sans-serif;\n        font-size: 14px;\n    }\n\n#footable_34101 td.ninja_column_0 { text-align: center; }#footable_34101 th.ninja_column_0 { text-align: center; }#footable_34101 td.ninja_column_1 { text-align: center; }#footable_34101 th.ninja_column_1 { text-align: center; }#footable_34101 td.ninja_column_2 { text-align: center; }#footable_34101 th.ninja_column_2 { text-align: center; }#footable_34101 td.ninja_column_3 { text-align: center; }#footable_34101 th.ninja_column_3 { text-align: center; }#footable_34101 td.ninja_column_4 { text-align: center; }#footable_34101 th.ninja_column_4 { text-align: center; }                <\/style>\n                \n    \n    \n<\/div>\n\n<div class=\"hidden\">785.5614<\/div>\n","protected":false},"excerpt":{"rendered":"<p><img loading=\"lazy\" class=\"alignnone size-full wp-image-29852\" src=\"https:\/\/www.sistar.it\/wp-content\/uploads\/2024\/06\/Riwax-Logo.jpg\" alt=\"\" width=\"235\" height=\"78\" \/><\/p>\n","protected":false},"featured_media":33855,"template":"","meta":[],"product_cat":[328,327],"product_tag":[],"acf":[],"_links":{"self":[{"href":"https:\/\/www.sistar.it\/es\/wp-json\/wp\/v2\/product\/34102"}],"collection":[{"href":"https:\/\/www.sistar.it\/es\/wp-json\/wp\/v2\/product"}],"about":[{"href":"https:\/\/www.sistar.it\/es\/wp-json\/wp\/v2\/types\/product"}],"wp:featuredmedia":[{"embeddable":true,"href":"https:\/\/www.sistar.it\/es\/wp-json\/wp\/v2\/media\/33855"}],"wp:attachment":[{"href":"https:\/\/www.sistar.it\/es\/wp-json\/wp\/v2\/media?parent=34102"}],"wp:term":[{"taxonomy":"product_cat","embeddable":true,"href":"https:\/\/www.sistar.it\/es\/wp-json\/wp\/v2\/product_cat?post=34102"},{"taxonomy":"product_tag","embeddable":true,"href":"https:\/\/www.sistar.it\/es\/wp-json\/wp\/v2\/product_tag?post=34102"}],"curies":[{"name":"wp","href":"https:\/\/api.w.org\/{rel}","templated":true}]}}