{"id":34099,"date":"2025-03-05T13:43:17","date_gmt":"2025-03-05T13:43:17","guid":{"rendered":"https:\/\/www.sistar.it\/?post_type=product&#038;p=34099"},"modified":"2025-03-05T13:43:18","modified_gmt":"2025-03-05T13:43:18","slug":"essential-kit-riwax","status":"publish","type":"product","link":"https:\/\/www.sistar.it\/es\/prodotti\/essential-kit-riwax\/","title":{"rendered":"ESSENTIAL KIT RIWAX"},"content":{"rendered":"<p>Kit de pulido Riwax \u2013 Todo lo esencial para un proceso de pulido completo en solo dos pasos.<\/p>\n<p><strong>Primer paso \u2013 PX100 (compuesto abrasivo de alto rendimiento)<\/strong><br \/>\nPara usar con la almohadilla de lana morada con interfaz, tanto en modo rotativo como orbital. Elimina marcas de lijado, ara\u00f1azos profundos y opacidad. Perfecto para todo tipo de pinturas, incluso reci\u00e9n aplicadas y no curadas.<\/p>\n<p><strong>Segundo paso \u2013 PX200 (compuesto abrasivo pulidor anti-hologramas)<\/strong><br \/>\nPara combinar con la almohadilla c\u00f3nica blanca de dureza media en modo orbital. Elimina hologramas y microara\u00f1azos, proporcionando un brillo profundo a la pintura.<\/p>\n<p><strong>Acabado y mantenimiento \u2013 RX20 (limpiador abrillantador)<\/strong><br \/>\nProtege las superficies creando un efecto hidrof\u00f3bico en las zonas tratadas. Tambi\u00e9n puede usarse solo despu\u00e9s de cada lavado para mantener el brillo y la protecci\u00f3n de la pintura.<\/p>\n<p>\u00a1Essential Kit Riwax es la soluci\u00f3n perfecta para un resultado profesional con el m\u00ednimo esfuerzo!<\/p>\n<p>&nbsp;<\/p>\n<p><strong>C\u00f3digo del kit:\u00a0<\/strong> 785.0004.KIT<\/p>\n<p style=\"text-align: center;\"><span style=\"font-size: 14pt;\"><strong>El kit consta de:<\/strong><\/span><\/p>\n<div id=\"footable_parent_34080\"\n         class=\" footable_parent ninja_table_wrapper loading_ninja_table wp_table_data_press_parent bootstrap4 colored_table\">\n                <table data-ninja_table_instance=\"ninja_table_instance_0\" data-footable_id=\"34080\" data-filter-delay=\"1000\" aria-label=\"ESSENTIAL KIT RIWAX( INGLESE )\"            id=\"footable_34080\"\n           data-unique_identifier=\"ninja_table_unique_id_973578038_34080\"\n           class=\" foo-table ninja_footable foo_table_34080 ninja_table_unique_id_973578038_34080 table  white nt_type_ajax_table table-hover vertical_centered inverted footable-paging-right ninja_table_search_disabled\">\n                <colgroup>\n                            <col class=\"ninja_column_0 \">\n                            <col class=\"ninja_column_1 \">\n                            <col class=\"ninja_column_2 \">\n                    <\/colgroup>\n            <\/table>\n                    <style type=\"text\/css\" id='ninja_table_custom_css_34080'>\n                        #footable_34080  {\n        font-family: sans-serif;\n        font-size: 14px;\n    }\n\n#footable_34080 td.ninja_column_0 { text-align: center; }#footable_34080 th.ninja_column_0 { text-align: center; }#footable_34080 td.ninja_column_1 { text-align: center; }#footable_34080 th.ninja_column_1 { text-align: center; }#footable_34080 td.ninja_column_2 { text-align: center; }#footable_34080 th.ninja_column_2 { text-align: center; }                <\/style>\n                \n    \n    \n<\/div>\n\n","protected":false},"excerpt":{"rendered":"<p><img loading=\"lazy\" class=\"alignnone wp-image-29852\" src=\"https:\/\/www.sistar.it\/wp-content\/uploads\/2024\/06\/Riwax-Logo.jpg\" alt=\"\" width=\"208\" height=\"69\" \/><\/p>\n","protected":false},"featured_media":34084,"template":"","meta":[],"product_cat":[328,372],"product_tag":[],"acf":[],"_links":{"self":[{"href":"https:\/\/www.sistar.it\/es\/wp-json\/wp\/v2\/product\/34099"}],"collection":[{"href":"https:\/\/www.sistar.it\/es\/wp-json\/wp\/v2\/product"}],"about":[{"href":"https:\/\/www.sistar.it\/es\/wp-json\/wp\/v2\/types\/product"}],"wp:featuredmedia":[{"embeddable":true,"href":"https:\/\/www.sistar.it\/es\/wp-json\/wp\/v2\/media\/34084"}],"wp:attachment":[{"href":"https:\/\/www.sistar.it\/es\/wp-json\/wp\/v2\/media?parent=34099"}],"wp:term":[{"taxonomy":"product_cat","embeddable":true,"href":"https:\/\/www.sistar.it\/es\/wp-json\/wp\/v2\/product_cat?post=34099"},{"taxonomy":"product_tag","embeddable":true,"href":"https:\/\/www.sistar.it\/es\/wp-json\/wp\/v2\/product_tag?post=34099"}],"curies":[{"name":"wp","href":"https:\/\/api.w.org\/{rel}","templated":true}]}}