{"id":34003,"date":"2025-05-13T06:47:30","date_gmt":"2025-05-13T06:47:30","guid":{"rendered":"https:\/\/www.sistar.it\/?post_type=product&#038;p=34003"},"modified":"2025-05-13T06:47:31","modified_gmt":"2025-05-13T06:47:31","slug":"trajo-de-trabajo-tyvek-200-easysafe-dupont","status":"publish","type":"product","link":"https:\/\/www.sistar.it\/es\/prodotti\/trajo-de-trabajo-tyvek-200-easysafe-dupont\/","title":{"rendered":"Trajo de trabajo Tyvek\u00ae 200 EasySafe DuPont"},"content":{"rendered":"<p>DuPont\u2122 Tyvek\u00ae 200 EasySafe.<br \/>\nMono con capucha. Costuras exteriores reforzadas. Pu\u00f1os, tobillos y cara el\u00e1sticos. Cintura el\u00e1stica (cosida). Solapa cubre bisagras.<\/p>\n<p>&nbsp;<\/p>\n<p><img loading=\"lazy\" class=\"alignnone size-full wp-image-33995\" src=\"https:\/\/www.sistar.it\/wp-content\/uploads\/2025\/02\/DPI-Tyvek\u00ae-200-EasySafe-.jpg\" alt=\"\" width=\"326\" height=\"70\" srcset=\"https:\/\/www.sistar.it\/wp-content\/uploads\/2025\/02\/DPI-Tyvek\u00ae-200-EasySafe-.jpg 326w, https:\/\/www.sistar.it\/wp-content\/uploads\/2025\/02\/DPI-Tyvek\u00ae-200-EasySafe--320x70.jpg 320w\" sizes=\"(max-width: 326px) 100vw, 326px\" \/><\/p>\n<ul>\n<li>Certificado de conformidad con el Reglamento (UE) 2016\/425 (2462)<\/li>\n<li>Ropa de protecci\u00f3n qu\u00edmica, categor\u00eda III, tipos 5 y 6 (desactivada).<\/li>\n<li>EN 1073-2 (protecci\u00f3n contra la contaminaci\u00f3n radiactiva)<\/li>\n<li>Tratamiento antiest\u00e1tico (EN 1149-1\/5) &#8211; interior y exterior<\/li>\n<li>Costuras exteriores amarillas para identificaci\u00f3n visual y diferenciaci\u00f3n<\/li>\n<li>Tejido suave al tacto para mayor comodidad del usuario<\/li>\n<\/ul>\n<p>&nbsp;<\/p>\n<div id=\"footable_parent_34002\"\n         class=\" footable_parent ninja_table_wrapper loading_ninja_table wp_table_data_press_parent bootstrap4 colored_table\">\n                <table data-ninja_table_instance=\"ninja_table_instance_0\" data-footable_id=\"34002\" data-filter-delay=\"1000\" aria-label=\"TUTA TYVEK 200 EASYSAFE DUPONT C\/CAPPUCCIO Cat. III tipo 5-6( INGLESE )\"            id=\"footable_34002\"\n           data-unique_identifier=\"ninja_table_unique_id_792341463_34002\"\n           class=\" foo-table ninja_footable foo_table_34002 ninja_table_unique_id_792341463_34002 table  white nt_type_ajax_table table-hover vertical_centered inverted footable-paging-right ninja_table_search_disabled\">\n                <colgroup>\n                            <col class=\"ninja_column_0 \">\n                            <col class=\"ninja_column_1 \">\n                            <col class=\"ninja_column_2 \">\n                    <\/colgroup>\n            <\/table>\n                    <style type=\"text\/css\" id='ninja_table_custom_css_34002'>\n                        #footable_34002  {\n        font-family: sans-serif;\n        font-size: 14px;\n    }\n\n#footable_34002 td.ninja_column_0 { text-align: center; }#footable_34002 th.ninja_column_0 { text-align: center; }#footable_34002 td.ninja_column_1 { text-align: center; }#footable_34002 th.ninja_column_1 { text-align: center; }#footable_34002 td.ninja_column_2 { text-align: center; }#footable_34002 th.ninja_column_2 { text-align: center; }                <\/style>\n                \n    \n    \n<\/div>\n\n<p>&nbsp;<\/p>\n<div class=\"hidden\">603.0302.M , 603.0302.L , 603.0302.XL , 603.0302.XXL<\/div>\n","protected":false},"excerpt":{"rendered":"<p><img loading=\"lazy\" class=\"alignnone wp-image-34006\" src=\"https:\/\/www.sistar.it\/wp-content\/uploads\/2025\/02\/dupont-tyvek-200-easysafe-logo-200x200px.jpg\" alt=\"\" width=\"122\" height=\"122\" srcset=\"https:\/\/www.sistar.it\/wp-content\/uploads\/2025\/02\/dupont-tyvek-200-easysafe-logo-200x200px.jpg 200w, https:\/\/www.sistar.it\/wp-content\/uploads\/2025\/02\/dupont-tyvek-200-easysafe-logo-200x200px-160x160.jpg 160w, https:\/\/www.sistar.it\/wp-content\/uploads\/2025\/02\/dupont-tyvek-200-easysafe-logo-200x200px-100x100.jpg 100w\" sizes=\"(max-width: 122px) 100vw, 122px\" \/><\/p>\n","protected":false},"featured_media":34000,"template":"","meta":[],"product_cat":[359],"product_tag":[],"acf":[],"_links":{"self":[{"href":"https:\/\/www.sistar.it\/es\/wp-json\/wp\/v2\/product\/34003"}],"collection":[{"href":"https:\/\/www.sistar.it\/es\/wp-json\/wp\/v2\/product"}],"about":[{"href":"https:\/\/www.sistar.it\/es\/wp-json\/wp\/v2\/types\/product"}],"wp:featuredmedia":[{"embeddable":true,"href":"https:\/\/www.sistar.it\/es\/wp-json\/wp\/v2\/media\/34000"}],"wp:attachment":[{"href":"https:\/\/www.sistar.it\/es\/wp-json\/wp\/v2\/media?parent=34003"}],"wp:term":[{"taxonomy":"product_cat","embeddable":true,"href":"https:\/\/www.sistar.it\/es\/wp-json\/wp\/v2\/product_cat?post=34003"},{"taxonomy":"product_tag","embeddable":true,"href":"https:\/\/www.sistar.it\/es\/wp-json\/wp\/v2\/product_tag?post=34003"}],"curies":[{"name":"wp","href":"https:\/\/api.w.org\/{rel}","templated":true}]}}