{"id":33989,"date":"2025-02-10T13:37:50","date_gmt":"2025-02-10T13:37:50","guid":{"rendered":"https:\/\/www.sistar.it\/?post_type=product&#038;p=33989"},"modified":"2025-05-15T15:01:30","modified_gmt":"2025-05-15T15:01:30","slug":"sparco-impulse-martini-racing-corsica","status":"publish","type":"product","link":"https:\/\/www.sistar.it\/es\/prodotti\/sparco-impulse-martini-racing-corsica\/","title":{"rendered":"SPARCO IMPULSE MARTINI RACING CORSICA"},"content":{"rendered":"<p>Calzado de seguridad IMPULSE MARTINI RACING CORSICA\u00a0 Calzado de seguridad estilo running.<\/p>\n<p>CORTE: sin costuras en tejido 3D microperforado transpirable, refuerzos de tpu resistente a la abrasi\u00f3n y detalles 3D HF.<\/p>\n<p>FORRO:\u00a0tejido 3D microperforado transpirable.<\/p>\n<p>PLANTILLA DESMONTABLE:\u00a0poliuretano de baja densidad antiest\u00e1tico con termoformado ergon\u00f3mico.<\/p>\n<p>PLANTILLA ANTIPUNZANTE: fibra textil sin perforaciones.<\/p>\n<p>FUNDA:\u00a0composite no magn\u00e9tico, aislante, resistente a 200J.<\/p>\n<p>SUELA ANTISTATICA NON-SLIP:\u00a0entresuela de EVA y banda de rodadura de caucho nitr\u00edlico FO+HRO con absorci\u00f3n de energ\u00eda en el tal\u00f3n. Suela TWIST con dibujo en zig-zag Twist Tech que favorece la flexi\u00f3n, garantizando el m\u00e1ximo agarre en cualquier situaci\u00f3n de apoyo.<\/p>\n<p><strong>NORMA | ESD S1PS SR FO HRO<\/strong> <strong>&#8211; EN ISO 20345:2022<\/strong><\/p>\n<p>&nbsp;<\/p>\n<div id=\"footable_parent_33994\"\n         class=\" footable_parent ninja_table_wrapper loading_ninja_table wp_table_data_press_parent bootstrap4 colored_table\">\n                <table data-ninja_table_instance=\"ninja_table_instance_0\" data-footable_id=\"33994\" data-filter-delay=\"1000\" aria-label=\"IMPULSE MARTINI RACING CORSICA ( INGLESE )\"            id=\"footable_33994\"\n           data-unique_identifier=\"ninja_table_unique_id_1684661976_33994\"\n           class=\" foo-table ninja_footable foo_table_33994 ninja_table_unique_id_1684661976_33994 table  white nt_type_ajax_table table-hover vertical_centered inverted footable-paging-right ninja_table_search_disabled\">\n                <colgroup>\n                            <col class=\"ninja_column_0 \">\n                            <col class=\"ninja_column_1 \">\n                    <\/colgroup>\n            <\/table>\n                    <style type=\"text\/css\" id='ninja_table_custom_css_33994'>\n                        #footable_33994  {\n        font-family: sans-serif;\n        font-size: 14px;\n    }\n\n#footable_33994 td.ninja_column_0 { text-align: center; }#footable_33994 th.ninja_column_0 { text-align: center; }#footable_33994 td.ninja_column_1 { text-align: center; }#footable_33994 th.ninja_column_1 { text-align: center; }                <\/style>\n                \n    \n    \n<\/div>\n\n<div class=\"hidden\">5590.07545MRBMRS<\/div>\n","protected":false},"excerpt":{"rendered":"<p>Calzado de seguridad Sparco Impulse Martini Racing Corsica<\/p>\n","protected":false},"featured_media":33992,"template":"","meta":[],"product_cat":[357],"product_tag":[],"acf":[],"_links":{"self":[{"href":"https:\/\/www.sistar.it\/es\/wp-json\/wp\/v2\/product\/33989"}],"collection":[{"href":"https:\/\/www.sistar.it\/es\/wp-json\/wp\/v2\/product"}],"about":[{"href":"https:\/\/www.sistar.it\/es\/wp-json\/wp\/v2\/types\/product"}],"wp:featuredmedia":[{"embeddable":true,"href":"https:\/\/www.sistar.it\/es\/wp-json\/wp\/v2\/media\/33992"}],"wp:attachment":[{"href":"https:\/\/www.sistar.it\/es\/wp-json\/wp\/v2\/media?parent=33989"}],"wp:term":[{"taxonomy":"product_cat","embeddable":true,"href":"https:\/\/www.sistar.it\/es\/wp-json\/wp\/v2\/product_cat?post=33989"},{"taxonomy":"product_tag","embeddable":true,"href":"https:\/\/www.sistar.it\/es\/wp-json\/wp\/v2\/product_tag?post=33989"}],"curies":[{"name":"wp","href":"https:\/\/api.w.org\/{rel}","templated":true}]}}