{"id":33982,"date":"2025-02-03T16:52:15","date_gmt":"2025-02-03T16:52:15","guid":{"rendered":"https:\/\/www.sistar.it\/prodotti\/fly-star-2-0\/"},"modified":"2025-02-06T14:39:42","modified_gmt":"2025-02-06T14:39:42","slug":"fly-star-2-0","status":"publish","type":"product","link":"https:\/\/www.sistar.it\/es\/prodotti\/fly-star-2-0\/","title":{"rendered":"FLY-STAR 2.0"},"content":{"rendered":"<p>Media m\u00e1scara de caucho termopl\u00e1stico con dos filtros FF A1-P2 RD combinados integrados para la protecci\u00f3n contra gases, vapores org\u00e1nicos y part\u00edculas.<\/p>\n<p>El dispositivo est\u00e1 listo para usar y combina la sencillez de los dispositivos desechables con el alto nivel de protecci\u00f3n de los dispositivos reutilizables.<\/p>\n<p>FF A1-P2 RD<br \/>\nEN 405:2001+A1:2009<br \/>\nDPI cat. III<br \/>\n<img loading=\"lazy\" class=\"alignnone size-full wp-image-33772\" src=\"https:\/\/www.sistar.it\/wp-content\/uploads\/2013\/06\/CE-LOGO.jpg\" alt=\"\" width=\"47\" height=\"34\" \/>\u00a00426<\/p>\n<p>&nbsp;<\/p>\n<div id=\"footable_parent_33981\"\n         class=\" footable_parent ninja_table_wrapper loading_ninja_table wp_table_data_press_parent bootstrap4 colored_table\">\n                <table data-ninja_table_instance=\"ninja_table_instance_0\" data-footable_id=\"33981\" data-filter-delay=\"1000\" aria-label=\"FLY-STAR 2.0 ( INGLESE )\"            id=\"footable_33981\"\n           data-unique_identifier=\"ninja_table_unique_id_1436525651_33981\"\n           class=\" foo-table ninja_footable foo_table_33981 ninja_table_unique_id_1436525651_33981 table  white nt_type_ajax_table table-hover vertical_centered inverted footable-paging-right ninja_table_search_disabled\">\n                <colgroup>\n                            <col class=\"ninja_column_0 \">\n                            <col class=\"ninja_column_1 \">\n                    <\/colgroup>\n            <\/table>\n                    <style type=\"text\/css\" id='ninja_table_custom_css_33981'>\n                        #footable_33981  {\n        font-family: sans-serif;\n        font-size: 14px;\n    }\n\n#footable_33981 td.ninja_column_0 { text-align: center; }#footable_33981 th.ninja_column_0 { text-align: center; }#footable_33981 td.ninja_column_1 { text-align: center; }#footable_33981 th.ninja_column_1 { text-align: center; }                <\/style>\n                \n    \n    \n<\/div>\n\n<p>&nbsp;<\/p>\n<div class=\"hidden\">503.0302<\/div>\n<p>&nbsp;<\/p>\n","protected":false},"excerpt":{"rendered":"<p>Media m\u00e1scara de caucho termopl\u00e1stico con dos filtros FF A1-P2 RD combinados integrados para la protecci\u00f3n contra gases, vapores org\u00e1nicos y part\u00edculas. El dispositivo est\u00e1 listo para usar y combina la sencillez de los dispositivos desechables con el alto nivel de protecci\u00f3n de los dispositivos reutilizables. FF A1-P2 RD EN 405:2001+A1:2009 DPI cat. III \u00a00426&#8230;<\/p>\n","protected":false},"featured_media":33812,"template":"","meta":[],"product_cat":[355],"product_tag":[],"acf":[],"_links":{"self":[{"href":"https:\/\/www.sistar.it\/es\/wp-json\/wp\/v2\/product\/33982"}],"collection":[{"href":"https:\/\/www.sistar.it\/es\/wp-json\/wp\/v2\/product"}],"about":[{"href":"https:\/\/www.sistar.it\/es\/wp-json\/wp\/v2\/types\/product"}],"wp:featuredmedia":[{"embeddable":true,"href":"https:\/\/www.sistar.it\/es\/wp-json\/wp\/v2\/media\/33812"}],"wp:attachment":[{"href":"https:\/\/www.sistar.it\/es\/wp-json\/wp\/v2\/media?parent=33982"}],"wp:term":[{"taxonomy":"product_cat","embeddable":true,"href":"https:\/\/www.sistar.it\/es\/wp-json\/wp\/v2\/product_cat?post=33982"},{"taxonomy":"product_tag","embeddable":true,"href":"https:\/\/www.sistar.it\/es\/wp-json\/wp\/v2\/product_tag?post=33982"}],"curies":[{"name":"wp","href":"https:\/\/api.w.org\/{rel}","templated":true}]}}