{"id":33733,"date":"2024-12-06T13:42:13","date_gmt":"2024-12-06T13:42:13","guid":{"rendered":"https:\/\/www.sistar.it\/?post_type=product&#038;p=33733"},"modified":"2024-12-06T13:42:14","modified_gmt":"2024-12-06T13:42:14","slug":"fap-1081","status":"publish","type":"product","link":"https:\/\/www.sistar.it\/es\/prodotti\/fap-1081\/","title":{"rendered":"FAP 1081"},"content":{"rendered":"<p>L\u00e1mina de protecci\u00f3n adhesiva de pl\u00e1stico, transitable, especialmente dise\u00f1ada para la protecci\u00f3n temporal de zonas de transici\u00f3n, encimeras, placa de escamas, zona junto a la m\u00e1quina tintom\u00e9trica y, en general, todas las zonas que desee proteger de la suciedad, la pintura, diversos productos qu\u00edmicos y de ara\u00f1azos y rozaduras. El producto consiste en un soporte de poliolefina blanca que contiene un agente antideslizante y tiene un revestimiento adhesivo acr\u00edlico en la parte inferior.<\/p>\n<p><strong>Caracter\u00edsticas:<\/strong><br \/>\n&#8211; Superficie antideslizante<br \/>\n&#8211; Resistente y duradero<br \/>\n&#8211; Resistente a productos qu\u00edmicos y disolventes<br \/>\n&#8211; F\u00e1cil de aplicar, cortar y limpiar<\/p>\n<div id=\"footable_parent_20827\"\n         class=\" footable_parent ninja_table_wrapper loading_ninja_table wp_table_data_press_parent bootstrap4 colored_table\">\n                <table data-ninja_table_instance=\"ninja_table_instance_0\" data-footable_id=\"20827\" data-filter-delay=\"1000\" aria-label=\"FAP 1081 INGLESE\"            id=\"footable_20827\"\n           data-unique_identifier=\"ninja_table_unique_id_1104003977_20827\"\n           class=\" foo-table ninja_footable foo_table_20827 ninja_table_unique_id_1104003977_20827 table  white nt_type_ajax_table table-hover vertical_centered inverted footable-paging-right ninja_table_search_disabled\">\n                <colgroup>\n                            <col class=\"ninja_column_0 \">\n                            <col class=\"ninja_column_1 \">\n                            <col class=\"ninja_column_2 \">\n                    <\/colgroup>\n            <\/table>\n                    <style type=\"text\/css\" id='ninja_table_custom_css_20827'>\n                        #footable_20827  {\n        font-family: sans-serif;\n        font-size: 14px;\n    }\n\n#footable_20827 td.ninja_column_0 { text-align: center; }#footable_20827 th.ninja_column_0 { text-align: center; }#footable_20827 td.ninja_column_1 { text-align: center; }#footable_20827 th.ninja_column_1 { text-align: center; }#footable_20827 td.ninja_column_2 { text-align: center; }#footable_20827 th.ninja_column_2 { text-align: center; }                <\/style>\n                \n    \n    \n<\/div>\n\n<div class=\"hidden\">188.1081<\/div>\n","protected":false},"excerpt":{"rendered":"<p>PEL\u00cdCULA ADHESIVA DE PROTECCI\u00d3N<\/p>\n","protected":false},"featured_media":33730,"template":"","meta":[],"product_cat":[290],"product_tag":[],"acf":[],"_links":{"self":[{"href":"https:\/\/www.sistar.it\/es\/wp-json\/wp\/v2\/product\/33733"}],"collection":[{"href":"https:\/\/www.sistar.it\/es\/wp-json\/wp\/v2\/product"}],"about":[{"href":"https:\/\/www.sistar.it\/es\/wp-json\/wp\/v2\/types\/product"}],"wp:featuredmedia":[{"embeddable":true,"href":"https:\/\/www.sistar.it\/es\/wp-json\/wp\/v2\/media\/33730"}],"wp:attachment":[{"href":"https:\/\/www.sistar.it\/es\/wp-json\/wp\/v2\/media?parent=33733"}],"wp:term":[{"taxonomy":"product_cat","embeddable":true,"href":"https:\/\/www.sistar.it\/es\/wp-json\/wp\/v2\/product_cat?post=33733"},{"taxonomy":"product_tag","embeddable":true,"href":"https:\/\/www.sistar.it\/es\/wp-json\/wp\/v2\/product_tag?post=33733"}],"curies":[{"name":"wp","href":"https:\/\/api.w.org\/{rel}","templated":true}]}}