{"id":32003,"date":"2024-08-27T09:18:00","date_gmt":"2024-08-27T09:18:00","guid":{"rendered":"https:\/\/www.sistar.it\/prodotti\/flx-pro\/"},"modified":"2025-05-06T14:18:30","modified_gmt":"2025-05-06T14:18:30","slug":"flx-pro","status":"publish","type":"product","link":"https:\/\/www.sistar.it\/es\/prodotti\/flx-pro\/","title":{"rendered":"FLX-PRO"},"content":{"rendered":"<p>Pistola pulverizadora de alta transferencia para el repintado de autom\u00f3viles.<\/p>\n<p>Apta para la aplicaci\u00f3n de imprimaciones y barnices de \u00faltima generaci\u00f3n. Aguja y boquilla de acero inoxidable.<\/p>\n<p>&nbsp;<\/p>\n<div id=\"footable_parent_31956\"\n         class=\" footable_parent ninja_table_wrapper loading_ninja_table wp_table_data_press_parent bootstrap4 colored_table\">\n                <table data-ninja_table_instance=\"ninja_table_instance_0\" data-footable_id=\"31956\" data-filter-delay=\"1000\" aria-label=\"FLX-PRO( INGLESE )\"            id=\"footable_31956\"\n           data-unique_identifier=\"ninja_table_unique_id_2108368298_31956\"\n           class=\" foo-table ninja_footable foo_table_31956 ninja_table_unique_id_2108368298_31956 table  white nt_type_ajax_table table-hover vertical_centered inverted footable-paging-right ninja_table_search_disabled\">\n                <colgroup>\n                            <col class=\"ninja_column_0 \">\n                            <col class=\"ninja_column_1 \">\n                            <col class=\"ninja_column_2 \">\n                    <\/colgroup>\n            <\/table>\n                    <style type=\"text\/css\" id='ninja_table_custom_css_31956'>\n                        #footable_31956  {\n        font-family: sans-serif;\n        font-size: 14px;\n    }\n\n#footable_31956 td.ninja_column_0 { text-align: center; }#footable_31956 th.ninja_column_0 { text-align: center; }#footable_31956 td.ninja_column_1 { text-align: center; }#footable_31956 th.ninja_column_1 { text-align: center; }#footable_31956 td.ninja_column_2 { text-align: center; }#footable_31956 th.ninja_column_2 { text-align: center; }                <\/style>\n                \n    \n    \n<\/div>\n\n<p>&nbsp;<\/p>\n<p style=\"text-align: center;\"><strong><span style=\"font-size: 14pt;\">Accesorios<\/span><\/strong><\/p>\n<div id=\"footable_parent_31958\"\n         class=\" footable_parent ninja_table_wrapper loading_ninja_table wp_table_data_press_parent bootstrap4 colored_table\">\n                <table data-ninja_table_instance=\"ninja_table_instance_1\" data-footable_id=\"31958\" data-filter-delay=\"1000\" aria-label=\"FLX-PRO Accessori( INGLESE )\"            id=\"footable_31958\"\n           data-unique_identifier=\"ninja_table_unique_id_1997892525_31958\"\n           class=\" foo-table ninja_footable foo_table_31958 ninja_table_unique_id_1997892525_31958 table  white nt_type_ajax_table table-hover vertical_centered inverted footable-paging-right ninja_table_search_disabled\">\n                <colgroup>\n                            <col class=\"ninja_column_0 \">\n                            <col class=\"ninja_column_1 \">\n                    <\/colgroup>\n            <\/table>\n                    <style type=\"text\/css\" id='ninja_table_custom_css_31956'>\n                        #footable_31956  {\n        font-family: sans-serif;\n        font-size: 14px;\n    }\n\n#footable_31956 td.ninja_column_0 { text-align: center; }#footable_31956 th.ninja_column_0 { text-align: center; }#footable_31956 td.ninja_column_1 { text-align: center; }#footable_31956 th.ninja_column_1 { text-align: center; }#footable_31956 td.ninja_column_2 { text-align: center; }#footable_31956 th.ninja_column_2 { text-align: center; }                <\/style>\n                                <style type=\"text\/css\" id='ninja_table_custom_css_31958'>\n                        #footable_31958  {\n        font-family: sans-serif;\n        font-size: 14px;\n    }\n\n#footable_31958 td.ninja_column_0 { text-align: center; }#footable_31958 th.ninja_column_0 { text-align: center; }#footable_31958 td.ninja_column_1 { text-align: center; }#footable_31958 th.ninja_column_1 { text-align: center; }                <\/style>\n                \n    \n    \n<\/div>\n\n<p>&nbsp;<\/p>\n<p style=\"text-align: center;\"><span style=\"font-size: 14pt;\"><strong>Kit de recambio<\/strong><\/span><\/p>\n<div id=\"footable_parent_31959\"\n         class=\" footable_parent ninja_table_wrapper loading_ninja_table wp_table_data_press_parent bootstrap4 colored_table\">\n                <table data-ninja_table_instance=\"ninja_table_instance_2\" data-footable_id=\"31959\" data-filter-delay=\"1000\" aria-label=\"FLX-PRO kit ricambio( INGLESE )\"            id=\"footable_31959\"\n           data-unique_identifier=\"ninja_table_unique_id_498787292_31959\"\n           class=\" foo-table ninja_footable foo_table_31959 ninja_table_unique_id_498787292_31959 table  white nt_type_ajax_table table-hover vertical_centered inverted footable-paging-right ninja_table_search_disabled\">\n                <colgroup>\n                            <col class=\"ninja_column_0 \">\n                            <col class=\"ninja_column_1 \">\n                            <col class=\"ninja_column_2 \">\n                    <\/colgroup>\n            <\/table>\n                    <style type=\"text\/css\" id='ninja_table_custom_css_31956'>\n                        #footable_31956  {\n        font-family: sans-serif;\n        font-size: 14px;\n    }\n\n#footable_31956 td.ninja_column_0 { text-align: center; }#footable_31956 th.ninja_column_0 { text-align: center; }#footable_31956 td.ninja_column_1 { text-align: center; }#footable_31956 th.ninja_column_1 { text-align: center; }#footable_31956 td.ninja_column_2 { text-align: center; }#footable_31956 th.ninja_column_2 { text-align: center; }                <\/style>\n                                <style type=\"text\/css\" id='ninja_table_custom_css_31958'>\n                        #footable_31958  {\n        font-family: sans-serif;\n        font-size: 14px;\n    }\n\n#footable_31958 td.ninja_column_0 { text-align: center; }#footable_31958 th.ninja_column_0 { text-align: center; }#footable_31958 td.ninja_column_1 { text-align: center; }#footable_31958 th.ninja_column_1 { text-align: center; }                <\/style>\n                                <style type=\"text\/css\" id='ninja_table_custom_css_31959'>\n                        #footable_31959  {\n        font-family: sans-serif;\n        font-size: 14px;\n    }\n\n#footable_31959 td.ninja_column_0 { text-align: center; }#footable_31959 th.ninja_column_0 { text-align: center; }#footable_31959 td.ninja_column_1 { text-align: center; }#footable_31959 th.ninja_column_1 { text-align: center; }#footable_31959 td.ninja_column_2 { text-align: center; }#footable_31959 th.ninja_column_2 { text-align: center; }                <\/style>\n                \n    \n    \n<\/div>\n\n<div class=\"hidden\">830.01912, 830.01913, 125.0100.5.M, 130.80210, 830.40022, 830.02912, 830.02913<\/div>\n","protected":false},"excerpt":{"rendered":"<p><img loading=\"lazy\" class=\"alignnone size-full wp-image-29873\" src=\"https:\/\/www.sistar.it\/wp-content\/uploads\/2024\/06\/Air-cat-Logo.jpg\" alt=\"\" width=\"236\" height=\"78\" \/><\/p>\n","protected":false},"featured_media":31503,"template":"","meta":[],"product_cat":[313,351],"product_tag":[],"acf":[],"_links":{"self":[{"href":"https:\/\/www.sistar.it\/es\/wp-json\/wp\/v2\/product\/32003"}],"collection":[{"href":"https:\/\/www.sistar.it\/es\/wp-json\/wp\/v2\/product"}],"about":[{"href":"https:\/\/www.sistar.it\/es\/wp-json\/wp\/v2\/types\/product"}],"wp:featuredmedia":[{"embeddable":true,"href":"https:\/\/www.sistar.it\/es\/wp-json\/wp\/v2\/media\/31503"}],"wp:attachment":[{"href":"https:\/\/www.sistar.it\/es\/wp-json\/wp\/v2\/media?parent=32003"}],"wp:term":[{"taxonomy":"product_cat","embeddable":true,"href":"https:\/\/www.sistar.it\/es\/wp-json\/wp\/v2\/product_cat?post=32003"},{"taxonomy":"product_tag","embeddable":true,"href":"https:\/\/www.sistar.it\/es\/wp-json\/wp\/v2\/product_tag?post=32003"}],"curies":[{"name":"wp","href":"https:\/\/api.w.org\/{rel}","templated":true}]}}