{"id":29038,"date":"2024-05-23T15:16:27","date_gmt":"2024-05-23T15:16:27","guid":{"rendered":"https:\/\/www.sistar.it\/prodotti\/tyre-finish-lucido-per-pneumatici\/"},"modified":"2024-07-11T13:05:21","modified_gmt":"2024-07-11T13:05:21","slug":"tyre-finish-abrillantador-de-neumaticos","status":"publish","type":"product","link":"https:\/\/www.sistar.it\/es\/prodotti\/tyre-finish-abrillantador-de-neumaticos\/","title":{"rendered":"TYRE FINISH &#8211; Abrillantador de Neum\u00e1ticos"},"content":{"rendered":"<p>Abrillanta y revitaliza cualquier tipo de neum\u00e1tico, protegi\u00e9ndolo de los agentes atmosf\u00e9ricos y preserv\u00e1ndolo del agrietamiento.<\/p>\n<p>Fabricado con la \u00faltima tecnolog\u00eda, garantiza un efecto \u00abmojado\u00bb de larga duraci\u00f3n, visible incluso despu\u00e9s de 2-3 lavados.<\/p>\n<p>Tyre Finish no contiene disolventes y es bajo en Voc.<\/p>\n<p>&nbsp;<\/p>\n<div id=\"footable_parent_28923\"\n         class=\" footable_parent ninja_table_wrapper loading_ninja_table wp_table_data_press_parent bootstrap4 colored_table\">\n                <table data-ninja_table_instance=\"ninja_table_instance_0\" data-footable_id=\"28923\" data-filter-delay=\"1000\" aria-label=\"TYRE FINISH - LUCIDO PER PNEUMATICI( INGLESE )\"            id=\"footable_28923\"\n           data-unique_identifier=\"ninja_table_unique_id_641338707_28923\"\n           class=\" foo-table ninja_footable foo_table_28923 ninja_table_unique_id_641338707_28923 table  white nt_type_ajax_table table-hover vertical_centered inverted footable-paging-right ninja_table_search_disabled\">\n                <colgroup>\n                            <col class=\"ninja_column_0 \">\n                            <col class=\"ninja_column_1 \">\n                            <col class=\"ninja_column_2 \">\n                    <\/colgroup>\n            <\/table>\n                    <style type=\"text\/css\" id='ninja_table_custom_css_28923'>\n                        #footable_28923  {\n        font-family: sans-serif;\n        font-size: 14px;\n    }\n\n#footable_28923 td.ninja_column_0 { text-align: center; }#footable_28923 th.ninja_column_0 { text-align: center; }#footable_28923 td.ninja_column_1 { text-align: center; }#footable_28923 th.ninja_column_1 { text-align: center; }#footable_28923 td.ninja_column_2 { text-align: center; }#footable_28923 th.ninja_column_2 { text-align: center; }                <\/style>\n                \n    \n    \n<\/div>\n\n<div class=\"hidden\">783.2136.5, 783.2136.20<\/div>\n","protected":false},"excerpt":{"rendered":"<p><img loading=\"lazy\" class=\"alignnone size-full wp-image-26198\" src=\"https:\/\/www.sistar.it\/wp-content\/uploads\/2024\/04\/logo-riwax-180pxl.jpg\" alt=\"\" width=\"180\" height=\"64\" \/><\/p>\n","protected":false},"featured_media":28889,"template":"","meta":[],"product_cat":[328,381],"product_tag":[336],"acf":[],"_links":{"self":[{"href":"https:\/\/www.sistar.it\/es\/wp-json\/wp\/v2\/product\/29038"}],"collection":[{"href":"https:\/\/www.sistar.it\/es\/wp-json\/wp\/v2\/product"}],"about":[{"href":"https:\/\/www.sistar.it\/es\/wp-json\/wp\/v2\/types\/product"}],"wp:featuredmedia":[{"embeddable":true,"href":"https:\/\/www.sistar.it\/es\/wp-json\/wp\/v2\/media\/28889"}],"wp:attachment":[{"href":"https:\/\/www.sistar.it\/es\/wp-json\/wp\/v2\/media?parent=29038"}],"wp:term":[{"taxonomy":"product_cat","embeddable":true,"href":"https:\/\/www.sistar.it\/es\/wp-json\/wp\/v2\/product_cat?post=29038"},{"taxonomy":"product_tag","embeddable":true,"href":"https:\/\/www.sistar.it\/es\/wp-json\/wp\/v2\/product_tag?post=29038"}],"curies":[{"name":"wp","href":"https:\/\/api.w.org\/{rel}","templated":true}]}}