{"id":28816,"date":"2024-05-22T15:09:32","date_gmt":"2024-05-22T15:09:32","guid":{"rendered":"https:\/\/www.sistar.it\/?post_type=product&#038;p=28816"},"modified":"2024-07-18T14:04:06","modified_gmt":"2024-07-18T14:04:06","slug":"filtros-para-cabinas-de-pintura","status":"publish","type":"product","link":"https:\/\/www.sistar.it\/es\/prodotti\/filtros-para-cabinas-de-pintura\/","title":{"rendered":"Filtros para Cabinas de Pintura"},"content":{"rendered":"<section id=\"bt_bb_section69f24dbb83be1\"  class=\"bt_bb_section bt_bb_layout_boxed_1200 bt_bb_vertical_align_top bt_bb_top_spacing_no_spacing bt_bb_bottom_spacing_25\"  data-bt-override-class=\"{&quot;bt_bb_top_spacing_&quot;:{&quot;current_class&quot;:&quot;bt_bb_top_spacing_no_spacing&quot;,&quot;xl&quot;:&quot;no_spacing&quot;},&quot;bt_bb_bottom_spacing_&quot;:{&quot;current_class&quot;:&quot;bt_bb_bottom_spacing_25&quot;,&quot;xl&quot;:&quot;25&quot;}}\"><span class=\"bt_bb_overlay\"><\/span><div class=\"bt_bb_port\"><div class=\"bt_bb_cell\"><div class=\"bt_bb_cell_inner\"><div class=\"bt_bb_row_wrapper\"><div  class=\"bt_bb_row\" ><div  class=\"bt_bb_column col-xl-12 col-xs-12 col-sm-12 col-md-12 col-lg-12 bt_bb_align_left bt_bb_vertical_align_top bt_bb_padding_normal\"  data-width=\"12\" data-bt-override-class=\"{}\"><div class=\"bt_bb_column_content\"><div class=\"bt_bb_column_content_inner\"><div  class=\"bt_bb_text\" ><p>La gama de filtros para cabinas de pintura, seleccionada por Sistar, representa la mejor s\u00edntesis de calidad y precio para la instalaci\u00f3n de cabinas de pintura para filtrar el aire utilizado por las pistolas pulverizadoras.<\/p>\n<p><strong>Caracter\u00edsticas:<\/strong><br \/>\n\u2022 Dimensiones reducidas<br \/>\n\u2022 Peso reducido<br \/>\n\u2022 Simple modularidad<br \/>\n\u2022 Pomos bloqueables<br \/>\n\u2022 Acoplamientos neum\u00e1ticos adicionales en la parte delantera y trasera<br \/>\n\u2022 Reguladores con sistema compensado<br \/>\n\u2022 Nivel de condensado inspeccionable a 360\u00b0 .<br \/>\n\u2022 Los materiales b\u00e1sicos son tecnopol\u00edmero y lat\u00f3n niquelado y presentan una excelente resistencia a la corrosi\u00f3n.<\/p>\n<\/div><\/div><\/div><\/div><\/div><\/div><\/div><\/div><\/div><\/section><section id=\"bt_bb_section69f24dbb84260\"  class=\"bt_bb_section bt_bb_layout_boxed_1200 bt_bb_vertical_align_top bt_bb_top_spacing_40 bt_bb_bottom_spacing_20\"  data-bt-override-class=\"{&quot;bt_bb_top_spacing_&quot;:{&quot;current_class&quot;:&quot;bt_bb_top_spacing_40&quot;,&quot;xl&quot;:&quot;40&quot;},&quot;bt_bb_bottom_spacing_&quot;:{&quot;current_class&quot;:&quot;bt_bb_bottom_spacing_20&quot;,&quot;xl&quot;:&quot;20&quot;}}\"><span class=\"bt_bb_overlay\"><\/span><div class=\"bt_bb_port\"><div class=\"bt_bb_cell\"><div class=\"bt_bb_cell_inner\"><div class=\"bt_bb_row_wrapper\"><div  class=\"bt_bb_row\" ><div  class=\"bt_bb_column col-xl-8 col-xs-12 col-sm-12 col-md-12 col-lg-8 bt_bb_align_center bt_bb_vertical_align_middle bt_bb_padding_0\"  data-width=\"8\" data-bt-override-class=\"{&quot;bt_bb_align_&quot;:{&quot;current_class&quot;:&quot;bt_bb_align_center&quot;,&quot;xl&quot;:&quot;center&quot;},&quot;bt_bb_padding_&quot;:{&quot;current_class&quot;:&quot;bt_bb_padding_0&quot;,&quot;xl&quot;:&quot;0&quot;,&quot;lg&quot;:&quot;0&quot;,&quot;md&quot;:&quot;0&quot;}}\"><div class=\"bt_bb_column_content\"><div class=\"bt_bb_column_content_inner\"><div  class=\"bt_bb_text\" ><p class=\"table_title footable_title\" style=\"text-align: left;\"><span style=\"font-size: 14pt;\"><strong>Filtro de aire con regulador y man\u00f3metro anal\u00f3gico<\/strong><\/span><\/p>\n<p style=\"text-align: left;\">C\u00f3digo: 420.1010<\/p>\n<p style=\"text-align: left;\"><span style=\"font-size: 14pt;\"><strong>Caracter\u00edsticas t\u00e9cnicas:<\/strong><\/span><\/p>\n<ul>\n<li style=\"text-align: left;\"><strong>Grado de filtraci\u00f3n:<\/strong> 20 micron<\/li>\n<li style=\"text-align: left;\"><strong>Presi\u00f3n m\u00e1xima de entrada:<\/strong> 13 bar<\/li>\n<li style=\"text-align: left;\"><strong>Caudal a 6,3 bar (0,63 Mpa; 91 Psi):<\/strong> 3200 Nl\/min<\/li>\n<li style=\"text-align: left;\"><strong>Temperatura m\u00ednima\/m\u00e1xima a 10 bar:<\/strong> -10\u00b0C \/ + 50\u00b0C<\/li>\n<li style=\"text-align: left;\"><strong>Certificaci\u00f3n seg\u00fan ATEX 2014\/34\/UE- II 3G Ex h IIC:<\/strong> SI<\/li>\n<\/ul>\n<\/div><\/div><\/div><\/div><div  class=\"bt_bb_column col-xl-4 col-xs-12 col-sm-12 col-md-12 col-lg-4 bt_bb_align_center bt_bb_vertical_align_top bt_bb_padding_normal\"  data-width=\"4\" data-bt-override-class=\"{&quot;bt_bb_align_&quot;:{&quot;current_class&quot;:&quot;bt_bb_align_center&quot;,&quot;xl&quot;:&quot;center&quot;},&quot;bt_bb_padding_&quot;:{&quot;current_class&quot;:&quot;bt_bb_padding_normal&quot;,&quot;xl&quot;:&quot;normal&quot;}}\"><div class=\"bt_bb_column_content\"><div class=\"bt_bb_column_content_inner\"><div class=\"bt_bb_image bt_bb_shape_square bt_bb_target_self bt_bb_align_inherit bt_bb_hover_style_simple bt_bb_content_display_always bt_bb_content_align_middle bt_bb_remove_padding_yes bt_bb_fill_background_color_full bt_bb_animation_zoom_out animate\" data-bt-override-class=\"{&quot;bt_bb_align_&quot;:{&quot;current_class&quot;:&quot;bt_bb_align_inherit&quot;,&quot;xl&quot;:&quot;inherit&quot;}}\"><span><img width=\"320\" height=\"320\" src=\"https:\/\/www.sistar.it\/wp-content\/uploads\/2024\/05\/420.1010-320x320.jpg\" class=\"attachment-boldthemes_small size-boldthemes_small\" alt=\"https:\/\/www.sistar.it\/wp-content\/uploads\/2024\/05\/420.1010-320x320.jpg\" loading=\"lazy\" data-full_image_src=\"https:\/\/www.sistar.it\/wp-content\/uploads\/2024\/05\/420.1010.jpg\" title=\"420.1010\" srcset=\"https:\/\/www.sistar.it\/wp-content\/uploads\/2024\/05\/420.1010-320x320.jpg 320w, https:\/\/www.sistar.it\/wp-content\/uploads\/2024\/05\/420.1010-640x640.jpg 640w, https:\/\/www.sistar.it\/wp-content\/uploads\/2024\/05\/420.1010-160x160.jpg 160w, https:\/\/www.sistar.it\/wp-content\/uploads\/2024\/05\/420.1010-768x768.jpg 768w, https:\/\/www.sistar.it\/wp-content\/uploads\/2024\/05\/420.1010-300x300.jpg 300w, https:\/\/www.sistar.it\/wp-content\/uploads\/2024\/05\/420.1010-600x600.jpg 600w, https:\/\/www.sistar.it\/wp-content\/uploads\/2024\/05\/420.1010-100x100.jpg 100w, https:\/\/www.sistar.it\/wp-content\/uploads\/2024\/05\/420.1010.jpg 900w\" sizes=\"(max-width: 320px) 100vw, 320px\" \/><\/span><\/div><div class=\"bt_bb_separator bt_bb_top_spacing_no_spacing bt_bb_bottom_spacing_10 bt_bb_border_style_none\" data-bt-override-class=\"{&quot;bt_bb_top_spacing_&quot;:{&quot;current_class&quot;:&quot;bt_bb_top_spacing_no_spacing&quot;,&quot;xl&quot;:&quot;no_spacing&quot;},&quot;bt_bb_bottom_spacing_&quot;:{&quot;current_class&quot;:&quot;bt_bb_bottom_spacing_10&quot;,&quot;xl&quot;:&quot;10&quot;}}\"><\/div><\/div><\/div><\/div><\/div><\/div><div class=\"bt_bb_row_wrapper\"><div  class=\"bt_bb_row\" ><\/div><\/div><\/div><\/div><\/div><\/section><section id=\"bt_bb_section69f24dbb84e8f\"  class=\"bt_bb_section bt_bb_layout_boxed_1200 bt_bb_vertical_align_top bt_bb_top_spacing_40 bt_bb_bottom_spacing_20\"  data-bt-override-class=\"{&quot;bt_bb_top_spacing_&quot;:{&quot;current_class&quot;:&quot;bt_bb_top_spacing_40&quot;,&quot;xl&quot;:&quot;40&quot;},&quot;bt_bb_bottom_spacing_&quot;:{&quot;current_class&quot;:&quot;bt_bb_bottom_spacing_20&quot;,&quot;xl&quot;:&quot;20&quot;}}\"><span class=\"bt_bb_overlay\"><\/span><div class=\"bt_bb_port\"><div class=\"bt_bb_cell\"><div class=\"bt_bb_cell_inner\"><div class=\"bt_bb_row_wrapper\"><div  class=\"bt_bb_row\" ><div  class=\"bt_bb_column col-xl-8 col-xs-12 col-sm-12 col-md-12 col-lg-8 bt_bb_align_center bt_bb_vertical_align_middle bt_bb_padding_normal\"  data-width=\"8\" data-bt-override-class=\"{&quot;bt_bb_align_&quot;:{&quot;current_class&quot;:&quot;bt_bb_align_center&quot;,&quot;xl&quot;:&quot;center&quot;},&quot;bt_bb_padding_&quot;:{&quot;current_class&quot;:&quot;bt_bb_padding_normal&quot;,&quot;xl&quot;:&quot;normal&quot;}}\"><div class=\"bt_bb_column_content\"><div class=\"bt_bb_column_content_inner\"><div  class=\"bt_bb_text\" ><p style=\"text-align: left;\"><span style=\"font-size: 14pt;\"><strong>Conjunto de filtro de aire con regulador, filtro de aceite y man\u00f3metro anal\u00f3gico\u00a0<\/strong><\/span><\/p>\n<p style=\"text-align: left;\">C\u00f3digo: 420.1020<\/p>\n<p style=\"text-align: left;\"><span style=\"font-size: 14pt;\"><strong>Caracter\u00edsticas t\u00e9cnicas:<\/strong><\/span><\/p>\n<ul>\n<li style=\"text-align: left;\"><strong>Grado de filtraci\u00f3n:<\/strong> 0,01 micras &#8211; clase de pureza del aire de salida ISO 8573-1: 1.7.2<\/li>\n<li style=\"text-align: left;\"><strong>Presi\u00f3n m\u00e1xima de entrada:<\/strong> 13 bar<\/li>\n<li style=\"text-align: left;\"><strong>Caudal a 6,3 bar (0,63 Mpa; 91 Psi):<\/strong> 620 Nl\/min (m\u00e1ximo recomendado-N.B. el aumento del caudal reduce la eficacia de purificaci\u00f3n)<\/li>\n<li style=\"text-align: left;\"><strong>Temperatura m\u00ednima\/m\u00e1xima a 10 bar:<\/strong> -10\u00b0C \/ + 50\u00b0C<\/li>\n<li style=\"text-align: left;\"><strong>Certificaci\u00f3n seg\u00fan ATEX 2014\/34\/UE- II 3G Ex h IIC:<\/strong> SI<\/li>\n<\/ul>\n<\/div><\/div><\/div><\/div><div  class=\"bt_bb_column col-xl-4 col-xs-12 col-sm-12 col-md-12 col-lg-4 bt_bb_align_center bt_bb_vertical_align_top bt_bb_padding_normal\"  data-width=\"4\" data-bt-override-class=\"{&quot;bt_bb_align_&quot;:{&quot;current_class&quot;:&quot;bt_bb_align_center&quot;,&quot;xl&quot;:&quot;center&quot;},&quot;bt_bb_padding_&quot;:{&quot;current_class&quot;:&quot;bt_bb_padding_normal&quot;,&quot;xl&quot;:&quot;normal&quot;}}\"><div class=\"bt_bb_column_content\"><div class=\"bt_bb_column_content_inner\"><div class=\"bt_bb_image bt_bb_shape_square bt_bb_target_self bt_bb_align_inherit bt_bb_hover_style_simple bt_bb_content_display_always bt_bb_content_align_middle bt_bb_remove_padding_yes bt_bb_fill_background_color_full bt_bb_animation_zoom_out animate\" data-bt-override-class=\"{&quot;bt_bb_align_&quot;:{&quot;current_class&quot;:&quot;bt_bb_align_inherit&quot;,&quot;xl&quot;:&quot;inherit&quot;}}\"><span><img width=\"320\" height=\"320\" src=\"https:\/\/www.sistar.it\/wp-content\/uploads\/2024\/05\/420.1020-320x320.jpg\" class=\"attachment-boldthemes_small size-boldthemes_small\" alt=\"https:\/\/www.sistar.it\/wp-content\/uploads\/2024\/05\/420.1020-320x320.jpg\" loading=\"lazy\" data-full_image_src=\"https:\/\/www.sistar.it\/wp-content\/uploads\/2024\/05\/420.1020.jpg\" title=\"420.1020\" srcset=\"https:\/\/www.sistar.it\/wp-content\/uploads\/2024\/05\/420.1020-320x320.jpg 320w, https:\/\/www.sistar.it\/wp-content\/uploads\/2024\/05\/420.1020-640x640.jpg 640w, https:\/\/www.sistar.it\/wp-content\/uploads\/2024\/05\/420.1020-160x160.jpg 160w, https:\/\/www.sistar.it\/wp-content\/uploads\/2024\/05\/420.1020-768x768.jpg 768w, https:\/\/www.sistar.it\/wp-content\/uploads\/2024\/05\/420.1020-300x300.jpg 300w, https:\/\/www.sistar.it\/wp-content\/uploads\/2024\/05\/420.1020-600x600.jpg 600w, https:\/\/www.sistar.it\/wp-content\/uploads\/2024\/05\/420.1020-100x100.jpg 100w, https:\/\/www.sistar.it\/wp-content\/uploads\/2024\/05\/420.1020.jpg 900w\" sizes=\"(max-width: 320px) 100vw, 320px\" \/><\/span><\/div><div class=\"bt_bb_separator bt_bb_top_spacing_no_spacing bt_bb_bottom_spacing_10 bt_bb_border_style_none\" data-bt-override-class=\"{&quot;bt_bb_top_spacing_&quot;:{&quot;current_class&quot;:&quot;bt_bb_top_spacing_no_spacing&quot;,&quot;xl&quot;:&quot;no_spacing&quot;},&quot;bt_bb_bottom_spacing_&quot;:{&quot;current_class&quot;:&quot;bt_bb_bottom_spacing_10&quot;,&quot;xl&quot;:&quot;10&quot;,&quot;md&quot;:&quot;no_spacing&quot;}}\"><\/div><\/div><\/div><\/div><\/div><\/div><\/div><\/div><\/div><\/section><section id=\"bt_bb_section69f24dbb85933\"  class=\"bt_bb_section bt_bb_layout_boxed_1200 bt_bb_vertical_align_top bt_bb_top_spacing_40 bt_bb_bottom_spacing_20\"  data-bt-override-class=\"{&quot;bt_bb_top_spacing_&quot;:{&quot;current_class&quot;:&quot;bt_bb_top_spacing_40&quot;,&quot;xl&quot;:&quot;40&quot;},&quot;bt_bb_bottom_spacing_&quot;:{&quot;current_class&quot;:&quot;bt_bb_bottom_spacing_20&quot;,&quot;xl&quot;:&quot;20&quot;}}\"><span class=\"bt_bb_overlay\"><\/span><div class=\"bt_bb_port\"><div class=\"bt_bb_cell\"><div class=\"bt_bb_cell_inner\"><div class=\"bt_bb_row_wrapper\"><div  class=\"bt_bb_row\" ><div  class=\"bt_bb_column col-xl-8 col-xs-12 col-sm-12 col-md-12 col-lg-8 bt_bb_align_center bt_bb_vertical_align_middle bt_bb_padding_normal\"  data-width=\"8\" data-bt-override-class=\"{&quot;bt_bb_align_&quot;:{&quot;current_class&quot;:&quot;bt_bb_align_center&quot;,&quot;xl&quot;:&quot;center&quot;},&quot;bt_bb_padding_&quot;:{&quot;current_class&quot;:&quot;bt_bb_padding_normal&quot;,&quot;xl&quot;:&quot;normal&quot;}}\"><div class=\"bt_bb_column_content\"><div class=\"bt_bb_column_content_inner\"><div  class=\"bt_bb_text\" ><p style=\"text-align: left;\"><span style=\"font-size: 14pt;\"><strong>Conjunto con regulador, filtros de aire, filtros de aceite, filtro de carb\u00f3n activo y man\u00f3metro anal\u00f3gico<\/strong><\/span><\/p>\n<p style=\"text-align: left;\">C\u00f3digo: 420.1030<\/p>\n<p style=\"text-align: left;\"><span style=\"font-size: 14pt;\"><strong>Caracter\u00edsticas t\u00e9cnicas:<\/strong><\/span><\/p>\n<ul>\n<li style=\"text-align: left;\"><strong>Grado de filtraci\u00f3n:<\/strong> 0,003 micras &#8211; clase de pureza del aire de salida ISO8573-1: 1.7.1<\/li>\n<li style=\"text-align: left;\"><strong>Vida \u00fatil del cartucho:<\/strong> 4000 horas<\/li>\n<li style=\"text-align: left;\"><strong>Presi\u00f3n m\u00e1xima de entrada:<\/strong> 13 bar<\/li>\n<li style=\"text-align: left;\"><strong>Caudal a 6,3 bar (0,63 Mpa; 91 Psi):<\/strong> 800 Nl\/min (m\u00e1ximo recomendado-N.B. el aumento del caudal reduce la eficacia de purificaci\u00f3n)<\/li>\n<li style=\"text-align: left;\"><strong>Temperatura m\u00ednima\/m\u00e1xima a 10 bar:<\/strong> -10\u00b0C \/ + 50\u00b0C<\/li>\n<li style=\"text-align: left;\"><strong>Certificaci\u00f3n seg\u00fan ATEX 2014\/34\/UE- II 3G Ex h IIC:<\/strong> SI<\/li>\n<\/ul>\n<\/div><\/div><\/div><\/div><div  class=\"bt_bb_column col-xl-4 col-xs-12 col-sm-12 col-md-12 col-lg-4 bt_bb_align_center bt_bb_vertical_align_top bt_bb_padding_normal\"  data-width=\"4\" data-bt-override-class=\"{&quot;bt_bb_align_&quot;:{&quot;current_class&quot;:&quot;bt_bb_align_center&quot;,&quot;xl&quot;:&quot;center&quot;},&quot;bt_bb_padding_&quot;:{&quot;current_class&quot;:&quot;bt_bb_padding_normal&quot;,&quot;xl&quot;:&quot;normal&quot;}}\"><div class=\"bt_bb_column_content\"><div class=\"bt_bb_column_content_inner\"><div class=\"bt_bb_image bt_bb_shape_square bt_bb_target_self bt_bb_align_inherit bt_bb_hover_style_simple bt_bb_content_display_always bt_bb_content_align_middle bt_bb_remove_padding_yes bt_bb_fill_background_color_full bt_bb_animation_zoom_out animate\" data-bt-override-class=\"{&quot;bt_bb_align_&quot;:{&quot;current_class&quot;:&quot;bt_bb_align_inherit&quot;,&quot;xl&quot;:&quot;inherit&quot;}}\"><span><img width=\"320\" height=\"320\" src=\"https:\/\/www.sistar.it\/wp-content\/uploads\/2024\/05\/420.1030-320x320.jpg\" class=\"attachment-boldthemes_small size-boldthemes_small\" alt=\"https:\/\/www.sistar.it\/wp-content\/uploads\/2024\/05\/420.1030-320x320.jpg\" loading=\"lazy\" data-full_image_src=\"https:\/\/www.sistar.it\/wp-content\/uploads\/2024\/05\/420.1030-scaled.jpg\" title=\"420.1030\" srcset=\"https:\/\/www.sistar.it\/wp-content\/uploads\/2024\/05\/420.1030-320x320.jpg 320w, https:\/\/www.sistar.it\/wp-content\/uploads\/2024\/05\/420.1030-640x640.jpg 640w, https:\/\/www.sistar.it\/wp-content\/uploads\/2024\/05\/420.1030-1280x1280.jpg 1280w, https:\/\/www.sistar.it\/wp-content\/uploads\/2024\/05\/420.1030-160x160.jpg 160w, https:\/\/www.sistar.it\/wp-content\/uploads\/2024\/05\/420.1030-768x768.jpg 768w, https:\/\/www.sistar.it\/wp-content\/uploads\/2024\/05\/420.1030-1536x1536.jpg 1536w, https:\/\/www.sistar.it\/wp-content\/uploads\/2024\/05\/420.1030-2048x2048.jpg 2048w, https:\/\/www.sistar.it\/wp-content\/uploads\/2024\/05\/420.1030-300x300.jpg 300w, https:\/\/www.sistar.it\/wp-content\/uploads\/2024\/05\/420.1030-600x600.jpg 600w, https:\/\/www.sistar.it\/wp-content\/uploads\/2024\/05\/420.1030-100x100.jpg 100w\" sizes=\"(max-width: 320px) 100vw, 320px\" \/><\/span><\/div><div class=\"bt_bb_separator bt_bb_top_spacing_no_spacing bt_bb_bottom_spacing_10 bt_bb_border_style_none\" data-bt-override-class=\"{&quot;bt_bb_top_spacing_&quot;:{&quot;current_class&quot;:&quot;bt_bb_top_spacing_no_spacing&quot;,&quot;xl&quot;:&quot;no_spacing&quot;},&quot;bt_bb_bottom_spacing_&quot;:{&quot;current_class&quot;:&quot;bt_bb_bottom_spacing_10&quot;,&quot;xl&quot;:&quot;10&quot;}}\"><\/div><\/div><\/div><\/div><\/div><\/div><\/div><\/div><\/div><\/section>","protected":false},"excerpt":{"rendered":"<p>&nbsp;<\/p>\n<p>&nbsp;<\/p>\n","protected":false},"featured_media":28869,"template":"","meta":[],"product_cat":[313,342],"product_tag":[],"acf":[],"_links":{"self":[{"href":"https:\/\/www.sistar.it\/es\/wp-json\/wp\/v2\/product\/28816"}],"collection":[{"href":"https:\/\/www.sistar.it\/es\/wp-json\/wp\/v2\/product"}],"about":[{"href":"https:\/\/www.sistar.it\/es\/wp-json\/wp\/v2\/types\/product"}],"wp:featuredmedia":[{"embeddable":true,"href":"https:\/\/www.sistar.it\/es\/wp-json\/wp\/v2\/media\/28869"}],"wp:attachment":[{"href":"https:\/\/www.sistar.it\/es\/wp-json\/wp\/v2\/media?parent=28816"}],"wp:term":[{"taxonomy":"product_cat","embeddable":true,"href":"https:\/\/www.sistar.it\/es\/wp-json\/wp\/v2\/product_cat?post=28816"},{"taxonomy":"product_tag","embeddable":true,"href":"https:\/\/www.sistar.it\/es\/wp-json\/wp\/v2\/product_tag?post=28816"}],"curies":[{"name":"wp","href":"https:\/\/api.w.org\/{rel}","templated":true}]}}