{"id":25917,"date":"2024-04-10T15:24:55","date_gmt":"2024-04-10T15:24:55","guid":{"rendered":"https:\/\/www.sistar.it\/prodotti\/interface-pad-grip-21-holes\/"},"modified":"2024-06-06T13:35:35","modified_gmt":"2024-06-06T13:35:35","slug":"interfaz-grip-21-agujeros","status":"publish","type":"product","link":"https:\/\/www.sistar.it\/es\/prodotti\/interfaz-grip-21-agujeros\/","title":{"rendered":"Interfaz grip 21 agujeros"},"content":{"rendered":"<p>Interfaz utilizada en combinaci\u00f3n con los discos de lija P220 o m\u00e1s finos, para el lijado en seco, h\u00famedo y sobre superficies redondeadas y bordes.<\/p>\n<p>La interfaz se coloca entre plato y el disco de lija.<\/p>\n<p><strong>Caracter\u00edsticas:<\/strong><\/p>\n<ul>\n<li><strong>Tama\u00f1o: <\/strong>\u00d8 150 mm<\/li>\n<li><strong>N\u00b0 agujeros: <\/strong>21<\/li>\n<li><strong>Conexi\u00f3n: <\/strong>GRIP<\/li>\n<\/ul>\n<p>&nbsp;<\/p>\n<div id=\"footable_parent_25916\"\n         class=\" footable_parent ninja_table_wrapper loading_ninja_table wp_table_data_press_parent bootstrap4 colored_table\">\n                <table data-ninja_table_instance=\"ninja_table_instance_0\" data-footable_id=\"25916\" data-filter-delay=\"1000\" aria-label=\"Interfaccia Grip 21 Fori( INGLESE )\"            id=\"footable_25916\"\n           data-unique_identifier=\"ninja_table_unique_id_1387974671_25916\"\n           class=\" foo-table ninja_footable foo_table_25916 ninja_table_unique_id_1387974671_25916 table  white nt_type_ajax_table table-hover vertical_centered inverted footable-paging-right ninja_table_search_disabled\">\n                <colgroup>\n                            <col class=\"ninja_column_0 \">\n                            <col class=\"ninja_column_1 \">\n                            <col class=\"ninja_column_2 \">\n                            <col class=\"ninja_column_3 \">\n                    <\/colgroup>\n            <\/table>\n                    <style type=\"text\/css\" id='ninja_table_custom_css_25916'>\n                        #footable_25916  {\n        font-family: sans-serif;\n        font-size: 14px;\n    }\n\n#footable_25916 td.ninja_column_0 { text-align: center; }#footable_25916 th.ninja_column_0 { text-align: center; }#footable_25916 td.ninja_column_1 { text-align: center; }#footable_25916 th.ninja_column_1 { text-align: center; }#footable_25916 td.ninja_column_2 { text-align: center; }#footable_25916 th.ninja_column_2 { text-align: center; }#footable_25916 td.ninja_column_3 { text-align: center; }#footable_25916 th.ninja_column_3 { text-align: center; }                <\/style>\n                \n    \n    \n<\/div>\n\n<div class=\"hidden\">171.0603, 171.0608<\/div>\n","protected":false},"excerpt":{"rendered":"<p>Interfaz utilizada en combinaci\u00f3n con los discos de lija P220 o m\u00e1s finos, para el lijado en seco, h\u00famedo y sobre superficies redondeadas y bordes. La interfaz se coloca entre plato y el disco de lija. Caracter\u00edsticas: Tama\u00f1o: \u00d8 150 mm N\u00b0 agujeros: 21 Conexi\u00f3n: GRIP &nbsp; 171.0603, 171.0608<\/p>\n","protected":false},"featured_media":17446,"template":"","meta":[],"product_cat":[292],"product_tag":[],"acf":[],"_links":{"self":[{"href":"https:\/\/www.sistar.it\/es\/wp-json\/wp\/v2\/product\/25917"}],"collection":[{"href":"https:\/\/www.sistar.it\/es\/wp-json\/wp\/v2\/product"}],"about":[{"href":"https:\/\/www.sistar.it\/es\/wp-json\/wp\/v2\/types\/product"}],"wp:featuredmedia":[{"embeddable":true,"href":"https:\/\/www.sistar.it\/es\/wp-json\/wp\/v2\/media\/17446"}],"wp:attachment":[{"href":"https:\/\/www.sistar.it\/es\/wp-json\/wp\/v2\/media?parent=25917"}],"wp:term":[{"taxonomy":"product_cat","embeddable":true,"href":"https:\/\/www.sistar.it\/es\/wp-json\/wp\/v2\/product_cat?post=25917"},{"taxonomy":"product_tag","embeddable":true,"href":"https:\/\/www.sistar.it\/es\/wp-json\/wp\/v2\/product_tag?post=25917"}],"curies":[{"name":"wp","href":"https:\/\/api.w.org\/{rel}","templated":true}]}}