{"id":25363,"date":"2024-04-04T14:28:10","date_gmt":"2024-04-04T14:28:10","guid":{"rendered":"https:\/\/www.sistar.it\/prodotti\/espositore-riwax\/"},"modified":"2024-07-11T13:07:06","modified_gmt":"2024-07-11T13:07:06","slug":"expositor-riwax","status":"publish","type":"product","link":"https:\/\/www.sistar.it\/es\/prodotti\/expositor-riwax\/","title":{"rendered":"Expositor Riwax"},"content":{"rendered":"<p>Pr\u00e1ctico expositor de pl\u00e1stico con 4 estantes fijos para todos los productos Riwax. F\u00e1cil de desplazar gracias a las cuatro ruedas giratorias.<\/p>\n<p>El expositor se presta gratuitamente a los distribuidores que manejan la l\u00ednea Riwax.<\/p>\n<p>&nbsp;<\/p>\n<div id=\"footable_parent_25364\"\n         class=\" footable_parent ninja_table_wrapper loading_ninja_table wp_table_data_press_parent bootstrap4 colored_table\">\n                <table data-ninja_table_instance=\"ninja_table_instance_0\" data-footable_id=\"25364\" data-filter-delay=\"1000\" aria-label=\"ESPOSITORE RIWAX( INGLESE )\"            id=\"footable_25364\"\n           data-unique_identifier=\"ninja_table_unique_id_358629198_25364\"\n           class=\" foo-table ninja_footable foo_table_25364 ninja_table_unique_id_358629198_25364 table  white nt_type_ajax_table table-hover vertical_centered inverted footable-paging-right ninja_table_search_disabled\">\n                <colgroup>\n                            <col class=\"ninja_column_0 \">\n                            <col class=\"ninja_column_1 \">\n                    <\/colgroup>\n            <\/table>\n                    <style type=\"text\/css\" id='ninja_table_custom_css_25364'>\n                        #footable_25364  {\n        font-family: sans-serif;\n        font-size: 14px;\n    }\n\n#footable_25364 td.ninja_column_0 { text-align: center; }#footable_25364 th.ninja_column_0 { text-align: center; }#footable_25364 td.ninja_column_1 { text-align: center; }#footable_25364 th.ninja_column_1 { text-align: center; }                <\/style>\n                \n    \n    \n<\/div>\n\n<div class=\"hidden\">785.4200<\/div>\n","protected":false},"excerpt":{"rendered":"<p><img loading=\"lazy\" class=\"alignnone size-full wp-image-26200\" src=\"https:\/\/www.sistar.it\/wp-content\/uploads\/2024\/04\/logo-riwax-180pxl.jpg\" alt=\"\" width=\"180\" height=\"64\" \/><\/p>\n","protected":false},"featured_media":25126,"template":"","meta":[],"product_cat":[328],"product_tag":[336],"acf":[],"_links":{"self":[{"href":"https:\/\/www.sistar.it\/es\/wp-json\/wp\/v2\/product\/25363"}],"collection":[{"href":"https:\/\/www.sistar.it\/es\/wp-json\/wp\/v2\/product"}],"about":[{"href":"https:\/\/www.sistar.it\/es\/wp-json\/wp\/v2\/types\/product"}],"wp:featuredmedia":[{"embeddable":true,"href":"https:\/\/www.sistar.it\/es\/wp-json\/wp\/v2\/media\/25126"}],"wp:attachment":[{"href":"https:\/\/www.sistar.it\/es\/wp-json\/wp\/v2\/media?parent=25363"}],"wp:term":[{"taxonomy":"product_cat","embeddable":true,"href":"https:\/\/www.sistar.it\/es\/wp-json\/wp\/v2\/product_cat?post=25363"},{"taxonomy":"product_tag","embeddable":true,"href":"https:\/\/www.sistar.it\/es\/wp-json\/wp\/v2\/product_tag?post=25363"}],"curies":[{"name":"wp","href":"https:\/\/api.w.org\/{rel}","templated":true}]}}