{"id":25285,"date":"2024-04-04T08:48:40","date_gmt":"2024-04-04T08:48:40","guid":{"rendered":"https:\/\/www.sistar.it\/prodotti\/clean-polish\/"},"modified":"2024-07-11T13:17:52","modified_gmt":"2024-07-11T13:17:52","slug":"clean-polish","status":"publish","type":"product","link":"https:\/\/www.sistar.it\/es\/prodotti\/clean-polish\/","title":{"rendered":"Clean &#038; Polish"},"content":{"rendered":"<p>Producto para limpiar y pulir f\u00e1cilmente pinturas muy desgastadas o para eliminar ara\u00f1azos profundos.<\/p>\n<p>Elimina f\u00e1cilmente los dep\u00f3sitos y la oxidaci\u00f3n en estructuras lisas o cuadriculadas.<\/p>\n<p>&nbsp;<\/p>\n<div id=\"footable_parent_25286\"\n         class=\" footable_parent ninja_table_wrapper loading_ninja_table wp_table_data_press_parent bootstrap4 colored_table\">\n                <table data-ninja_table_instance=\"ninja_table_instance_0\" data-footable_id=\"25286\" data-filter-delay=\"1000\" aria-label=\"CLEAN &amp; POLISH( INGLESE )\"            id=\"footable_25286\"\n           data-unique_identifier=\"ninja_table_unique_id_1036016028_25286\"\n           class=\" foo-table ninja_footable foo_table_25286 ninja_table_unique_id_1036016028_25286 table  white nt_type_ajax_table table-hover vertical_centered inverted footable-paging-right ninja_table_search_disabled\">\n                <colgroup>\n                            <col class=\"ninja_column_0 \">\n                            <col class=\"ninja_column_1 \">\n                            <col class=\"ninja_column_2 \">\n                    <\/colgroup>\n            <\/table>\n                    <style type=\"text\/css\" id='ninja_table_custom_css_25286'>\n                        #footable_25286  {\n        font-family: sans-serif;\n        font-size: 14px;\n    }\n\n#footable_25286 td.ninja_column_0 { text-align: center; }#footable_25286 th.ninja_column_0 { text-align: center; }#footable_25286 td.ninja_column_1 { text-align: center; }#footable_25286 th.ninja_column_1 { text-align: center; }#footable_25286 td.ninja_column_2 { text-align: center; }#footable_25286 th.ninja_column_2 { text-align: center; }                <\/style>\n                \n    \n    \n<\/div>\n\n<div class=\"hidden\">787.03510-025<\/div>\n","protected":false},"excerpt":{"rendered":"<p><img loading=\"lazy\" class=\"alignnone size-full wp-image-26200\" src=\"https:\/\/www.sistar.it\/wp-content\/uploads\/2024\/04\/logo-riwax-180pxl.jpg\" alt=\"\" width=\"180\" height=\"64\" \/><\/p>\n","protected":false},"featured_media":25046,"template":"","meta":[],"product_cat":[328,382],"product_tag":[336],"acf":[],"_links":{"self":[{"href":"https:\/\/www.sistar.it\/es\/wp-json\/wp\/v2\/product\/25285"}],"collection":[{"href":"https:\/\/www.sistar.it\/es\/wp-json\/wp\/v2\/product"}],"about":[{"href":"https:\/\/www.sistar.it\/es\/wp-json\/wp\/v2\/types\/product"}],"wp:featuredmedia":[{"embeddable":true,"href":"https:\/\/www.sistar.it\/es\/wp-json\/wp\/v2\/media\/25046"}],"wp:attachment":[{"href":"https:\/\/www.sistar.it\/es\/wp-json\/wp\/v2\/media?parent=25285"}],"wp:term":[{"taxonomy":"product_cat","embeddable":true,"href":"https:\/\/www.sistar.it\/es\/wp-json\/wp\/v2\/product_cat?post=25285"},{"taxonomy":"product_tag","embeddable":true,"href":"https:\/\/www.sistar.it\/es\/wp-json\/wp\/v2\/product_tag?post=25285"}],"curies":[{"name":"wp","href":"https:\/\/api.w.org\/{rel}","templated":true}]}}