{"id":25159,"date":"2013-07-09T11:14:22","date_gmt":"2013-07-09T11:14:22","guid":{"rendered":"https:\/\/www.sistar.it\/prodotti\/wax-polish-2-in-1-lucida-protegge\/"},"modified":"2024-04-15T09:00:26","modified_gmt":"2024-04-15T09:00:26","slug":"wax-polish-2-in-1-abrillanta-y-protege","status":"publish","type":"product","link":"https:\/\/www.sistar.it\/es\/prodotti\/wax-polish-2-in-1-abrillanta-y-protege\/","title":{"rendered":"WAX POLISH 2 in 1 Abrillanta y protege"},"content":{"rendered":"<p>Un abrillantador ligeramente abrasivo de \u00faltima tecnolog\u00eda que protege y abrillanta en una sola operaci\u00f3n.<\/p>\n<p>Al tiempo que elimina la capa superficial oxidada y los ara\u00f1azos superficiales, proporciona a la pintura un brillo resplandeciente y una excelente protecci\u00f3n.<\/p>\n<p>&nbsp;<\/p>\n<div id=\"footable_parent_25160\"\n         class=\" footable_parent ninja_table_wrapper loading_ninja_table wp_table_data_press_parent bootstrap4 colored_table\">\n                <table data-ninja_table_instance=\"ninja_table_instance_0\" data-footable_id=\"25160\" data-filter-delay=\"1000\" aria-label=\"WAX POLISH 2 in 1 lucida &amp; protegge( INGLESE )\"            id=\"footable_25160\"\n           data-unique_identifier=\"ninja_table_unique_id_652706658_25160\"\n           class=\" foo-table ninja_footable foo_table_25160 ninja_table_unique_id_652706658_25160 table  white nt_type_ajax_table table-hover vertical_centered inverted footable-paging-right ninja_table_search_disabled\">\n                <colgroup>\n                            <col class=\"ninja_column_0 \">\n                            <col class=\"ninja_column_1 \">\n                            <col class=\"ninja_column_2 \">\n                    <\/colgroup>\n            <\/table>\n                    <style type=\"text\/css\" id='ninja_table_custom_css_25160'>\n                        #footable_25160  {\n        font-family: sans-serif;\n        font-size: 14px;\n    }\n\n#footable_25160 td.ninja_column_0 { text-align: center; }#footable_25160 th.ninja_column_0 { text-align: center; }#footable_25160 td.ninja_column_1 { text-align: center; }#footable_25160 th.ninja_column_1 { text-align: center; }#footable_25160 td.ninja_column_2 { text-align: center; }#footable_25160 th.ninja_column_2 { text-align: center; }                <\/style>\n                \n    \n    \n<\/div>\n\n<div class=\"hidden\">782.3010<\/div>\n","protected":false},"excerpt":{"rendered":"<p><img loading=\"lazy\" class=\"alignnone size-full wp-image-26200\" src=\"https:\/\/www.sistar.it\/wp-content\/uploads\/2024\/04\/logo-riwax-180pxl.jpg\" alt=\"\" width=\"180\" height=\"64\" \/><\/p>\n","protected":false},"featured_media":35307,"template":"","meta":[],"product_cat":[328,372],"product_tag":[336],"acf":[],"_links":{"self":[{"href":"https:\/\/www.sistar.it\/es\/wp-json\/wp\/v2\/product\/25159"}],"collection":[{"href":"https:\/\/www.sistar.it\/es\/wp-json\/wp\/v2\/product"}],"about":[{"href":"https:\/\/www.sistar.it\/es\/wp-json\/wp\/v2\/types\/product"}],"wp:featuredmedia":[{"embeddable":true,"href":"https:\/\/www.sistar.it\/es\/wp-json\/wp\/v2\/media\/35307"}],"wp:attachment":[{"href":"https:\/\/www.sistar.it\/es\/wp-json\/wp\/v2\/media?parent=25159"}],"wp:term":[{"taxonomy":"product_cat","embeddable":true,"href":"https:\/\/www.sistar.it\/es\/wp-json\/wp\/v2\/product_cat?post=25159"},{"taxonomy":"product_tag","embeddable":true,"href":"https:\/\/www.sistar.it\/es\/wp-json\/wp\/v2\/product_tag?post=25159"}],"curies":[{"name":"wp","href":"https:\/\/api.w.org\/{rel}","templated":true}]}}