{"id":24893,"date":"2016-10-03T12:46:46","date_gmt":"2016-10-03T12:46:46","guid":{"rendered":"https:\/\/www.sistar.it\/prodotti\/dual-action-polisher-rw-l21\/"},"modified":"2024-04-15T09:32:24","modified_gmt":"2024-04-15T09:32:24","slug":"dual-action-polisher-rw-l21","status":"publish","type":"product","link":"https:\/\/www.sistar.it\/es\/prodotti\/dual-action-polisher-rw-l21\/","title":{"rendered":"Dual action polisher RW-L21"},"content":{"rendered":"<p>Pulidora orbital aleatoria r\u00e1pida, potente, segura y f\u00e1cil de usar. Resultados profesionales incluso para los inexpertos.<\/p>\n<p>Regulador de velocidad con 6 posiciones, Dise\u00f1o ergon\u00f3mico y c\u00f3modo. Cubrecabezal con goma Soft-Touch para un agarre seguro con las dos manos.<\/p>\n<p>A diferencia de las pulidoras rotativas convencionales, previene la formaci\u00f3n de hologramas en las superficies pulidas, evitando la necesidad de eliminarlos con una operaci\u00f3n de pulido posterior<\/p>\n<p>Incluido en el paquete: Plato soporte velcro 150 mm, Llave Allen, 2 Escobillas de Carbono de repuesto, Manual de instrucciones.<\/p>\n<p><span style=\"font-size: 14pt;\"><strong>Caracter\u00edsticas:<\/strong><\/span><\/p>\n<ul>\n<li><strong>Orbita:\u00a0<\/strong>21 mm<\/li>\n<li><strong>Revoluciones por minuto: <\/strong>1.800-4.800 OPM (orbite\/min.)<\/li>\n<li><strong>Di\u00e1metro: <\/strong>125\/150 mm<\/li>\n<li><strong>Rosca:<\/strong> 5\/16&#8243;<\/li>\n<li><strong>Voltaje: <\/strong>220-240 V 50 Hz<\/li>\n<li><strong>Potencia: <\/strong>880 W<\/li>\n<li><strong>Longitud del cable: <\/strong>4,0 m ca. con spina Schuko<\/li>\n<li><strong>Tama\u00f1o: <\/strong>380mm<\/li>\n<li><strong>Peso: <\/strong>2,5 Kg<\/li>\n<\/ul>\n<p>&nbsp;<\/p>\n<div id=\"footable_parent_24895\"\n         class=\" footable_parent ninja_table_wrapper loading_ninja_table wp_table_data_press_parent bootstrap4 colored_table\">\n                <table data-ninja_table_instance=\"ninja_table_instance_0\" data-footable_id=\"24895\" data-filter-delay=\"1000\" aria-label=\"DUAL ACTION POLISHER RW-L21( INGLESE )\"            id=\"footable_24895\"\n           data-unique_identifier=\"ninja_table_unique_id_2046754513_24895\"\n           class=\" foo-table ninja_footable foo_table_24895 ninja_table_unique_id_2046754513_24895 table  white nt_type_ajax_table table-hover vertical_centered inverted footable-paging-right ninja_table_search_disabled\">\n                <colgroup>\n                            <col class=\"ninja_column_0 \">\n                            <col class=\"ninja_column_1 \">\n                    <\/colgroup>\n            <\/table>\n                    <style type=\"text\/css\" id='ninja_table_custom_css_24895'>\n                        #footable_24895  {\n        font-family: sans-serif;\n        font-size: 14px;\n    }\n\n#footable_24895 td.ninja_column_0 { text-align: center; }#footable_24895 th.ninja_column_0 { text-align: center; }#footable_24895 td.ninja_column_1 { text-align: center; }#footable_24895 th.ninja_column_1 { text-align: center; }                <\/style>\n                \n    \n    \n<\/div>\n\n<div class=\"hidden\">785.5713<\/div>\n","protected":false},"excerpt":{"rendered":"<p><img loading=\"lazy\" class=\"alignnone size-full wp-image-26200\" src=\"https:\/\/www.sistar.it\/wp-content\/uploads\/2024\/04\/logo-riwax-180pxl.jpg\" alt=\"\" width=\"180\" height=\"64\" \/><\/p>\n","protected":false},"featured_media":24483,"template":"","meta":[],"product_cat":[313,353,328,327],"product_tag":[336],"acf":[],"_links":{"self":[{"href":"https:\/\/www.sistar.it\/es\/wp-json\/wp\/v2\/product\/24893"}],"collection":[{"href":"https:\/\/www.sistar.it\/es\/wp-json\/wp\/v2\/product"}],"about":[{"href":"https:\/\/www.sistar.it\/es\/wp-json\/wp\/v2\/types\/product"}],"wp:featuredmedia":[{"embeddable":true,"href":"https:\/\/www.sistar.it\/es\/wp-json\/wp\/v2\/media\/24483"}],"wp:attachment":[{"href":"https:\/\/www.sistar.it\/es\/wp-json\/wp\/v2\/media?parent=24893"}],"wp:term":[{"taxonomy":"product_cat","embeddable":true,"href":"https:\/\/www.sistar.it\/es\/wp-json\/wp\/v2\/product_cat?post=24893"},{"taxonomy":"product_tag","embeddable":true,"href":"https:\/\/www.sistar.it\/es\/wp-json\/wp\/v2\/product_tag?post=24893"}],"curies":[{"name":"wp","href":"https:\/\/api.w.org\/{rel}","templated":true}]}}