{"id":24876,"date":"2024-04-03T07:50:22","date_gmt":"2024-04-03T07:50:22","guid":{"rendered":"https:\/\/www.sistar.it\/prodotti\/rubinetto-per-tanica-20-l\/"},"modified":"2024-04-15T07:53:04","modified_gmt":"2024-04-15T07:53:04","slug":"grifo-de-la-cisterna-20-l","status":"publish","type":"product","link":"https:\/\/www.sistar.it\/es\/prodotti\/grifo-de-la-cisterna-20-l\/","title":{"rendered":"Grifo de la cisterna 20 L"},"content":{"rendered":"<p>Facilita el vertido del l\u00edquido en recipientes m\u00e1s peque\u00f1os y c\u00f3modos. Indispensable para verter Waterless en el pulverizador Spray Matic.<\/p>\n<div id=\"footable_parent_24877\"\n         class=\" footable_parent ninja_table_wrapper loading_ninja_table wp_table_data_press_parent bootstrap4 colored_table\">\n                <table data-ninja_table_instance=\"ninja_table_instance_0\" data-footable_id=\"24877\" data-filter-delay=\"1000\" aria-label=\"RUBINETTO PER TANICA 20 L( INGLESE )\"            id=\"footable_24877\"\n           data-unique_identifier=\"ninja_table_unique_id_2061006597_24877\"\n           class=\" foo-table ninja_footable foo_table_24877 ninja_table_unique_id_2061006597_24877 table  white nt_type_ajax_table table-hover vertical_centered inverted footable-paging-right ninja_table_search_disabled\">\n                <colgroup>\n                            <col class=\"ninja_column_0 \">\n                            <col class=\"ninja_column_1 \">\n                            <col class=\"ninja_column_2 \">\n                    <\/colgroup>\n            <\/table>\n                    <style type=\"text\/css\" id='ninja_table_custom_css_24877'>\n                        #footable_24877  {\n        font-family: sans-serif;\n        font-size: 14px;\n    }\n\n#footable_24877 td.ninja_column_0 { text-align: center; }#footable_24877 th.ninja_column_0 { text-align: center; }#footable_24877 td.ninja_column_1 { text-align: center; }#footable_24877 th.ninja_column_1 { text-align: center; }#footable_24877 td.ninja_column_2 { text-align: center; }#footable_24877 th.ninja_column_2 { text-align: center; }                <\/style>\n                \n    \n    \n<\/div>\n\n<div class=\"hidden\">785.4020, 785.4012<\/div>\n","protected":false},"excerpt":{"rendered":"<p><img loading=\"lazy\" class=\"alignnone size-full wp-image-26200\" src=\"https:\/\/www.sistar.it\/wp-content\/uploads\/2024\/04\/logo-riwax-180pxl.jpg\" alt=\"\" width=\"180\" height=\"64\" \/><\/p>\n","protected":false},"featured_media":24463,"template":"","meta":[],"product_cat":[328,327],"product_tag":[336],"acf":[],"_links":{"self":[{"href":"https:\/\/www.sistar.it\/es\/wp-json\/wp\/v2\/product\/24876"}],"collection":[{"href":"https:\/\/www.sistar.it\/es\/wp-json\/wp\/v2\/product"}],"about":[{"href":"https:\/\/www.sistar.it\/es\/wp-json\/wp\/v2\/types\/product"}],"wp:featuredmedia":[{"embeddable":true,"href":"https:\/\/www.sistar.it\/es\/wp-json\/wp\/v2\/media\/24463"}],"wp:attachment":[{"href":"https:\/\/www.sistar.it\/es\/wp-json\/wp\/v2\/media?parent=24876"}],"wp:term":[{"taxonomy":"product_cat","embeddable":true,"href":"https:\/\/www.sistar.it\/es\/wp-json\/wp\/v2\/product_cat?post=24876"},{"taxonomy":"product_tag","embeddable":true,"href":"https:\/\/www.sistar.it\/es\/wp-json\/wp\/v2\/product_tag?post=24876"}],"curies":[{"name":"wp","href":"https:\/\/api.w.org\/{rel}","templated":true}]}}