{"id":24820,"date":"2024-04-02T14:16:59","date_gmt":"2024-04-02T14:16:59","guid":{"rendered":"https:\/\/www.sistar.it\/prodotti\/panno-in-microfibra-double-face-a-pelo-lungo-viola\/"},"modified":"2024-04-15T07:55:53","modified_gmt":"2024-04-15T07:55:53","slug":"pano-de-microfibra-purpura-de-pelo-largo-y-doble-cara","status":"publish","type":"product","link":"https:\/\/www.sistar.it\/es\/prodotti\/pano-de-microfibra-purpura-de-pelo-largo-y-doble-cara\/","title":{"rendered":"Pa\u00f1o de microfibra p\u00farpura de pelo largo y doble cara"},"content":{"rendered":"<p>Pa\u00f1o suave, ideal para limpiar las superficies m\u00e1s delicadas.<\/p>\n<p>El pa\u00f1o no tiene costuras, ya que est\u00e1 dise\u00f1ado para no rayar ning\u00fan tipo de pintura.<\/p>\n<p>Gracias a su composici\u00f3n, permite eliminar f\u00e1cilmente las ceras y conseguir un acabado m\u00e1ximo sin dejar halos.<\/p>\n<p>&nbsp;<\/p>\n<div id=\"footable_parent_24821\"\n         class=\" footable_parent ninja_table_wrapper loading_ninja_table wp_table_data_press_parent bootstrap4 colored_table\">\n                <table data-ninja_table_instance=\"ninja_table_instance_0\" data-footable_id=\"24821\" data-filter-delay=\"1000\" aria-label=\"PANNO IN MICROFIBRA DOUBLE FACE A PELO LUNGO VIOLA( INGLESE )\"            id=\"footable_24821\"\n           data-unique_identifier=\"ninja_table_unique_id_241908602_24821\"\n           class=\" foo-table ninja_footable foo_table_24821 ninja_table_unique_id_241908602_24821 table  white nt_type_ajax_table table-hover vertical_centered inverted footable-paging-right ninja_table_search_disabled\">\n                <colgroup>\n                            <col class=\"ninja_column_0 \">\n                            <col class=\"ninja_column_1 \">\n                            <col class=\"ninja_column_2 \">\n                            <col class=\"ninja_column_3 \">\n                            <col class=\"ninja_column_4 \">\n                    <\/colgroup>\n            <\/table>\n                    <style type=\"text\/css\" id='ninja_table_custom_css_24821'>\n                        #footable_24821  {\n        font-family: sans-serif;\n        font-size: 14px;\n    }\n\n#footable_24821 td.ninja_column_0 { text-align: center; }#footable_24821 th.ninja_column_0 { text-align: center; }#footable_24821 td.ninja_column_1 { text-align: center; }#footable_24821 th.ninja_column_1 { text-align: center; }#footable_24821 td.ninja_column_2 { text-align: center; }#footable_24821 th.ninja_column_2 { text-align: center; }#footable_24821 td.ninja_column_3 { text-align: center; }#footable_24821 th.ninja_column_3 { text-align: center; }#footable_24821 td.ninja_column_4 { text-align: center; }#footable_24821 th.ninja_column_4 { text-align: center; }                <\/style>\n                \n    \n    \n<\/div>\n\n<div class=\"hidden\">785.5610<\/div>\n","protected":false},"excerpt":{"rendered":"<p><img loading=\"lazy\" class=\"alignnone size-full wp-image-26200\" src=\"https:\/\/www.sistar.it\/wp-content\/uploads\/2024\/04\/logo-riwax-180pxl.jpg\" alt=\"\" width=\"180\" height=\"64\" \/><\/p>\n","protected":false},"featured_media":24396,"template":"","meta":[],"product_cat":[328,327],"product_tag":[336],"acf":[],"_links":{"self":[{"href":"https:\/\/www.sistar.it\/es\/wp-json\/wp\/v2\/product\/24820"}],"collection":[{"href":"https:\/\/www.sistar.it\/es\/wp-json\/wp\/v2\/product"}],"about":[{"href":"https:\/\/www.sistar.it\/es\/wp-json\/wp\/v2\/types\/product"}],"wp:featuredmedia":[{"embeddable":true,"href":"https:\/\/www.sistar.it\/es\/wp-json\/wp\/v2\/media\/24396"}],"wp:attachment":[{"href":"https:\/\/www.sistar.it\/es\/wp-json\/wp\/v2\/media?parent=24820"}],"wp:term":[{"taxonomy":"product_cat","embeddable":true,"href":"https:\/\/www.sistar.it\/es\/wp-json\/wp\/v2\/product_cat?post=24820"},{"taxonomy":"product_tag","embeddable":true,"href":"https:\/\/www.sistar.it\/es\/wp-json\/wp\/v2\/product_tag?post=24820"}],"curies":[{"name":"wp","href":"https:\/\/api.w.org\/{rel}","templated":true}]}}