{"id":24779,"date":"2024-04-02T12:14:29","date_gmt":"2024-04-02T12:14:29","guid":{"rendered":"https:\/\/www.sistar.it\/prodotti\/mini-tamponi-tronco-conici\/"},"modified":"2024-04-15T07:56:46","modified_gmt":"2024-04-15T07:56:46","slug":"mini-almohadillas-troncoconicas","status":"publish","type":"product","link":"https:\/\/www.sistar.it\/es\/prodotti\/mini-almohadillas-troncoconicas\/","title":{"rendered":"Mini almohadillas troncoc\u00f3nicas"},"content":{"rendered":"<p>Almohadillas de pulido RIWAX de forma troncoc\u00f3nica fabricadas en resina de espuma de c\u00e9lula abierta, especialmente dise\u00f1adas para su uso tanto con pulidoras orbitales como rotativas.<\/p>\n<p>Gracias a su forma y a la densidad de la espuma de resina, tienden a no calentarse, evitan las salpicaduras de producto y resisten las tensiones producidas tanto por la acci\u00f3n rotatoria como orbital.<\/p>\n<p>Disponibles en 2 versiones: Azul Duro para pulido con pastas abrasivas medias y gruesas; Blanco Medio para pulido con pastas abrasivas finas.<\/p>\n<p><span style=\"font-size: 14pt;\"><strong>Caracter\u00edsticas:<\/strong><\/span><\/p>\n<ul>\n<li><strong>Tama\u00f1o: <\/strong>\u00d8 40 \/ 60 x 25 mm<\/li>\n<li><strong>Conexi\u00f3n: <\/strong>GRIP<\/li>\n<\/ul>\n<p>&nbsp;<\/p>\n<div id=\"footable_parent_24781\"\n         class=\" footable_parent ninja_table_wrapper loading_ninja_table wp_table_data_press_parent bootstrap4 colored_table\">\n                <table data-ninja_table_instance=\"ninja_table_instance_0\" data-footable_id=\"24781\" data-filter-delay=\"1000\" aria-label=\"MINI TAMPONI TRONCO CONICI( INGLESE )\"            id=\"footable_24781\"\n           data-unique_identifier=\"ninja_table_unique_id_1958308923_24781\"\n           class=\" foo-table ninja_footable foo_table_24781 ninja_table_unique_id_1958308923_24781 table  white nt_type_ajax_table table-hover vertical_centered inverted footable-paging-right ninja_table_search_disabled\">\n                <colgroup>\n                            <col class=\"ninja_column_0 \">\n                            <col class=\"ninja_column_1 \">\n                            <col class=\"ninja_column_2 \">\n                            <col class=\"ninja_column_3 \">\n                    <\/colgroup>\n            <\/table>\n                    <style type=\"text\/css\" id='ninja_table_custom_css_24781'>\n                        #footable_24781  {\n        font-family: sans-serif;\n        font-size: 14px;\n    }\n\n#footable_24781 td.ninja_column_0 { text-align: center; }#footable_24781 th.ninja_column_0 { text-align: center; }#footable_24781 td.ninja_column_1 { text-align: center; }#footable_24781 th.ninja_column_1 { text-align: center; }#footable_24781 td.ninja_column_2 { text-align: center; }#footable_24781 th.ninja_column_2 { text-align: center; }#footable_24781 td.ninja_column_3 { text-align: center; }#footable_24781 th.ninja_column_3 { text-align: center; }                <\/style>\n                \n    \n    \n<\/div>\n\n<div class=\"hidden\">785.5567, 785.5568<\/div>\n","protected":false},"excerpt":{"rendered":"<p><img loading=\"lazy\" class=\"alignnone size-full wp-image-26200\" src=\"https:\/\/www.sistar.it\/wp-content\/uploads\/2024\/04\/logo-riwax-180pxl.jpg\" alt=\"\" width=\"180\" height=\"64\" \/><\/p>\n","protected":false},"featured_media":24344,"template":"","meta":[],"product_cat":[328,327],"product_tag":[336],"acf":[],"_links":{"self":[{"href":"https:\/\/www.sistar.it\/es\/wp-json\/wp\/v2\/product\/24779"}],"collection":[{"href":"https:\/\/www.sistar.it\/es\/wp-json\/wp\/v2\/product"}],"about":[{"href":"https:\/\/www.sistar.it\/es\/wp-json\/wp\/v2\/types\/product"}],"wp:featuredmedia":[{"embeddable":true,"href":"https:\/\/www.sistar.it\/es\/wp-json\/wp\/v2\/media\/24344"}],"wp:attachment":[{"href":"https:\/\/www.sistar.it\/es\/wp-json\/wp\/v2\/media?parent=24779"}],"wp:term":[{"taxonomy":"product_cat","embeddable":true,"href":"https:\/\/www.sistar.it\/es\/wp-json\/wp\/v2\/product_cat?post=24779"},{"taxonomy":"product_tag","embeddable":true,"href":"https:\/\/www.sistar.it\/es\/wp-json\/wp\/v2\/product_tag?post=24779"}],"curies":[{"name":"wp","href":"https:\/\/api.w.org\/{rel}","templated":true}]}}