{"id":24758,"date":"2013-07-04T11:49:49","date_gmt":"2013-07-04T11:49:49","guid":{"rendered":"https:\/\/www.sistar.it\/prodotti\/rs-20-spray-finish\/"},"modified":"2024-04-15T09:34:50","modified_gmt":"2024-04-15T09:34:50","slug":"rs-20-spray-finish","status":"publish","type":"product","link":"https:\/\/www.sistar.it\/es\/prodotti\/rs-20-spray-finish\/","title":{"rendered":"RS-20 Spray finish"},"content":{"rendered":"<p>Limpiador r\u00e1pido y f\u00e1cil de usar sin agua en todas las superficies pintadas, tambi\u00e9n adecuado para eliminar residuos de pasta abrasiva.<\/p>\n<p>Este quitaesmalte a base de agua con ceras seleccionadas proporciona nuevo brillo y protecci\u00f3n temporal.<\/p>\n<p>Tambi\u00e9n apto para plexigl\u00e1s y cristal acr\u00edlico.<\/p>\n<p>&nbsp;<\/p>\n<div id=\"footable_parent_24759\"\n         class=\" footable_parent ninja_table_wrapper loading_ninja_table wp_table_data_press_parent bootstrap4 colored_table\">\n                <table data-ninja_table_instance=\"ninja_table_instance_0\" data-footable_id=\"24759\" data-filter-delay=\"1000\" aria-label=\"RS 20 SPRAY FINISH( INGLESE )\"            id=\"footable_24759\"\n           data-unique_identifier=\"ninja_table_unique_id_1085515881_24759\"\n           class=\" foo-table ninja_footable foo_table_24759 ninja_table_unique_id_1085515881_24759 table  white nt_type_ajax_table table-hover vertical_centered inverted footable-paging-right ninja_table_search_disabled\">\n                <colgroup>\n                            <col class=\"ninja_column_0 \">\n                            <col class=\"ninja_column_1 \">\n                            <col class=\"ninja_column_2 \">\n                    <\/colgroup>\n            <\/table>\n                    <style type=\"text\/css\" id='ninja_table_custom_css_24759'>\n                        #footable_24759  {\n        font-family: sans-serif;\n        font-size: 14px;\n    }\n\n#footable_24759 td.ninja_column_0 { text-align: center; }#footable_24759 th.ninja_column_0 { text-align: center; }#footable_24759 td.ninja_column_1 { text-align: center; }#footable_24759 th.ninja_column_1 { text-align: center; }#footable_24759 td.ninja_column_2 { text-align: center; }#footable_24759 th.ninja_column_2 { text-align: center; }                <\/style>\n                \n    \n    \n<\/div>\n\n<p>&nbsp;<\/p>\n<div class=\"hidden\">786.11006.5, 786.11006.05<\/div>\n","protected":false},"excerpt":{"rendered":"<p><img loading=\"lazy\" class=\"alignnone size-full wp-image-26200\" src=\"https:\/\/www.sistar.it\/wp-content\/uploads\/2024\/04\/logo-riwax-180pxl.jpg\" alt=\"\" width=\"180\" height=\"64\" \/><\/p>\n","protected":false},"featured_media":24292,"template":"","meta":[],"product_cat":[328,387],"product_tag":[336],"acf":[],"_links":{"self":[{"href":"https:\/\/www.sistar.it\/es\/wp-json\/wp\/v2\/product\/24758"}],"collection":[{"href":"https:\/\/www.sistar.it\/es\/wp-json\/wp\/v2\/product"}],"about":[{"href":"https:\/\/www.sistar.it\/es\/wp-json\/wp\/v2\/types\/product"}],"wp:featuredmedia":[{"embeddable":true,"href":"https:\/\/www.sistar.it\/es\/wp-json\/wp\/v2\/media\/24292"}],"wp:attachment":[{"href":"https:\/\/www.sistar.it\/es\/wp-json\/wp\/v2\/media?parent=24758"}],"wp:term":[{"taxonomy":"product_cat","embeddable":true,"href":"https:\/\/www.sistar.it\/es\/wp-json\/wp\/v2\/product_cat?post=24758"},{"taxonomy":"product_tag","embeddable":true,"href":"https:\/\/www.sistar.it\/es\/wp-json\/wp\/v2\/product_tag?post=24758"}],"curies":[{"name":"wp","href":"https:\/\/api.w.org\/{rel}","templated":true}]}}