{"id":24712,"date":"2013-07-23T09:42:26","date_gmt":"2013-07-23T09:42:26","guid":{"rendered":"https:\/\/www.sistar.it\/prodotti\/waterless-system-riwax-sistema-di-lavaggio-a-secco\/"},"modified":"2024-04-15T08:36:17","modified_gmt":"2024-04-15T08:36:17","slug":"waterless-system-riwax-sistema-de-limpieza-en-seco","status":"publish","type":"product","link":"https:\/\/www.sistar.it\/es\/prodotti\/waterless-system-riwax-sistema-de-limpieza-en-seco\/","title":{"rendered":"WATERLESS SYSTEM RIWAX &#8211; Sistema de limpieza en seco"},"content":{"rendered":"<p>Waterless System es el sistema completo de lavado de veh\u00edculos que le permite prescindir del agua.<\/p>\n<p>De hecho, con s\u00f3lo el l\u00edquido limpiador, puede lavar cualquier veh\u00edculo donde y cuando quiera sin utilizar agua.<\/p>\n<p>Waterless es el innovador m\u00e9todo de limpieza en seco f\u00e1cil de usar y respetuoso con el medio ambiente porque no contamina.<\/p>\n<p>&nbsp;<\/p>\n<p><strong>Ventajas:<\/strong><br \/>\n\u2022 F\u00e1cil y pr\u00e1ctico de usar.<br \/>\n\u2022 R\u00e1pido y econ\u00f3mico.<br \/>\n\u2022 Un solo producto para limpiar el exterior y el interior.<br \/>\n\u2022 No ensucia.<br \/>\n\u2022 Respetuoso con el medio ambiente: no contamina y no desperdicia agua.<br \/>\n\u2022 Ideal para lavar en cualquier lugar y situaci\u00f3n: en la sala de exposici\u00f3n, en el taller, al aire libre, en el garaje.<\/p>\n<p>&nbsp;<\/p>\n<div id=\"footable_parent_24714\"\n         class=\" footable_parent ninja_table_wrapper loading_ninja_table wp_table_data_press_parent bootstrap4 colored_table\">\n                <table data-ninja_table_instance=\"ninja_table_instance_0\" data-footable_id=\"24714\" data-filter-delay=\"1000\" aria-label=\"WATERLESS SYSTEM( INGLESE )\"            id=\"footable_24714\"\n           data-unique_identifier=\"ninja_table_unique_id_325269642_24714\"\n           class=\" foo-table ninja_footable foo_table_24714 ninja_table_unique_id_325269642_24714 table  white nt_type_ajax_table table-hover vertical_centered inverted footable-paging-right ninja_table_search_disabled\">\n                <colgroup>\n                            <col class=\"ninja_column_0 \">\n                            <col class=\"ninja_column_1 \">\n                            <col class=\"ninja_column_2 \">\n                    <\/colgroup>\n            <\/table>\n                    <style type=\"text\/css\" id='ninja_table_custom_css_24714'>\n                        #footable_24714  {\n        font-family: sans-serif;\n        font-size: 14px;\n    }\n\n#footable_24714 td.ninja_column_0 { text-align: center; }#footable_24714 th.ninja_column_0 { text-align: center; }#footable_24714 td.ninja_column_1 { text-align: center; }#footable_24714 th.ninja_column_1 { text-align: center; }#footable_24714 td.ninja_column_2 { text-align: center; }#footable_24714 th.ninja_column_2 { text-align: center; }                <\/style>\n                \n    \n    \n<\/div>\n\n<div class=\"hidden\">784.2245.5, 784.2245.20, 784.2245.200<\/div>\n","protected":false},"excerpt":{"rendered":"<p><img loading=\"lazy\" class=\"alignnone size-full wp-image-26200\" src=\"https:\/\/www.sistar.it\/wp-content\/uploads\/2024\/04\/logo-riwax-180pxl.jpg\" alt=\"\" width=\"180\" height=\"64\" \/><\/p>\n","protected":false},"featured_media":24238,"template":"","meta":[],"product_cat":[328,381],"product_tag":[336],"acf":[],"_links":{"self":[{"href":"https:\/\/www.sistar.it\/es\/wp-json\/wp\/v2\/product\/24712"}],"collection":[{"href":"https:\/\/www.sistar.it\/es\/wp-json\/wp\/v2\/product"}],"about":[{"href":"https:\/\/www.sistar.it\/es\/wp-json\/wp\/v2\/types\/product"}],"wp:featuredmedia":[{"embeddable":true,"href":"https:\/\/www.sistar.it\/es\/wp-json\/wp\/v2\/media\/24238"}],"wp:attachment":[{"href":"https:\/\/www.sistar.it\/es\/wp-json\/wp\/v2\/media?parent=24712"}],"wp:term":[{"taxonomy":"product_cat","embeddable":true,"href":"https:\/\/www.sistar.it\/es\/wp-json\/wp\/v2\/product_cat?post=24712"},{"taxonomy":"product_tag","embeddable":true,"href":"https:\/\/www.sistar.it\/es\/wp-json\/wp\/v2\/product_tag?post=24712"}],"curies":[{"name":"wp","href":"https:\/\/api.w.org\/{rel}","templated":true}]}}