{"id":24702,"date":"2024-03-29T10:39:05","date_gmt":"2024-03-29T10:39:05","guid":{"rendered":"https:\/\/www.sistar.it\/prodotti\/anti-wax-decerante-per-cera-protettiva-paraffinica\/"},"modified":"2024-04-15T08:04:41","modified_gmt":"2024-04-15T08:04:41","slug":"anti-wax-decapante-para-cera-protectora-parafinica","status":"publish","type":"product","link":"https:\/\/www.sistar.it\/es\/prodotti\/anti-wax-decapante-para-cera-protectora-parafinica\/","title":{"rendered":"ANTI-WAX &#8211; Decapante para cera protectora paraf\u00ednica"},"content":{"rendered":"<p>Agente descalcificador para la eliminaci\u00f3n de conservantes paraf\u00ednicos utilizados en el tratamiento protector de veh\u00edculos y m\u00e1quinas.<\/p>\n<p>La parafina, la grasa, el aceite, el alquitr\u00e1n y otros productos incrustantes que contienen bet\u00fan se disuelven y eliminan f\u00e1cilmente y sin esfuerzo.<\/p>\n<p>No agrava la pintura, las juntas de goma ni las piezas de pl\u00e1stico.<\/p>\n<p>&nbsp;<\/p>\n<div id=\"footable_parent_24703\"\n         class=\" footable_parent ninja_table_wrapper loading_ninja_table wp_table_data_press_parent bootstrap4 colored_table\">\n                <table data-ninja_table_instance=\"ninja_table_instance_0\" data-footable_id=\"24703\" data-filter-delay=\"1000\" aria-label=\"ANTI-WAX( INGLESE )\"            id=\"footable_24703\"\n           data-unique_identifier=\"ninja_table_unique_id_1844741083_24703\"\n           class=\" foo-table ninja_footable foo_table_24703 ninja_table_unique_id_1844741083_24703 table  white nt_type_ajax_table table-hover vertical_centered inverted footable-paging-right ninja_table_search_disabled\">\n                <colgroup>\n                            <col class=\"ninja_column_0 \">\n                            <col class=\"ninja_column_1 \">\n                            <col class=\"ninja_column_2 \">\n                    <\/colgroup>\n            <\/table>\n                    <style type=\"text\/css\" id='ninja_table_custom_css_24703'>\n                        #footable_24703  {\n        font-family: sans-serif;\n        font-size: 14px;\n    }\n\n#footable_24703 td.ninja_column_0 { text-align: center; }#footable_24703 th.ninja_column_0 { text-align: center; }#footable_24703 td.ninja_column_1 { text-align: center; }#footable_24703 th.ninja_column_1 { text-align: center; }#footable_24703 td.ninja_column_2 { text-align: center; }#footable_24703 th.ninja_column_2 { text-align: center; }                <\/style>\n                \n    \n    \n<\/div>\n\n<div class=\"hidden\">784.2430.20<\/div>\n","protected":false},"excerpt":{"rendered":"<p><img loading=\"lazy\" class=\"alignnone size-full wp-image-26200\" src=\"https:\/\/www.sistar.it\/wp-content\/uploads\/2024\/04\/logo-riwax-180pxl.jpg\" alt=\"\" width=\"180\" height=\"64\" \/><\/p>\n","protected":false},"featured_media":24233,"template":"","meta":[],"product_cat":[328,381],"product_tag":[336],"acf":[],"_links":{"self":[{"href":"https:\/\/www.sistar.it\/es\/wp-json\/wp\/v2\/product\/24702"}],"collection":[{"href":"https:\/\/www.sistar.it\/es\/wp-json\/wp\/v2\/product"}],"about":[{"href":"https:\/\/www.sistar.it\/es\/wp-json\/wp\/v2\/types\/product"}],"wp:featuredmedia":[{"embeddable":true,"href":"https:\/\/www.sistar.it\/es\/wp-json\/wp\/v2\/media\/24233"}],"wp:attachment":[{"href":"https:\/\/www.sistar.it\/es\/wp-json\/wp\/v2\/media?parent=24702"}],"wp:term":[{"taxonomy":"product_cat","embeddable":true,"href":"https:\/\/www.sistar.it\/es\/wp-json\/wp\/v2\/product_cat?post=24702"},{"taxonomy":"product_tag","embeddable":true,"href":"https:\/\/www.sistar.it\/es\/wp-json\/wp\/v2\/product_tag?post=24702"}],"curies":[{"name":"wp","href":"https:\/\/api.w.org\/{rel}","templated":true}]}}