{"id":24697,"date":"2024-03-29T10:29:28","date_gmt":"2024-03-29T10:29:28","guid":{"rendered":"https:\/\/www.sistar.it\/prodotti\/cera-protettiva-paraffinica\/"},"modified":"2024-04-15T08:05:15","modified_gmt":"2024-04-15T08:05:15","slug":"cera-protectora-parafinica","status":"publish","type":"product","link":"https:\/\/www.sistar.it\/es\/prodotti\/cera-protectora-parafinica\/","title":{"rendered":"Cera protectora parafinica"},"content":{"rendered":"<p>Cera protectora de tipo paraf\u00ednico, para el tratamiento conservante de veh\u00edculos y m\u00e1quinas, incluso cuando se transportan por mar.<\/p>\n<p>Evita la formaci\u00f3n prematura de oxidaci\u00f3n en los metales y protege las superficies pintadas de las agresiones de la intemperie, la suciedad, los insectos, la sal, la lluvia, etc.<\/p>\n<p>&nbsp;<\/p>\n<div id=\"footable_parent_24698\"\n         class=\" footable_parent ninja_table_wrapper loading_ninja_table wp_table_data_press_parent bootstrap4 colored_table\">\n                <table data-ninja_table_instance=\"ninja_table_instance_0\" data-footable_id=\"24698\" data-filter-delay=\"1000\" aria-label=\"CERA PROTETTIVA PARAFFINICA( INGLESE )\"            id=\"footable_24698\"\n           data-unique_identifier=\"ninja_table_unique_id_1183192594_24698\"\n           class=\" foo-table ninja_footable foo_table_24698 ninja_table_unique_id_1183192594_24698 table  white nt_type_ajax_table table-hover vertical_centered inverted footable-paging-right ninja_table_search_disabled\">\n                <colgroup>\n                            <col class=\"ninja_column_0 \">\n                            <col class=\"ninja_column_1 \">\n                            <col class=\"ninja_column_2 \">\n                    <\/colgroup>\n            <\/table>\n                    <style type=\"text\/css\" id='ninja_table_custom_css_24698'>\n                        #footable_24698  {\n        font-family: sans-serif;\n        font-size: 14px;\n    }\n\n#footable_24698 td.ninja_column_0 { text-align: center; }#footable_24698 th.ninja_column_0 { text-align: center; }#footable_24698 td.ninja_column_1 { text-align: center; }#footable_24698 th.ninja_column_1 { text-align: center; }#footable_24698 td.ninja_column_2 { text-align: center; }#footable_24698 th.ninja_column_2 { text-align: center; }                <\/style>\n                \n    \n    \n<\/div>\n\n<div class=\"hidden\">784.2460, 784.2460.15<\/div>\n","protected":false},"excerpt":{"rendered":"<p><img loading=\"lazy\" class=\"alignnone size-full wp-image-26200\" src=\"https:\/\/www.sistar.it\/wp-content\/uploads\/2024\/04\/logo-riwax-180pxl.jpg\" alt=\"\" width=\"180\" height=\"64\" \/><\/p>\n","protected":false},"featured_media":24205,"template":"","meta":[],"product_cat":[328,381],"product_tag":[336],"acf":[],"_links":{"self":[{"href":"https:\/\/www.sistar.it\/es\/wp-json\/wp\/v2\/product\/24697"}],"collection":[{"href":"https:\/\/www.sistar.it\/es\/wp-json\/wp\/v2\/product"}],"about":[{"href":"https:\/\/www.sistar.it\/es\/wp-json\/wp\/v2\/types\/product"}],"wp:featuredmedia":[{"embeddable":true,"href":"https:\/\/www.sistar.it\/es\/wp-json\/wp\/v2\/media\/24205"}],"wp:attachment":[{"href":"https:\/\/www.sistar.it\/es\/wp-json\/wp\/v2\/media?parent=24697"}],"wp:term":[{"taxonomy":"product_cat","embeddable":true,"href":"https:\/\/www.sistar.it\/es\/wp-json\/wp\/v2\/product_cat?post=24697"},{"taxonomy":"product_tag","embeddable":true,"href":"https:\/\/www.sistar.it\/es\/wp-json\/wp\/v2\/product_tag?post=24697"}],"curies":[{"name":"wp","href":"https:\/\/api.w.org\/{rel}","templated":true}]}}