{"id":24669,"date":"2013-07-05T11:38:02","date_gmt":"2013-07-05T11:38:02","guid":{"rendered":"https:\/\/www.sistar.it\/prodotti\/elimina-catrame\/"},"modified":"2024-04-15T09:09:18","modified_gmt":"2024-04-15T09:09:18","slug":"removedor-de-alquitran","status":"publish","type":"product","link":"https:\/\/www.sistar.it\/es\/prodotti\/removedor-de-alquitran\/","title":{"rendered":"Removedor de alquitr\u00e1n"},"content":{"rendered":"<p>Limpiador espec\u00edfico para eliminar salpicaduras de alquitr\u00e1n, asfalto y bet\u00fan de superficies pintadas, cromadas y todas las piezas met\u00e1licas.<\/p>\n<p>Adecuado tambi\u00e9n para eliminar productos anticorrosivos y protectores que contengan alquitr\u00e1n.<\/p>\n<p>&nbsp;<\/p>\n<div id=\"footable_parent_24670\"\n         class=\" footable_parent ninja_table_wrapper loading_ninja_table wp_table_data_press_parent bootstrap4 colored_table\">\n                <table data-ninja_table_instance=\"ninja_table_instance_0\" data-footable_id=\"24670\" data-filter-delay=\"1000\" aria-label=\"ELIMINA CATRAME( INGLESE )\"            id=\"footable_24670\"\n           data-unique_identifier=\"ninja_table_unique_id_1034410080_24670\"\n           class=\" foo-table ninja_footable foo_table_24670 ninja_table_unique_id_1034410080_24670 table  white nt_type_ajax_table table-hover vertical_centered inverted footable-paging-right ninja_table_search_disabled\">\n                <colgroup>\n                            <col class=\"ninja_column_0 \">\n                            <col class=\"ninja_column_1 \">\n                            <col class=\"ninja_column_2 \">\n                    <\/colgroup>\n            <\/table>\n                    <style type=\"text\/css\" id='ninja_table_custom_css_24670'>\n                        #footable_24670  {\n        font-family: sans-serif;\n        font-size: 14px;\n    }\n\n#footable_24670 td.ninja_column_0 { text-align: center; }#footable_24670 th.ninja_column_0 { text-align: center; }#footable_24670 td.ninja_column_1 { text-align: center; }#footable_24670 th.ninja_column_1 { text-align: center; }#footable_24670 td.ninja_column_2 { text-align: center; }#footable_24670 th.ninja_column_2 { text-align: center; }                <\/style>\n                \n    \n    \n<\/div>\n\n<div class=\"hidden\">783.2010<\/div>\n","protected":false},"excerpt":{"rendered":"<p><img loading=\"lazy\" class=\"alignnone size-full wp-image-26200\" src=\"https:\/\/www.sistar.it\/wp-content\/uploads\/2024\/04\/logo-riwax-180pxl.jpg\" alt=\"\" width=\"180\" height=\"64\" \/><\/p>\n<p>&nbsp;<\/p>\n","protected":false},"featured_media":24180,"template":"","meta":[],"product_cat":[328,381],"product_tag":[336],"acf":[],"_links":{"self":[{"href":"https:\/\/www.sistar.it\/es\/wp-json\/wp\/v2\/product\/24669"}],"collection":[{"href":"https:\/\/www.sistar.it\/es\/wp-json\/wp\/v2\/product"}],"about":[{"href":"https:\/\/www.sistar.it\/es\/wp-json\/wp\/v2\/types\/product"}],"wp:featuredmedia":[{"embeddable":true,"href":"https:\/\/www.sistar.it\/es\/wp-json\/wp\/v2\/media\/24180"}],"wp:attachment":[{"href":"https:\/\/www.sistar.it\/es\/wp-json\/wp\/v2\/media?parent=24669"}],"wp:term":[{"taxonomy":"product_cat","embeddable":true,"href":"https:\/\/www.sistar.it\/es\/wp-json\/wp\/v2\/product_cat?post=24669"},{"taxonomy":"product_tag","embeddable":true,"href":"https:\/\/www.sistar.it\/es\/wp-json\/wp\/v2\/product_tag?post=24669"}],"curies":[{"name":"wp","href":"https:\/\/api.w.org\/{rel}","templated":true}]}}