{"id":24659,"date":"2013-08-20T09:22:51","date_gmt":"2013-08-20T09:22:51","guid":{"rendered":"https:\/\/www.sistar.it\/prodotti\/insect-clean-detergente-rimuovi-insetti\/"},"modified":"2025-05-14T13:19:53","modified_gmt":"2025-05-14T13:19:53","slug":"insect-clean-detergente-limpiador-desinsectante","status":"publish","type":"product","link":"https:\/\/www.sistar.it\/es\/prodotti\/insect-clean-detergente-limpiador-desinsectante\/","title":{"rendered":"INSECT-CLEAN &#8211; Limpiador desinsectante"},"content":{"rendered":"<p>Limpiador para eliminar restos de insectos, aceite, grasa y silicona de superficies de veh\u00edculos y motos, viseras de cascos, cromados y materiales sint\u00e9ticos.<\/p>\n<p>No da\u00f1a las piezas de pl\u00e1stico y goma. Aplicar tambi\u00e9n sobre superficies pintadas siempre que est\u00e9n perfectamente secas y no sobrecalentadas.<\/p>\n<ul>\n<li><strong>Uso: <\/strong>Eliminaci\u00f3n de insectos<\/li>\n<li><strong>Diluci\u00f3n: <\/strong>1:5 &#8211; 1:10<\/li>\n<\/ul>\n<p>&nbsp;<\/p>\n<div id=\"footable_parent_24661\"\n         class=\" footable_parent ninja_table_wrapper loading_ninja_table wp_table_data_press_parent bootstrap4 colored_table\">\n                <table data-ninja_table_instance=\"ninja_table_instance_0\" data-footable_id=\"24661\" data-filter-delay=\"1000\" aria-label=\"INSECT-CLEAN( INGLESE )\"            id=\"footable_24661\"\n           data-unique_identifier=\"ninja_table_unique_id_305960679_24661\"\n           class=\" foo-table ninja_footable foo_table_24661 ninja_table_unique_id_305960679_24661 table  white nt_type_ajax_table table-hover vertical_centered inverted footable-paging-right ninja_table_search_disabled\">\n                <colgroup>\n                            <col class=\"ninja_column_0 \">\n                            <col class=\"ninja_column_1 \">\n                            <col class=\"ninja_column_2 \">\n                    <\/colgroup>\n            <\/table>\n                    <style type=\"text\/css\" id='ninja_table_custom_css_24661'>\n                        #footable_24661  {\n        font-family: sans-serif;\n        font-size: 14px;\n    }\n\n#footable_24661 td.ninja_column_0 { text-align: center; }#footable_24661 th.ninja_column_0 { text-align: center; }#footable_24661 td.ninja_column_1 { text-align: center; }#footable_24661 th.ninja_column_1 { text-align: center; }#footable_24661 td.ninja_column_2 { text-align: center; }#footable_24661 th.ninja_column_2 { text-align: center; }                <\/style>\n                \n    \n    \n<\/div>\n\n<div class=\"hidden\">783.2220, 783.2220.20, 783.3360<\/div>\n","protected":false},"excerpt":{"rendered":"<p><img loading=\"lazy\" class=\"alignnone size-full wp-image-26200\" src=\"https:\/\/www.sistar.it\/wp-content\/uploads\/2024\/04\/logo-riwax-180pxl.jpg\" alt=\"\" width=\"180\" height=\"64\" \/><\/p>\n<p>&nbsp;<\/p>\n","protected":false},"featured_media":24166,"template":"","meta":[],"product_cat":[328,381],"product_tag":[336],"acf":[],"_links":{"self":[{"href":"https:\/\/www.sistar.it\/es\/wp-json\/wp\/v2\/product\/24659"}],"collection":[{"href":"https:\/\/www.sistar.it\/es\/wp-json\/wp\/v2\/product"}],"about":[{"href":"https:\/\/www.sistar.it\/es\/wp-json\/wp\/v2\/types\/product"}],"wp:featuredmedia":[{"embeddable":true,"href":"https:\/\/www.sistar.it\/es\/wp-json\/wp\/v2\/media\/24166"}],"wp:attachment":[{"href":"https:\/\/www.sistar.it\/es\/wp-json\/wp\/v2\/media?parent=24659"}],"wp:term":[{"taxonomy":"product_cat","embeddable":true,"href":"https:\/\/www.sistar.it\/es\/wp-json\/wp\/v2\/product_cat?post=24659"},{"taxonomy":"product_tag","embeddable":true,"href":"https:\/\/www.sistar.it\/es\/wp-json\/wp\/v2\/product_tag?post=24659"}],"curies":[{"name":"wp","href":"https:\/\/api.w.org\/{rel}","templated":true}]}}