{"id":24649,"date":"2013-08-20T09:29:15","date_gmt":"2013-08-20T09:29:15","guid":{"rendered":"https:\/\/www.sistar.it\/prodotti\/cabin-clean-detergente-moquette-e-tessuti\/"},"modified":"2025-05-14T15:48:48","modified_gmt":"2025-05-14T15:48:48","slug":"cabin-clean-limpiador-del-interior-del-vehiculo","status":"publish","type":"product","link":"https:\/\/www.sistar.it\/es\/prodotti\/cabin-clean-limpiador-del-interior-del-vehiculo\/","title":{"rendered":"CABIN CLEAN &#8211; Limpiador del interior del veh\u00edculo"},"content":{"rendered":"<p>Limpiador eficaz para la limpieza de interiores de veh\u00edculos.<\/p>\n<p>Tambi\u00e9n puede utilizarse como limpiador por extracci\u00f3n con una aspiradora.<\/p>\n<p>Excelente para asientos tapizados de tela, piel sint\u00e9tica y de imitaci\u00f3n (excluyendo cuero y piel aut\u00e9ntica), revestimientos laterales, bajos, moquetas, forro de maletero, etc.<\/p>\n<p>Con una sola aplicaci\u00f3n, disuelve autom\u00e1ticamente manchas, suciedad, grasa, nicotina, de forma r\u00e1pida y sin necesidad de aclarar la zona limpiada.<\/p>\n<ul>\n<li><strong>Uso:<\/strong> Limpieza de tapicer\u00edas, tejidos y acolchados<\/li>\n<li><strong>Diluci\u00f3n: <\/strong>max 1:5<strong><br \/>\n<\/strong><\/li>\n<\/ul>\n<p>&nbsp;<\/p>\n<div id=\"footable_parent_24651\"\n         class=\" footable_parent ninja_table_wrapper loading_ninja_table wp_table_data_press_parent bootstrap4 colored_table\">\n                <table data-ninja_table_instance=\"ninja_table_instance_0\" data-footable_id=\"24651\" data-filter-delay=\"1000\" aria-label=\"CABIN CLEAN( INGLESE )\"            id=\"footable_24651\"\n           data-unique_identifier=\"ninja_table_unique_id_1055234702_24651\"\n           class=\" foo-table ninja_footable foo_table_24651 ninja_table_unique_id_1055234702_24651 table  white nt_type_ajax_table table-hover vertical_centered inverted footable-paging-right ninja_table_search_disabled\">\n                <colgroup>\n                            <col class=\"ninja_column_0 \">\n                            <col class=\"ninja_column_1 \">\n                            <col class=\"ninja_column_2 \">\n                    <\/colgroup>\n            <\/table>\n                    <style type=\"text\/css\" id='ninja_table_custom_css_24651'>\n                        #footable_24651  {\n        font-family: sans-serif;\n        font-size: 14px;\n    }\n\n#footable_24651 td.ninja_column_0 { text-align: center; }#footable_24651 th.ninja_column_0 { text-align: center; }#footable_24651 td.ninja_column_1 { text-align: center; }#footable_24651 th.ninja_column_1 { text-align: center; }#footable_24651 td.ninja_column_2 { text-align: center; }#footable_24651 th.ninja_column_2 { text-align: center; }                <\/style>\n                \n    \n    \n<\/div>\n\n<div class=\"hidden\">783.2866, 783.2866.20, 783.3320<\/div>\n","protected":false},"excerpt":{"rendered":"<p><img loading=\"lazy\" class=\"alignnone size-full wp-image-26200\" src=\"https:\/\/www.sistar.it\/wp-content\/uploads\/2024\/04\/logo-riwax-180pxl.jpg\" alt=\"\" width=\"180\" height=\"64\" \/><\/p>\n<p>&nbsp;<\/p>\n","protected":false},"featured_media":24152,"template":"","meta":[],"product_cat":[328,380],"product_tag":[336],"acf":[],"_links":{"self":[{"href":"https:\/\/www.sistar.it\/es\/wp-json\/wp\/v2\/product\/24649"}],"collection":[{"href":"https:\/\/www.sistar.it\/es\/wp-json\/wp\/v2\/product"}],"about":[{"href":"https:\/\/www.sistar.it\/es\/wp-json\/wp\/v2\/types\/product"}],"wp:featuredmedia":[{"embeddable":true,"href":"https:\/\/www.sistar.it\/es\/wp-json\/wp\/v2\/media\/24152"}],"wp:attachment":[{"href":"https:\/\/www.sistar.it\/es\/wp-json\/wp\/v2\/media?parent=24649"}],"wp:term":[{"taxonomy":"product_cat","embeddable":true,"href":"https:\/\/www.sistar.it\/es\/wp-json\/wp\/v2\/product_cat?post=24649"},{"taxonomy":"product_tag","embeddable":true,"href":"https:\/\/www.sistar.it\/es\/wp-json\/wp\/v2\/product_tag?post=24649"}],"curies":[{"name":"wp","href":"https:\/\/api.w.org\/{rel}","templated":true}]}}