{"id":24639,"date":"2014-05-29T15:38:44","date_gmt":"2014-05-29T15:38:44","guid":{"rendered":"https:\/\/www.sistar.it\/prodotti\/cockpit-spray-matt-opaco-pulitore-per-cruscotti\/"},"modified":"2025-05-14T15:38:02","modified_gmt":"2025-05-14T15:38:02","slug":"cockpit-spray-matt-opaco-limpiador-de-salpicaderos","status":"publish","type":"product","link":"https:\/\/www.sistar.it\/es\/prodotti\/cockpit-spray-matt-opaco-limpiador-de-salpicaderos\/","title":{"rendered":"COCKPIT-SPRAY MATT OPACO Limpiador de salpicaderos"},"content":{"rendered":"<p>Limpia y regenera los pl\u00e1sticos y materiales sint\u00e9ticos del interior del veh\u00edculo.<\/p>\n<p>Gracias a su aspecto mate no refleja la luz solar en el parabrisas.<\/p>\n<p>Sin COV y con siliconas estabilizadas (&lt;5%).<\/p>\n<p>Adecuado para renovar y conservar salpicaderos, pl\u00e1sticos, asientos tapizados de polipiel, madera, tapicer\u00edas sint\u00e9ticas, caucho, cuero y piel aut\u00e9ntica.<\/p>\n<p>Protege las superficies tratadas contra la radiaci\u00f3n UV.<\/p>\n<p>&nbsp;<\/p>\n<div id=\"footable_parent_24641\"\n         class=\" footable_parent ninja_table_wrapper loading_ninja_table wp_table_data_press_parent bootstrap4 colored_table\">\n                <table data-ninja_table_instance=\"ninja_table_instance_0\" data-footable_id=\"24641\" data-filter-delay=\"1000\" aria-label=\"COCKPIT-SPRAY MATT OPACO( INGLESE )\"            id=\"footable_24641\"\n           data-unique_identifier=\"ninja_table_unique_id_395827816_24641\"\n           class=\" foo-table ninja_footable foo_table_24641 ninja_table_unique_id_395827816_24641 table  white nt_type_ajax_table table-hover vertical_centered inverted footable-paging-right ninja_table_search_disabled\">\n                <colgroup>\n                            <col class=\"ninja_column_0 \">\n                            <col class=\"ninja_column_1 \">\n                            <col class=\"ninja_column_2 \">\n                    <\/colgroup>\n            <\/table>\n                    <style type=\"text\/css\" id='ninja_table_custom_css_24641'>\n                        #footable_24641  {\n        font-family: sans-serif;\n        font-size: 14px;\n    }\n\n#footable_24641 td.ninja_column_0 { text-align: center; }#footable_24641 th.ninja_column_0 { text-align: center; }#footable_24641 td.ninja_column_1 { text-align: center; }#footable_24641 th.ninja_column_1 { text-align: center; }#footable_24641 td.ninja_column_2 { text-align: center; }#footable_24641 th.ninja_column_2 { text-align: center; }                <\/style>\n                \n    \n    \n<\/div>\n\n<div class=\"hidden\">783.2485, 783.3304<\/div>\n","protected":false},"excerpt":{"rendered":"<p><img loading=\"lazy\" class=\"alignnone size-full wp-image-26200\" src=\"https:\/\/www.sistar.it\/wp-content\/uploads\/2024\/04\/logo-riwax-180pxl.jpg\" alt=\"\" width=\"180\" height=\"64\" \/><\/p>\n","protected":false},"featured_media":24142,"template":"","meta":[],"product_cat":[328,380],"product_tag":[336],"acf":[],"_links":{"self":[{"href":"https:\/\/www.sistar.it\/es\/wp-json\/wp\/v2\/product\/24639"}],"collection":[{"href":"https:\/\/www.sistar.it\/es\/wp-json\/wp\/v2\/product"}],"about":[{"href":"https:\/\/www.sistar.it\/es\/wp-json\/wp\/v2\/types\/product"}],"wp:featuredmedia":[{"embeddable":true,"href":"https:\/\/www.sistar.it\/es\/wp-json\/wp\/v2\/media\/24142"}],"wp:attachment":[{"href":"https:\/\/www.sistar.it\/es\/wp-json\/wp\/v2\/media?parent=24639"}],"wp:term":[{"taxonomy":"product_cat","embeddable":true,"href":"https:\/\/www.sistar.it\/es\/wp-json\/wp\/v2\/product_cat?post=24639"},{"taxonomy":"product_tag","embeddable":true,"href":"https:\/\/www.sistar.it\/es\/wp-json\/wp\/v2\/product_tag?post=24639"}],"curies":[{"name":"wp","href":"https:\/\/api.w.org\/{rel}","templated":true}]}}