{"id":24624,"date":"2013-07-05T10:50:06","date_gmt":"2013-07-05T10:50:06","guid":{"rendered":"https:\/\/www.sistar.it\/prodotti\/shampoo-concentrato-con-autoessiccante\/"},"modified":"2024-04-15T09:11:16","modified_gmt":"2024-04-15T09:11:16","slug":"champu-concentrado-con-autosecante","status":"publish","type":"product","link":"https:\/\/www.sistar.it\/es\/prodotti\/champu-concentrado-con-autosecante\/","title":{"rendered":"CHAMP\u00da &#8211; Concentrado con autosecante"},"content":{"rendered":"<p>Champ\u00fa altamente concentrado con efecto autosecante para todos los veh\u00edculos.<\/p>\n<p>Puede utilizarse para el lavado manual o en sistemas autom\u00e1ticos.<\/p>\n<p>Tambi\u00e9n es adecuado para lavar veh\u00edculos que acaban de ser repintados, ya que no contiene sustancias agresivas que puedan da\u00f1ar la pintura.<\/p>\n<ul>\n<li><strong>Uso:<\/strong> Lavado de veh\u00edculos<\/li>\n<li><strong>Diluci\u00f3n:<\/strong> 3:100<\/li>\n<\/ul>\n<p>&nbsp;<\/p>\n<div id=\"footable_parent_24626\"\n         class=\" footable_parent ninja_table_wrapper loading_ninja_table wp_table_data_press_parent bootstrap4 colored_table\">\n                <table data-ninja_table_instance=\"ninja_table_instance_0\" data-footable_id=\"24626\" data-filter-delay=\"1000\" aria-label=\"SHAMPOO( INGLESE )\"            id=\"footable_24626\"\n           data-unique_identifier=\"ninja_table_unique_id_1426503662_24626\"\n           class=\" foo-table ninja_footable foo_table_24626 ninja_table_unique_id_1426503662_24626 table  white nt_type_ajax_table table-hover vertical_centered inverted footable-paging-right ninja_table_search_disabled\">\n                <colgroup>\n                            <col class=\"ninja_column_0 \">\n                            <col class=\"ninja_column_1 \">\n                            <col class=\"ninja_column_2 \">\n                    <\/colgroup>\n            <\/table>\n                    <style type=\"text\/css\" id='ninja_table_custom_css_24626'>\n                        #footable_24626  {\n        font-family: sans-serif;\n        font-size: 14px;\n    }\n\n#footable_24626 td.ninja_column_0 { text-align: center; }#footable_24626 th.ninja_column_0 { text-align: center; }#footable_24626 td.ninja_column_1 { text-align: center; }#footable_24626 th.ninja_column_1 { text-align: center; }#footable_24626 td.ninja_column_2 { text-align: center; }#footable_24626 th.ninja_column_2 { text-align: center; }                <\/style>\n                \n    \n    \n<\/div>\n\n<div class=\"hidden\">783.2190<\/div>\n","protected":false},"excerpt":{"rendered":"<p><img loading=\"lazy\" class=\"alignnone size-full wp-image-26200\" src=\"https:\/\/www.sistar.it\/wp-content\/uploads\/2024\/04\/logo-riwax-180pxl.jpg\" alt=\"\" width=\"180\" height=\"64\" \/><\/p>\n<p>&nbsp;<\/p>\n","protected":false},"featured_media":32352,"template":"","meta":[],"product_cat":[328,381],"product_tag":[336],"acf":[],"_links":{"self":[{"href":"https:\/\/www.sistar.it\/es\/wp-json\/wp\/v2\/product\/24624"}],"collection":[{"href":"https:\/\/www.sistar.it\/es\/wp-json\/wp\/v2\/product"}],"about":[{"href":"https:\/\/www.sistar.it\/es\/wp-json\/wp\/v2\/types\/product"}],"wp:featuredmedia":[{"embeddable":true,"href":"https:\/\/www.sistar.it\/es\/wp-json\/wp\/v2\/media\/32352"}],"wp:attachment":[{"href":"https:\/\/www.sistar.it\/es\/wp-json\/wp\/v2\/media?parent=24624"}],"wp:term":[{"taxonomy":"product_cat","embeddable":true,"href":"https:\/\/www.sistar.it\/es\/wp-json\/wp\/v2\/product_cat?post=24624"},{"taxonomy":"product_tag","embeddable":true,"href":"https:\/\/www.sistar.it\/es\/wp-json\/wp\/v2\/product_tag?post=24624"}],"curies":[{"name":"wp","href":"https:\/\/api.w.org\/{rel}","templated":true}]}}