{"id":24599,"date":"2024-03-28T14:26:14","date_gmt":"2024-03-28T14:26:14","guid":{"rendered":"https:\/\/www.sistar.it\/prodotti\/mat-protect\/"},"modified":"2024-07-11T13:24:21","modified_gmt":"2024-07-11T13:24:21","slug":"mat-protect","status":"publish","type":"product","link":"https:\/\/www.sistar.it\/es\/prodotti\/mat-protect\/","title":{"rendered":"Mat Protect"},"content":{"rendered":"<p>Mat-Protect proporciona la m\u00e1xima protecci\u00f3n y cuidado para pinturas mates y superficies con revestimiento de pel\u00edcula mate sin crear reflejos brillantes.<\/p>\n<p>Garantiza una excelente repelencia al agua de la superficie gracias a los conservantes que contiene.<\/p>\n<p>Protecci\u00f3n UV.<\/p>\n<p>&nbsp;<\/p>\n<div id=\"footable_parent_24600\"\n         class=\" footable_parent ninja_table_wrapper loading_ninja_table wp_table_data_press_parent bootstrap4 colored_table\">\n                <table data-ninja_table_instance=\"ninja_table_instance_0\" data-footable_id=\"24600\" data-filter-delay=\"1000\" aria-label=\"MAT PROTECT( INGLESE )\"            id=\"footable_24600\"\n           data-unique_identifier=\"ninja_table_unique_id_1469055705_24600\"\n           class=\" foo-table ninja_footable foo_table_24600 ninja_table_unique_id_1469055705_24600 table  white nt_type_ajax_table table-hover vertical_centered inverted footable-paging-right ninja_table_search_disabled\">\n                <colgroup>\n                            <col class=\"ninja_column_0 \">\n                            <col class=\"ninja_column_1 \">\n                            <col class=\"ninja_column_2 \">\n                    <\/colgroup>\n            <\/table>\n                    <style type=\"text\/css\" id='ninja_table_custom_css_24600'>\n                        #footable_24600  {\n        font-family: sans-serif;\n        font-size: 14px;\n    }\n\n#footable_24600 td.ninja_column_0 { text-align: center; }#footable_24600 th.ninja_column_0 { text-align: center; }#footable_24600 td.ninja_column_1 { text-align: center; }#footable_24600 th.ninja_column_1 { text-align: center; }#footable_24600 td.ninja_column_2 { text-align: center; }#footable_24600 th.ninja_column_2 { text-align: center; }                <\/style>\n                \n    \n    \n<\/div>\n\n<p>&nbsp;<\/p>\n<div class=\"hidden\">782.3011<\/div>\n","protected":false},"excerpt":{"rendered":"<p><img loading=\"lazy\" class=\"alignnone size-full wp-image-26200\" src=\"https:\/\/www.sistar.it\/wp-content\/uploads\/2024\/04\/logo-riwax-180pxl.jpg\" alt=\"\" width=\"180\" height=\"64\" \/><\/p>\n","protected":false},"featured_media":24108,"template":"","meta":[],"product_cat":[328,372],"product_tag":[336],"acf":[],"_links":{"self":[{"href":"https:\/\/www.sistar.it\/es\/wp-json\/wp\/v2\/product\/24599"}],"collection":[{"href":"https:\/\/www.sistar.it\/es\/wp-json\/wp\/v2\/product"}],"about":[{"href":"https:\/\/www.sistar.it\/es\/wp-json\/wp\/v2\/types\/product"}],"wp:featuredmedia":[{"embeddable":true,"href":"https:\/\/www.sistar.it\/es\/wp-json\/wp\/v2\/media\/24108"}],"wp:attachment":[{"href":"https:\/\/www.sistar.it\/es\/wp-json\/wp\/v2\/media?parent=24599"}],"wp:term":[{"taxonomy":"product_cat","embeddable":true,"href":"https:\/\/www.sistar.it\/es\/wp-json\/wp\/v2\/product_cat?post=24599"},{"taxonomy":"product_tag","embeddable":true,"href":"https:\/\/www.sistar.it\/es\/wp-json\/wp\/v2\/product_tag?post=24599"}],"curies":[{"name":"wp","href":"https:\/\/api.w.org\/{rel}","templated":true}]}}