{"id":24539,"date":"2013-07-04T09:51:46","date_gmt":"2013-07-04T09:51:46","guid":{"rendered":"https:\/\/www.sistar.it\/prodotti\/rx-06-polish-abrasivo-antialoni\/"},"modified":"2024-04-15T09:20:15","modified_gmt":"2024-04-15T09:20:15","slug":"rx-06-polish-pulimento-antihalon","status":"publish","type":"product","link":"https:\/\/www.sistar.it\/es\/prodotti\/rx-06-polish-pulimento-antihalon\/","title":{"rendered":"RX 06 POLISH Pulimento antihalon"},"content":{"rendered":"<p>Abrillantador antihalo al agua ligeramente abrasivo con acci\u00f3n trivalente: desbasta, abrillanta y protege.<\/p>\n<p>Limpia y elimina peque\u00f1os ara\u00f1azos, da un brillo intenso. Sin silicona ni amon\u00edaco.<\/p>\n<p><strong>Forma:<\/strong> pastosa. <strong>Valor pH:<\/strong> 8,5. <strong>Densidad:<\/strong> 1,0 g\/cm\u00b3.<\/p>\n<p>&nbsp;<\/p>\n<div id=\"footable_parent_24541\"\n         class=\" footable_parent ninja_table_wrapper loading_ninja_table wp_table_data_press_parent bootstrap4 colored_table\">\n                <table data-ninja_table_instance=\"ninja_table_instance_0\" data-footable_id=\"24541\" data-filter-delay=\"1000\" aria-label=\"RX 06 POLISH ABRASIVO ANTIALONI( INGLESE )\"            id=\"footable_24541\"\n           data-unique_identifier=\"ninja_table_unique_id_1774623012_24541\"\n           class=\" foo-table ninja_footable foo_table_24541 ninja_table_unique_id_1774623012_24541 table  white nt_type_ajax_table table-hover vertical_centered inverted footable-paging-right ninja_table_search_disabled\">\n                <colgroup>\n                            <col class=\"ninja_column_0 \">\n                            <col class=\"ninja_column_1 \">\n                            <col class=\"ninja_column_2 \">\n                    <\/colgroup>\n            <\/table>\n                    <style type=\"text\/css\" id='ninja_table_custom_css_24541'>\n                        #footable_24541  {\n        font-family: sans-serif;\n        font-size: 14px;\n    }\n\n#footable_24541 td.ninja_column_0 { text-align: center; }#footable_24541 th.ninja_column_0 { text-align: center; }#footable_24541 td.ninja_column_1 { text-align: center; }#footable_24541 th.ninja_column_1 { text-align: center; }#footable_24541 td.ninja_column_2 { text-align: center; }#footable_24541 th.ninja_column_2 { text-align: center; }                <\/style>\n                \n    \n    \n<\/div>\n\n<p>&nbsp;<\/p>\n<div class=\"hidden\">780.1403<\/div>\n","protected":false},"excerpt":{"rendered":"<p><img loading=\"lazy\" class=\"alignnone size-full wp-image-26200\" src=\"https:\/\/www.sistar.it\/wp-content\/uploads\/2024\/04\/logo-riwax-180pxl.jpg\" alt=\"\" width=\"180\" height=\"64\" \/><\/p>\n<p>&nbsp;<\/p>\n","protected":false},"featured_media":24045,"template":"","meta":[],"product_cat":[328,372],"product_tag":[336],"acf":[],"_links":{"self":[{"href":"https:\/\/www.sistar.it\/es\/wp-json\/wp\/v2\/product\/24539"}],"collection":[{"href":"https:\/\/www.sistar.it\/es\/wp-json\/wp\/v2\/product"}],"about":[{"href":"https:\/\/www.sistar.it\/es\/wp-json\/wp\/v2\/types\/product"}],"wp:featuredmedia":[{"embeddable":true,"href":"https:\/\/www.sistar.it\/es\/wp-json\/wp\/v2\/media\/24045"}],"wp:attachment":[{"href":"https:\/\/www.sistar.it\/es\/wp-json\/wp\/v2\/media?parent=24539"}],"wp:term":[{"taxonomy":"product_cat","embeddable":true,"href":"https:\/\/www.sistar.it\/es\/wp-json\/wp\/v2\/product_cat?post=24539"},{"taxonomy":"product_tag","embeddable":true,"href":"https:\/\/www.sistar.it\/es\/wp-json\/wp\/v2\/product_tag?post=24539"}],"curies":[{"name":"wp","href":"https:\/\/api.w.org\/{rel}","templated":true}]}}