{"id":24534,"date":"2013-07-04T09:42:48","date_gmt":"2013-07-04T09:42:48","guid":{"rendered":"https:\/\/www.sistar.it\/prodotti\/rx-04-compound-fine\/"},"modified":"2024-04-15T09:20:56","modified_gmt":"2024-04-15T09:20:56","slug":"rx-04-compound-fine","status":"publish","type":"product","link":"https:\/\/www.sistar.it\/es\/prodotti\/rx-04-compound-fine\/","title":{"rendered":"RX 04 Compound fine"},"content":{"rendered":"<p>Pasta abrasiva al agua de grano fino con un equilibrio perfecto entre poder de mordida y de pulido.<\/p>\n<p>Excelente rendimiento y resultado final. Confiere a la superficie tratada un aspecto impecable.<\/p>\n<p>Apto tambi\u00e9n para plexigl\u00e1s y cristal acr\u00edlico.<\/p>\n<p>Elimina defectos en pinturas de retoque reci\u00e9n aplicadas y pinturas endurecidas.<\/p>\n<p>Ideal para pulir despu\u00e9s del lijado en h\u00famedo de los granos P2000- P3000 (con disco de lana).<\/p>\n<p>&nbsp;<\/p>\n<div id=\"footable_parent_24535\"\n         class=\" footable_parent ninja_table_wrapper loading_ninja_table wp_table_data_press_parent bootstrap4 colored_table\">\n                <table data-ninja_table_instance=\"ninja_table_instance_0\" data-footable_id=\"24535\" data-filter-delay=\"1000\" aria-label=\"RX 04 COMPOUND FINE( INGLESE )\"            id=\"footable_24535\"\n           data-unique_identifier=\"ninja_table_unique_id_77938641_24535\"\n           class=\" foo-table ninja_footable foo_table_24535 ninja_table_unique_id_77938641_24535 table  white nt_type_ajax_table table-hover vertical_centered inverted footable-paging-right ninja_table_search_disabled\">\n                <colgroup>\n                            <col class=\"ninja_column_0 \">\n                            <col class=\"ninja_column_1 \">\n                            <col class=\"ninja_column_2 \">\n                    <\/colgroup>\n            <\/table>\n                    <style type=\"text\/css\" id='ninja_table_custom_css_24535'>\n                        #footable_24535  {\n        font-family: sans-serif;\n        font-size: 14px;\n    }\n\n#footable_24535 td.ninja_column_0 { text-align: center; }#footable_24535 th.ninja_column_0 { text-align: center; }#footable_24535 td.ninja_column_1 { text-align: center; }#footable_24535 th.ninja_column_1 { text-align: center; }#footable_24535 td.ninja_column_2 { text-align: center; }#footable_24535 th.ninja_column_2 { text-align: center; }                <\/style>\n                \n    \n    \n<\/div>\n\n<div class=\"hidden\">780.1400<\/div>\n","protected":false},"excerpt":{"rendered":"<p><img loading=\"lazy\" class=\"alignnone size-full wp-image-26200\" src=\"https:\/\/www.sistar.it\/wp-content\/uploads\/2024\/04\/logo-riwax-180pxl.jpg\" alt=\"\" width=\"180\" height=\"64\" \/><\/p>\n<p>&nbsp;<\/p>\n","protected":false},"featured_media":24040,"template":"","meta":[],"product_cat":[328,372],"product_tag":[336],"acf":[],"_links":{"self":[{"href":"https:\/\/www.sistar.it\/es\/wp-json\/wp\/v2\/product\/24534"}],"collection":[{"href":"https:\/\/www.sistar.it\/es\/wp-json\/wp\/v2\/product"}],"about":[{"href":"https:\/\/www.sistar.it\/es\/wp-json\/wp\/v2\/types\/product"}],"wp:featuredmedia":[{"embeddable":true,"href":"https:\/\/www.sistar.it\/es\/wp-json\/wp\/v2\/media\/24040"}],"wp:attachment":[{"href":"https:\/\/www.sistar.it\/es\/wp-json\/wp\/v2\/media?parent=24534"}],"wp:term":[{"taxonomy":"product_cat","embeddable":true,"href":"https:\/\/www.sistar.it\/es\/wp-json\/wp\/v2\/product_cat?post=24534"},{"taxonomy":"product_tag","embeddable":true,"href":"https:\/\/www.sistar.it\/es\/wp-json\/wp\/v2\/product_tag?post=24534"}],"curies":[{"name":"wp","href":"https:\/\/api.w.org\/{rel}","templated":true}]}}