{"id":24523,"date":"2024-03-28T09:35:46","date_gmt":"2024-03-28T09:35:46","guid":{"rendered":"https:\/\/www.sistar.it\/prodotti\/kit-rx-car-refinish\/"},"modified":"2024-07-11T13:28:34","modified_gmt":"2024-07-11T13:28:34","slug":"kit-rx-car-refinish","status":"publish","type":"product","link":"https:\/\/www.sistar.it\/es\/prodotti\/kit-rx-car-refinish\/","title":{"rendered":"KIT RX Car Refinish"},"content":{"rendered":"<p>Sistema de pulido desarrollado tras muchos a\u00f1os de experiencia en estrecha colaboraci\u00f3n con la industria del autom\u00f3vil, est\u00e1 especialmente indicado para la eliminaci\u00f3n r\u00e1pida de defectos de pintura como suciedad, hologramas y remolinos, devolviendo el color, mayor profundidad y brillo.<\/p>\n<p>El kit se suministra con una pr\u00e1ctica y espaciosa bolsa para facilitar su transporte y almacenamiento.<\/p>\n<p><strong>C\u00f3digo: 780.1419.KIT<\/strong><\/p>\n<p>El kit consta de:<\/p>\n<div id=\"footable_parent_24526\"\n         class=\" footable_parent ninja_table_wrapper loading_ninja_table wp_table_data_press_parent bootstrap4 colored_table\">\n                <table data-ninja_table_instance=\"ninja_table_instance_0\" data-footable_id=\"24526\" data-filter-delay=\"1000\" aria-label=\"KIT RX CAR REFINISH( SPAGNOLO )\"            id=\"footable_24526\"\n           data-unique_identifier=\"ninja_table_unique_id_558514868_24526\"\n           class=\" foo-table ninja_footable foo_table_24526 ninja_table_unique_id_558514868_24526 table  white nt_type_ajax_table table-hover vertical_centered inverted footable-paging-right ninja_table_search_disabled\">\n                <colgroup>\n                            <col class=\"ninja_column_0 \">\n                            <col class=\"ninja_column_1 \">\n                            <col class=\"ninja_column_2 \">\n                    <\/colgroup>\n            <\/table>\n                    <style type=\"text\/css\" id='ninja_table_custom_css_24526'>\n                        #footable_24526  {\n        font-family: sans-serif;\n        font-size: 14px;\n    }\n\n#footable_24526 td.ninja_column_0 { text-align: center; }#footable_24526 th.ninja_column_0 { text-align: center; }#footable_24526 td.ninja_column_1 { text-align: center; }#footable_24526 th.ninja_column_1 { text-align: center; }#footable_24526 td.ninja_column_2 { text-align: center; }#footable_24526 th.ninja_column_2 { text-align: center; }                <\/style>\n                \n    \n    \n<\/div>\n\n<div class=\"hidden\">780.1419.KIT, 785.5715, 780.1402, 780.1400, 780.1403, 780.1404, 780.1406.05, 785.11570-M, 785.11571-M, 785.11572-M, 785.11574, 785.5578, 785.11575, 911.1017<\/div>\n","protected":false},"excerpt":{"rendered":"<p><img loading=\"lazy\" class=\"alignnone size-full wp-image-26200\" src=\"https:\/\/www.sistar.it\/wp-content\/uploads\/2024\/04\/logo-riwax-180pxl.jpg\" alt=\"\" width=\"180\" height=\"64\" \/><\/p>\n","protected":false},"featured_media":24030,"template":"","meta":[],"product_cat":[328,372],"product_tag":[336],"acf":[],"_links":{"self":[{"href":"https:\/\/www.sistar.it\/es\/wp-json\/wp\/v2\/product\/24523"}],"collection":[{"href":"https:\/\/www.sistar.it\/es\/wp-json\/wp\/v2\/product"}],"about":[{"href":"https:\/\/www.sistar.it\/es\/wp-json\/wp\/v2\/types\/product"}],"wp:featuredmedia":[{"embeddable":true,"href":"https:\/\/www.sistar.it\/es\/wp-json\/wp\/v2\/media\/24030"}],"wp:attachment":[{"href":"https:\/\/www.sistar.it\/es\/wp-json\/wp\/v2\/media?parent=24523"}],"wp:term":[{"taxonomy":"product_cat","embeddable":true,"href":"https:\/\/www.sistar.it\/es\/wp-json\/wp\/v2\/product_cat?post=24523"},{"taxonomy":"product_tag","embeddable":true,"href":"https:\/\/www.sistar.it\/es\/wp-json\/wp\/v2\/product_tag?post=24523"}],"curies":[{"name":"wp","href":"https:\/\/api.w.org\/{rel}","templated":true}]}}