{"id":22996,"date":"2014-11-07T17:40:37","date_gmt":"2014-11-07T17:40:37","guid":{"rendered":"https:\/\/www.sistar.it\/prodotti\/betaseal-1590\/"},"modified":"2024-06-17T07:01:38","modified_gmt":"2024-06-17T07:01:38","slug":"betaseal-1590","status":"publish","type":"product","link":"https:\/\/www.sistar.it\/es\/prodotti\/betaseal-1590\/","title":{"rendered":"BETASEAL\u2122 1590 CT"},"content":{"rendered":"<p style=\"text-align: justify;\"><strong>Adhesivo \u201cTodo en uno\u201d: pegado y sellado en un solo producto<\/strong><\/p>\n<p>Adhesivo y sellador de poliuretano monocomponente, de aplicaci\u00f3n en fr\u00edo, para la sustituci\u00f3n de parabrisas, lunetas traseras y laterales de veh\u00edculos comerciales, autobuses, autocares, camiones.<\/p>\n<p>La tecnolog\u00eda exclusiva AINS (Estructura de red isotr\u00f3pica acelerada) asegura un sellado extraordinario.<\/p>\n<p>Tiempo abierto hasta 22 minutos.<\/p>\n<p>&nbsp;<\/p>\n<div id=\"footable_parent_22995\"\n         class=\" footable_parent ninja_table_wrapper loading_ninja_table wp_table_data_press_parent bootstrap4 \">\n                <table data-ninja_table_instance=\"ninja_table_instance_0\" data-footable_id=\"22995\" data-filter-delay=\"1000\" aria-label=\"Dupont BETASEAL 1590 CT( INGLESE )\"            id=\"footable_22995\"\n           data-unique_identifier=\"ninja_table_unique_id_1046919389_22995\"\n           class=\" foo-table ninja_footable foo_table_22995 ninja_table_unique_id_1046919389_22995 table  nt_type_ajax_table table-bordered table-hover table-sm vertical_centered  footable-paging-right ninja_table_search_disabled\">\n                <colgroup>\n                            <col class=\"ninja_column_0 \">\n                            <col class=\"ninja_column_1 \">\n                            <col class=\"ninja_column_2 \">\n                            <col class=\"ninja_column_3 \">\n                    <\/colgroup>\n            <\/table>\n                    <style type=\"text\/css\" id='ninja_table_custom_css_22995'>\n                        #footable_22995  {\n        font-family: sans-serif;\n        font-size: 14px;\n    }\n\n#footable_22995 td.ninja_column_0 { text-align: center; }#footable_22995 th.ninja_column_0 { text-align: center; }#footable_22995 td.ninja_column_1 { text-align: center; }#footable_22995 th.ninja_column_1 { text-align: center; }#footable_22995 td.ninja_column_2 { text-align: center; }#footable_22995 th.ninja_column_2 { text-align: center; }#footable_22995 td.ninja_column_3 { text-align: center; }#footable_22995 th.ninja_column_3 { text-align: center; }                <\/style>\n                \n    \n    \n<\/div>\n\n<div class=\"hidden\">730.1590CT.600<\/div>\n","protected":false},"excerpt":{"rendered":"<p>Adhesivo y sellador de poliuretano monocomponente &gt; 0,1 diisocianatos<\/p>\n<p><img loading=\"lazy\" class=\"wp-image-12730 alignleft\" src=\"http:\/\/www.sistar.it\/it\/wp-content\/uploads\/Logo-Dupont-300x84.jpg\" alt=\"Logo Dupont\" width=\"146\" height=\"41\" \/><\/p>\n","protected":false},"featured_media":16884,"template":"","meta":[],"product_cat":[297],"product_tag":[371],"acf":[],"_links":{"self":[{"href":"https:\/\/www.sistar.it\/es\/wp-json\/wp\/v2\/product\/22996"}],"collection":[{"href":"https:\/\/www.sistar.it\/es\/wp-json\/wp\/v2\/product"}],"about":[{"href":"https:\/\/www.sistar.it\/es\/wp-json\/wp\/v2\/types\/product"}],"wp:featuredmedia":[{"embeddable":true,"href":"https:\/\/www.sistar.it\/es\/wp-json\/wp\/v2\/media\/16884"}],"wp:attachment":[{"href":"https:\/\/www.sistar.it\/es\/wp-json\/wp\/v2\/media?parent=22996"}],"wp:term":[{"taxonomy":"product_cat","embeddable":true,"href":"https:\/\/www.sistar.it\/es\/wp-json\/wp\/v2\/product_cat?post=22996"},{"taxonomy":"product_tag","embeddable":true,"href":"https:\/\/www.sistar.it\/es\/wp-json\/wp\/v2\/product_tag?post=22996"}],"curies":[{"name":"wp","href":"https:\/\/api.w.org\/{rel}","templated":true}]}}