{"id":22974,"date":"2018-11-27T12:10:09","date_gmt":"2018-11-27T12:10:09","guid":{"rendered":"https:\/\/www.sistar.it\/prodotti\/betamate-2090-2\/"},"modified":"2024-03-22T10:48:26","modified_gmt":"2024-03-22T10:48:26","slug":"betamate-2090-2","status":"publish","type":"product","link":"https:\/\/www.sistar.it\/es\/prodotti\/betamate-2090-2\/","title":{"rendered":"BETAMATE \u2122 2090"},"content":{"rendered":"<p>Adhesivo epoxi 2K dise\u00f1ado para reparaciones y pegado estructural en veh\u00edculos.<\/p>\n<p>Aumenta la resistencia a los choques ofreciendo las mismas prestaciones que el montaje de los fabricantes de autom\u00f3viles.<\/p>\n<p>Tambi\u00e9n tiene excelentes propiedades anticorrosivas en intersecciones.<\/p>\n<p>Adem\u00e1s de los metales, tambi\u00e9n es adecuado para la uni\u00f3n por superposici\u00f3n de materiales compuestos.<\/p>\n<p>&nbsp;<\/p>\n<div id=\"footable_parent_22973\"\n         class=\" footable_parent ninja_table_wrapper loading_ninja_table wp_table_data_press_parent bootstrap4 \">\n                <table data-ninja_table_instance=\"ninja_table_instance_0\" data-footable_id=\"22973\" data-filter-delay=\"1000\" aria-label=\"Dupont BETAMATE 2090( INGLESE )\"            id=\"footable_22973\"\n           data-unique_identifier=\"ninja_table_unique_id_370586186_22973\"\n           class=\" foo-table ninja_footable foo_table_22973 ninja_table_unique_id_370586186_22973 table  nt_type_ajax_table table-bordered table-hover table-sm vertical_centered  footable-paging-right ninja_table_search_disabled\">\n                <colgroup>\n                            <col class=\"ninja_column_0 \">\n                            <col class=\"ninja_column_1 \">\n                            <col class=\"ninja_column_2 \">\n                            <col class=\"ninja_column_3 \">\n                    <\/colgroup>\n            <\/table>\n                    <style type=\"text\/css\" id='ninja_table_custom_css_22973'>\n                        #footable_22973  {\n        font-family: sans-serif;\n        font-size: 14px;\n    }\n\n#footable_22973 td.ninja_column_0 { text-align: center; }#footable_22973 th.ninja_column_0 { text-align: center; }#footable_22973 td.ninja_column_1 { text-align: center; }#footable_22973 th.ninja_column_1 { text-align: center; }#footable_22973 td.ninja_column_2 { text-align: center; }#footable_22973 th.ninja_column_2 { text-align: center; }#footable_22973 td.ninja_column_3 { text-align: center; }#footable_22973 th.ninja_column_3 { text-align: center; }                <\/style>\n                \n    \n    \n<\/div>\n\n<div class=\"hidden\">730.2090.215<\/div>\n","protected":false},"excerpt":{"rendered":"<p><img loading=\"lazy\" class=\"wp-image-12730 alignleft\" src=\"http:\/\/www.sistar.it\/it\/wp-content\/uploads\/Logo-Dupont-300x84.jpg\" alt=\"Logo Dupont\" width=\"146\" height=\"41\" \/><\/p>\n<p>&nbsp;<\/p>\n<p>&nbsp;<\/p>\n<p>&nbsp;<\/p>\n","protected":false},"featured_media":22895,"template":"","meta":[],"product_cat":[297],"product_tag":[371],"acf":[],"_links":{"self":[{"href":"https:\/\/www.sistar.it\/es\/wp-json\/wp\/v2\/product\/22974"}],"collection":[{"href":"https:\/\/www.sistar.it\/es\/wp-json\/wp\/v2\/product"}],"about":[{"href":"https:\/\/www.sistar.it\/es\/wp-json\/wp\/v2\/types\/product"}],"wp:featuredmedia":[{"embeddable":true,"href":"https:\/\/www.sistar.it\/es\/wp-json\/wp\/v2\/media\/22895"}],"wp:attachment":[{"href":"https:\/\/www.sistar.it\/es\/wp-json\/wp\/v2\/media?parent=22974"}],"wp:term":[{"taxonomy":"product_cat","embeddable":true,"href":"https:\/\/www.sistar.it\/es\/wp-json\/wp\/v2\/product_cat?post=22974"},{"taxonomy":"product_tag","embeddable":true,"href":"https:\/\/www.sistar.it\/es\/wp-json\/wp\/v2\/product_tag?post=22974"}],"curies":[{"name":"wp","href":"https:\/\/api.w.org\/{rel}","templated":true}]}}