{"id":22961,"date":"2023-01-26T16:22:04","date_gmt":"2023-01-26T16:22:04","guid":{"rendered":"https:\/\/www.sistar.it\/prodotti\/betafill-216-217-218\/"},"modified":"2024-06-17T07:35:55","modified_gmt":"2024-06-17T07:35:55","slug":"betafill-216-217-218","status":"publish","type":"product","link":"https:\/\/www.sistar.it\/es\/prodotti\/betafill-216-217-218\/","title":{"rendered":"BETAFILL\u2122 216 &#8211; 217 &#8211; 218"},"content":{"rendered":"<p>Sellador de poliuretano monocomponente de elasticidad permanente, reticulable con la humedad y con buena adherencia a diversos materiales.<\/p>\n<p>Ideal para rellenar entre l\u00e1minas de metal y acabados en reparaci\u00f3n de autom\u00f3viles.<\/p>\n<p>Tambi\u00e9n se utiliza como adhesivo no estructural para unir metales.<\/p>\n<p>Se puede lijar y pintar con casi todas las pinturas a m\u00e1s tardar 30 minutos despu\u00e9s de la formaci\u00f3n de la piel.<\/p>\n<p>&nbsp;<\/p>\n<div id=\"footable_parent_22960\"\n         class=\" footable_parent ninja_table_wrapper loading_ninja_table wp_table_data_press_parent bootstrap4 \">\n                <table data-ninja_table_instance=\"ninja_table_instance_0\" data-footable_id=\"22960\" data-filter-delay=\"1000\" aria-label=\"Dupont BETASEAL 216-217-218( INGLESE )\"            id=\"footable_22960\"\n           data-unique_identifier=\"ninja_table_unique_id_327500818_22960\"\n           class=\" foo-table ninja_footable foo_table_22960 ninja_table_unique_id_327500818_22960 table  nt_type_ajax_table table-bordered table-hover table-sm vertical_centered  footable-paging-right ninja_table_search_disabled\">\n                <colgroup>\n                            <col class=\"ninja_column_0 \">\n                            <col class=\"ninja_column_1 \">\n                            <col class=\"ninja_column_2 \">\n                            <col class=\"ninja_column_3 \">\n                    <\/colgroup>\n            <\/table>\n                    <style type=\"text\/css\" id='ninja_table_custom_css_22960'>\n                        #footable_22960  {\n        font-family: sans-serif;\n        font-size: 14px;\n    }\n\n#footable_22960 td.ninja_column_0 { text-align: center; }#footable_22960 th.ninja_column_0 { text-align: center; }#footable_22960 td.ninja_column_1 { text-align: center; }#footable_22960 th.ninja_column_1 { text-align: center; }#footable_22960 td.ninja_column_2 { text-align: center; }#footable_22960 th.ninja_column_2 { text-align: center; }#footable_22960 td.ninja_column_3 { text-align: center; }#footable_22960 th.ninja_column_3 { text-align: center; }                <\/style>\n                \n    \n    \n<\/div>\n\n<div class=\"hidden\">730.0216.310, 730.0217.310, 730.0218.310<\/div>\n","protected":false},"excerpt":{"rendered":"<p>Sellador de poliuretano monocomponente &gt; 0,1 de diisocianatos<\/p>\n<p><img loading=\"lazy\" class=\"alignleft wp-image-12730\" src=\"http:\/\/www.sistar.it\/it\/wp-content\/uploads\/Logo-Dupont-300x84.jpg\" alt=\"Logo Dupont\" width=\"146\" height=\"41\" \/><\/p>\n","protected":false},"featured_media":22900,"template":"","meta":[],"product_cat":[297],"product_tag":[],"acf":[],"_links":{"self":[{"href":"https:\/\/www.sistar.it\/es\/wp-json\/wp\/v2\/product\/22961"}],"collection":[{"href":"https:\/\/www.sistar.it\/es\/wp-json\/wp\/v2\/product"}],"about":[{"href":"https:\/\/www.sistar.it\/es\/wp-json\/wp\/v2\/types\/product"}],"wp:featuredmedia":[{"embeddable":true,"href":"https:\/\/www.sistar.it\/es\/wp-json\/wp\/v2\/media\/22900"}],"wp:attachment":[{"href":"https:\/\/www.sistar.it\/es\/wp-json\/wp\/v2\/media?parent=22961"}],"wp:term":[{"taxonomy":"product_cat","embeddable":true,"href":"https:\/\/www.sistar.it\/es\/wp-json\/wp\/v2\/product_cat?post=22961"},{"taxonomy":"product_tag","embeddable":true,"href":"https:\/\/www.sistar.it\/es\/wp-json\/wp\/v2\/product_tag?post=22961"}],"curies":[{"name":"wp","href":"https:\/\/api.w.org\/{rel}","templated":true}]}}