{"id":22864,"date":"2013-06-21T11:59:46","date_gmt":"2013-06-21T11:59:46","guid":{"rendered":"https:\/\/www.sistar.it\/prodotti\/sistar-f2cv-active-carbon\/"},"modified":"2025-07-29T15:06:05","modified_gmt":"2025-07-29T15:06:05","slug":"sistar-f2cv-carbon-activado","status":"publish","type":"product","link":"https:\/\/www.sistar.it\/es\/prodotti\/sistar-f2cv-carbon-activado\/","title":{"rendered":"Sistar F2CV \u2013 Carb\u00f3n activado"},"content":{"rendered":"<p>M\u00e1scara filtrante en forma de concha FFP2 OV NR D con carb\u00f3n activado y v\u00e1lvula de exhalaci\u00f3n.<\/p>\n<p>Protecci\u00f3n de part\u00edculas t\u00f3xicas s\u00f3lidas y l\u00edquidas hasta 12 x TLV.<\/p>\n<p>Apto para el lijado en el sector de la carrocer\u00eda y n\u00e1utica, para la soldadura, para la pintura y el uso de solventes con vapores en concentraciones no peligrosas (inferiores a TLV), para protecci\u00f3n contra polvos t\u00f3xicos y aerosoles.<\/p>\n<p>FFP2 OV NR D<br \/>\nEN149:2001+A1:2009<br \/>\nDPI cat. III<br \/>\nCE 0426<\/p>\n<div id=\"footable_parent_22863\"\n         class=\" footable_parent ninja_table_wrapper loading_ninja_table wp_table_data_press_parent bootstrap4 colored_table\">\n                <table data-ninja_table_instance=\"ninja_table_instance_0\" data-footable_id=\"22863\" data-filter-delay=\"1000\" aria-label=\"SISTAR F2CV( INGLESE )\"            id=\"footable_22863\"\n           data-unique_identifier=\"ninja_table_unique_id_1397063738_22863\"\n           class=\" foo-table ninja_footable foo_table_22863 ninja_table_unique_id_1397063738_22863 table  white nt_type_ajax_table table-hover vertical_centered inverted footable-paging-right ninja_table_search_disabled\">\n                <colgroup>\n                            <col class=\"ninja_column_0 \">\n                            <col class=\"ninja_column_1 \">\n                    <\/colgroup>\n            <\/table>\n                    <style type=\"text\/css\" id='ninja_table_custom_css_22863'>\n                        #footable_22863  {\n        font-family: sans-serif;\n        font-size: 14px;\n    }\n\n#footable_22863 td.ninja_column_0 { text-align: center; }#footable_22863 th.ninja_column_0 { text-align: center; }#footable_22863 td.ninja_column_1 { text-align: center; }#footable_22863 th.ninja_column_1 { text-align: center; }                <\/style>\n                \n    \n    \n<\/div>\n\n<div class=\"hidden\">501.2054<\/div>\n","protected":false},"excerpt":{"rendered":"<p>&nbsp;<\/p>\n<p><a href=\"http:\/\/www.sistar.it\/it\/wp-content\/uploads\/Made-in-Italy1.jpg\"><img loading=\"lazy\" class=\"alignnone size-full wp-image-5418\" src=\"http:\/\/www.sistar.it\/it\/wp-content\/uploads\/Made-in-Italy1.jpg\" alt=\"Made in Italy\" width=\"303\" height=\"70\" \/><\/a><\/p>\n","protected":false},"featured_media":19977,"template":"","meta":[],"product_cat":[355],"product_tag":[],"acf":[],"_links":{"self":[{"href":"https:\/\/www.sistar.it\/es\/wp-json\/wp\/v2\/product\/22864"}],"collection":[{"href":"https:\/\/www.sistar.it\/es\/wp-json\/wp\/v2\/product"}],"about":[{"href":"https:\/\/www.sistar.it\/es\/wp-json\/wp\/v2\/types\/product"}],"wp:featuredmedia":[{"embeddable":true,"href":"https:\/\/www.sistar.it\/es\/wp-json\/wp\/v2\/media\/19977"}],"wp:attachment":[{"href":"https:\/\/www.sistar.it\/es\/wp-json\/wp\/v2\/media?parent=22864"}],"wp:term":[{"taxonomy":"product_cat","embeddable":true,"href":"https:\/\/www.sistar.it\/es\/wp-json\/wp\/v2\/product_cat?post=22864"},{"taxonomy":"product_tag","embeddable":true,"href":"https:\/\/www.sistar.it\/es\/wp-json\/wp\/v2\/product_tag?post=22864"}],"curies":[{"name":"wp","href":"https:\/\/api.w.org\/{rel}","templated":true}]}}