{"id":22859,"date":"2013-06-24T09:43:10","date_gmt":"2013-06-24T09:43:10","guid":{"rendered":"https:\/\/www.sistar.it\/prodotti\/elipse-spr359-2\/"},"modified":"2024-06-14T07:48:04","modified_gmt":"2024-06-14T07:48:04","slug":"elipse-spr359-2","status":"publish","type":"product","link":"https:\/\/www.sistar.it\/es\/prodotti\/elipse-spr359-2\/","title":{"rendered":"ELIPSE SPR 504"},"content":{"rendered":"<p style=\"text-align: justify;\">Media m\u00e1scara con doble filtro, filtros FFA1-P3 RD no reemplazables, sin necesidad de mantenimiento.<\/p>\n<p style=\"text-align: justify;\">Protege de gases, vapores org\u00e1nicos, polvo, vapores met\u00e1licos, nieblas, microorganismos, como bacterias y virus.<\/p>\n<p style=\"text-align: justify;\">Filtro de carb\u00f3n activado de alta eficiencia. Protecci\u00f3n multiusos para sustancias en concentraciones hasta 1.000 ppm y contra polvos y nieblas hasta 50 TLV.<\/p>\n<p>EN405:2001 + A1:2009<br \/>\nDPI Cat. III<br \/>\n<strong>CE<\/strong> 2797<\/p>\n<p>&nbsp;<\/p>\n<div id=\"footable_parent_22858\"\n         class=\" footable_parent ninja_table_wrapper loading_ninja_table wp_table_data_press_parent bootstrap4 colored_table\">\n                <table data-ninja_table_instance=\"ninja_table_instance_0\" data-footable_id=\"22858\" data-filter-delay=\"1000\" aria-label=\"ELIPSE SPR 504( INGLESE )\"            id=\"footable_22858\"\n           data-unique_identifier=\"ninja_table_unique_id_819940211_22858\"\n           class=\" foo-table ninja_footable foo_table_22858 ninja_table_unique_id_819940211_22858 table  white nt_type_ajax_table table-hover vertical_centered inverted footable-paging-right ninja_table_search_disabled\">\n                <colgroup>\n                            <col class=\"ninja_column_0 \">\n                            <col class=\"ninja_column_1 \">\n                    <\/colgroup>\n            <\/table>\n                    <style type=\"text\/css\" id='ninja_table_custom_css_22858'>\n                        #footable_22858  {\n        font-family: sans-serif;\n        font-size: 14px;\n    }\n\n#footable_22858 td.ninja_column_0 { text-align: center; }#footable_22858 th.ninja_column_0 { text-align: center; }#footable_22858 td.ninja_column_1 { text-align: center; }#footable_22858 th.ninja_column_1 { text-align: center; }                <\/style>\n                \n    \n    \n<\/div>\n\n<div class=\"hidden\">503.0359.L<\/div>\n","protected":false},"excerpt":{"rendered":"<p>Media m\u00e1scara con doble filtro, filtros FFA1-P3 RD no reemplazables, sin necesidad de mantenimiento. Protege de gases, vapores org\u00e1nicos, polvo, vapores met\u00e1licos, nieblas, microorganismos, como bacterias y virus. Filtro de carb\u00f3n activado de alta eficiencia. Protecci\u00f3n multiusos para sustancias en concentraciones hasta 1.000 ppm y contra polvos y nieblas hasta 50 TLV. EN405:2001 + A1:2009&#8230;<\/p>\n","protected":false},"featured_media":20005,"template":"","meta":[],"product_cat":[355],"product_tag":[],"acf":[],"_links":{"self":[{"href":"https:\/\/www.sistar.it\/es\/wp-json\/wp\/v2\/product\/22859"}],"collection":[{"href":"https:\/\/www.sistar.it\/es\/wp-json\/wp\/v2\/product"}],"about":[{"href":"https:\/\/www.sistar.it\/es\/wp-json\/wp\/v2\/types\/product"}],"wp:featuredmedia":[{"embeddable":true,"href":"https:\/\/www.sistar.it\/es\/wp-json\/wp\/v2\/media\/20005"}],"wp:attachment":[{"href":"https:\/\/www.sistar.it\/es\/wp-json\/wp\/v2\/media?parent=22859"}],"wp:term":[{"taxonomy":"product_cat","embeddable":true,"href":"https:\/\/www.sistar.it\/es\/wp-json\/wp\/v2\/product_cat?post=22859"},{"taxonomy":"product_tag","embeddable":true,"href":"https:\/\/www.sistar.it\/es\/wp-json\/wp\/v2\/product_tag?post=22859"}],"curies":[{"name":"wp","href":"https:\/\/api.w.org\/{rel}","templated":true}]}}